{"id":2101,"date":"2024-03-05T20:44:48","date_gmt":"2024-03-05T23:44:48","guid":{"rendered":"https:\/\/www.lojafare.com.br\/?page_id=2101"},"modified":"2024-03-05T20:54:12","modified_gmt":"2024-03-05T23:54:12","slug":"quem-somos","status":"publish","type":"page","link":"https:\/\/www.lojafare.com.br\/?page_id=2101","title":{"rendered":"Quem Somos"},"content":{"rendered":"<p><span style=\"font-size: 130%;\"><strong>SEJA BEM-VINDO A LOJA FARE<\/strong><\/span><\/p>\n<p>Ind\u00fastria Nacional, fundada em abril de 2000, produz o que h\u00e1 de melhor em botas t\u00e1ticas, coletes modulares, uniformes e equipamentos.<\/p>\n<p>Conta com uma equipe de profissionais qualificados e dedicados em servir aqueles que garantem a Ordem e o Progresso.<\/p>\n<p>Utiliza o que h\u00e1 de melhor em mat\u00e9ria prima dispon\u00edvel no mundo:<\/p>\n<p>Cordura Brand Invista, Z\u00edper YKK, Velcro original, materiais licenciados U.S.A. 1947 LLC, Brookwood Companies, Schott Performance Fabric Inc.<\/p>\n<p>Tem como principais clientes:<\/p>\n<p>Seguran\u00e7a P\u00fablica, Defesa, lojistas e distribuidores do segmento militar no Brasil e no Exterior.<\/p>\n<p><strong>Contate-nos para maiores informa\u00e7\u00f5es:<\/strong><\/p>\n<ul>\n<li><strong>E-mail<\/strong>: contato@lojafare.com.br (Atendimento Geral)<\/li>\n<li><strong>Whatsapp:<\/strong> +55 38 99123-4036<\/li>\n<\/ul>\n<p><strong>Hor\u00e1rio de atendimento:<\/strong><\/p>\n<ul>\n<li>Segunda \u00e0 Quinta: 07:00 as 17:00 hrs<\/li>\n<li>Sexta: 07:00 \u00e0s 16:00 hrs<\/li>\n<\/ul>\n<p>LOJA FARE &#8211; LOJA T\u00c1TICA<br \/>\nENDERE\u00c7O: Pra\u00e7a Beato Francisco Col, 23 &#8211; Maracan\u00e3,<br \/>\nMONTES CLAROS \u2013 MG \u2013 CEP 39403-081<\/p>\n<p><strong><em>BRASIL ACIMA DE TUDO, DEUS ACIMA DE TODOS!<\/em><\/strong><\/p>\n","protected":false},"excerpt":{"rendered":"<p>SEJA BEM-VINDO A LOJA FARE Ind\u00fastria Nacional, fundada em abril de 2000, produz o que h\u00e1 de melhor em botas t\u00e1ticas, coletes modulares, uniformes e equipamentos. Conta com uma equipe de profissionais qualificados e dedicados em servir aqueles que garantem a Ordem e o Progresso. Utiliza o que h\u00e1 de melhor em mat\u00e9ria prima dispon\u00edvel [&#8230;]\n","protected":false},"author":2,"featured_media":0,"parent":0,"menu_order":0,"comment_status":"closed","ping_status":"closed","template":"","meta":{"_joinchat":[],"footnotes":""},"class_list":["post-2101","page","type-page","status-publish","hentry"],"jetpack_sharing_enabled":true,"_links":{"self":[{"href":"https:\/\/www.lojafare.com.br\/index.php?rest_route=\/wp\/v2\/pages\/2101","targetHints":{"allow":["GET"]}}],"collection":[{"href":"https:\/\/www.lojafare.com.br\/index.php?rest_route=\/wp\/v2\/pages"}],"about":[{"href":"https:\/\/www.lojafare.com.br\/index.php?rest_route=\/wp\/v2\/types\/page"}],"author":[{"embeddable":true,"href":"https:\/\/www.lojafare.com.br\/index.php?rest_route=\/wp\/v2\/users\/2"}],"replies":[{"embeddable":true,"href":"https:\/\/www.lojafare.com.br\/index.php?rest_route=%2Fwp%2Fv2%2Fcomments&post=2101"}],"version-history":[{"count":9,"href":"https:\/\/www.lojafare.com.br\/index.php?rest_route=\/wp\/v2\/pages\/2101\/revisions"}],"predecessor-version":[{"id":2110,"href":"https:\/\/www.lojafare.com.br\/index.php?rest_route=\/wp\/v2\/pages\/2101\/revisions\/2110"}],"wp:attachment":[{"href":"https:\/\/www.lojafare.com.br\/index.php?rest_route=%2Fwp%2Fv2%2Fmedia&parent=2101"}],"curies":[{"name":"wp","href":"https:\/\/api.w.org\/{rel}","templated":true}]}}