{"id":2115,"date":"2024-03-05T21:15:37","date_gmt":"2024-03-06T00:15:37","guid":{"rendered":"https:\/\/www.lojafare.com.br\/?page_id=2115"},"modified":"2024-03-05T21:16:03","modified_gmt":"2024-03-06T00:16:03","slug":"formas-de-pagamento","status":"publish","type":"page","link":"https:\/\/www.lojafare.com.br\/?page_id=2115","title":{"rendered":"Formas de Pagamento"},"content":{"rendered":"<h2>Quais s\u00e3o as formas de pagamento aceitas no site?<\/h2>\n<p>Na LOJA FARE temos o <strong>MERCADO PAGO <\/strong>como parceiro, pois reune os melhores meios de pagamento para que voc\u00ea tenha \u00e0 m\u00e3o v\u00e1rias alternativas para pagar as suas compras. Veja abaixo:<\/p>\n<hr \/>\n<h2>Cart\u00e3o de cr\u00e9dito em at\u00e9 6 vezes sem juros para compras online<\/h2>\n<p>Digite os dados do seu cart\u00e3o de cr\u00e9dito quando for pagar e pronto! Na pr\u00f3xima vez que quiser usar este cart\u00e3o, s\u00f3 pediremos o c\u00f3digo de seguran\u00e7a.<\/p>\n<p><img decoding=\"async\" class=\"lazy-load-active\" src=\"https:\/\/airstep.com.br\/formas-de-pagamento\/%7B%7Bmedia%20url=\" alt=\"\" data-src=\"{{media url=\" \/><\/p>\n<p><strong>PAGAMENTO PELO CART\u00c3O A APROVA\u00c7\u00c3O \u00c9 INSTANT\u00c2NEA!<\/strong><\/p>\n<hr \/>\n<h2>\u00c0 vista com boleto banc\u00e1rio<\/h2>\n<p>Contaremos como fazer o pagamento. Voc\u00ea pode ir ao banco, correspondentes banc\u00e1rios ou pagar online e evitar filas.<\/p>\n<div class=\"box-cinza\">\n<p>ATEN\u00c7\u00c3O:<\/p>\n<p>Lembre-se, nunca pague um boleto enviado diretamente pelo vendedor. Ao finalizar a compra, imprima o seu pr\u00f3prio boleto ou atrav\u00e8s da sua \u00c1rea de Cliente na AIRSTEP ou pelo email com a Logo e o email vendas@agaefe.com.br.<\/p>\n<\/div>\n<p><img decoding=\"async\" class=\"lazy-load-active\" src=\"https:\/\/airstep.com.br\/formas-de-pagamento\/%7B%7Bmedia%20url=\" alt=\"\" data-src=\"{{media url=\" \/><\/p>\n<div class=\"box-cinza\">\n<p>ATEN\u00c7\u00c3O:<\/p>\n<p>A identifica\u00e7\u00e3o ocorrer\u00e1 at\u00e9 \u00e0s 18h do pr\u00f3ximo dia \u00fatil.<\/p>\n<p>Em quais casos pode demorar 2 dias \u00fateis?<\/p>\n<ul>\n<li><strong>Pagamentos realizados no fim de semana<\/strong>\u00a0ser\u00e3o identificados at\u00e9 \u00e0s 18h da ter\u00e7a-feira.<\/li>\n<li><strong>Em caso de feriados<\/strong>, ser\u00e1 identificado at\u00e9 \u00e0s 18h do segundo dia \u00fatil subsequente ao feriado.<\/li>\n<li>Pagamentos realizados em correspondentes banc\u00e1rios, como casas lot\u00e9ricas, supermercados e outros podem ultrapassar este prazo.<\/li>\n<\/ul>\n<\/div>\n<hr \/>\n<h2>Transfer\u00eancia via Pix<\/h2>\n<p>Essa op\u00e7\u00e3o de pagamento \u00e9 segura, r\u00e1pida e tende a ser cada vez mais utilizada. Voc\u00ea transfere o dinheiro direto, sem burocracia!<\/p>\n","protected":false},"excerpt":{"rendered":"<p>Quais s\u00e3o as formas de pagamento aceitas no site? Na LOJA FARE temos o MERCADO PAGO como parceiro, pois reune os melhores meios de pagamento para que voc\u00ea tenha \u00e0 m\u00e3o v\u00e1rias alternativas para pagar as suas compras. Veja abaixo: Cart\u00e3o de cr\u00e9dito em at\u00e9 6 vezes sem juros para compras online Digite os dados [&#8230;]\n","protected":false},"author":2,"featured_media":0,"parent":0,"menu_order":0,"comment_status":"closed","ping_status":"closed","template":"","meta":{"_joinchat":[],"footnotes":""},"class_list":["post-2115","page","type-page","status-publish","hentry"],"jetpack_sharing_enabled":true,"_links":{"self":[{"href":"https:\/\/www.lojafare.com.br\/index.php?rest_route=\/wp\/v2\/pages\/2115","targetHints":{"allow":["GET"]}}],"collection":[{"href":"https:\/\/www.lojafare.com.br\/index.php?rest_route=\/wp\/v2\/pages"}],"about":[{"href":"https:\/\/www.lojafare.com.br\/index.php?rest_route=\/wp\/v2\/types\/page"}],"author":[{"embeddable":true,"href":"https:\/\/www.lojafare.com.br\/index.php?rest_route=\/wp\/v2\/users\/2"}],"replies":[{"embeddable":true,"href":"https:\/\/www.lojafare.com.br\/index.php?rest_route=%2Fwp%2Fv2%2Fcomments&post=2115"}],"version-history":[{"count":2,"href":"https:\/\/www.lojafare.com.br\/index.php?rest_route=\/wp\/v2\/pages\/2115\/revisions"}],"predecessor-version":[{"id":2117,"href":"https:\/\/www.lojafare.com.br\/index.php?rest_route=\/wp\/v2\/pages\/2115\/revisions\/2117"}],"wp:attachment":[{"href":"https:\/\/www.lojafare.com.br\/index.php?rest_route=%2Fwp%2Fv2%2Fmedia&parent=2115"}],"curies":[{"name":"wp","href":"https:\/\/api.w.org\/{rel}","templated":true}]}}