{"id":2119,"date":"2024-03-05T21:21:17","date_gmt":"2024-03-06T00:21:17","guid":{"rendered":"https:\/\/www.lojafare.com.br\/?page_id=2119"},"modified":"2024-03-05T21:21:17","modified_gmt":"2024-03-06T00:21:17","slug":"entrega-e-frete","status":"publish","type":"page","link":"https:\/\/www.lojafare.com.br\/?page_id=2119","title":{"rendered":"Entrega e Frete"},"content":{"rendered":"<h2>ENTREGA DOS PEDIDOS<\/h2>\n<p>Todos os produtos comercializados no site, al\u00e9m da embalagem, s\u00e3o enviados em caixas ou envelopes exclusivos, e embalados com muito cuidado e aten\u00e7\u00e3o para garantir a qualidade dos produtos e evitar avarias.<\/p>\n<p><strong>IMPORTANTE!:<\/strong>\u00a0Antes de receber a entrega, verifique se o pacote n\u00e3o est\u00e1 violado. Caso esteja,\u00a0<strong>N\u00c3O<\/strong>\u00a0aceite o pacote e entre em contato com a Central de Atendimento Airstep. Se notar que o pedido foi violado somente depois de receb\u00ea-lo, por favor, entre em contato com a gente em at\u00e9 48 horas.<\/p>\n<p><strong>MUITO IMPORTANTE!<\/strong>\u00a0Quando a entrega for realizada pelos Correios em endere\u00e7os de dif\u00edcil acesso ou de risco, seu pedido poder\u00e1 ser direcionado para retirada na unidade dos Correios mais pr\u00f3xima ao CEP do destinat\u00e1rio. A cobran\u00e7a do frete, se realizada no momento do fechamento da compra, continuar\u00e1 valendo independentemente se a entrega for realizada no endere\u00e7o indicado ou em uma ag\u00eancia dos Correios.<\/p>\n<h2>COMO POSSO ACOMPANHAR MEU PEDIDO?<\/h2>\n<p>Para acompanhar a entrega de sua encomenda em nosso site, acesse \u201c\u00a0<a href=\"https:\/\/airstep.com.br\/envio-e-frete\/%7B%7Bstore%20direct_url=\"><strong>Entrar<\/strong><\/a>\u201d e, sucessivamente, v\u00e1 em\u00a0<a href=\"https:\/\/airstep.com.br\/envio-e-frete\/%7B%7Bstore%20direct_url=\">\u201c<strong>Meus pedidos<\/strong>\u201c<\/a>.<\/p>\n<p>Voc\u00ea visualizar\u00e1 o status das entregas. Enviaremos tamb\u00e9m um e-mail com o c\u00f3digo de rastreamento de cada encomenda.<\/p>\n<p><strong>MUITO IMPORTANTE!<\/strong>\u00a0Ser\u00e3o feitas at\u00e9 3 tentativas de entrega: em caso de aus\u00eancia do destinat\u00e1rio ou de um respons\u00e1vel pelo recebimento, o produto voltar\u00e1 ao remetente. N\u00e3o realizamos entregas no exterior. N\u00e3o entregamos em caixa postal.<\/p>\n<h2>QUAL O PRAZO DE ENTREGA DO MEU PEDIDO?<\/h2>\n<p>Ap\u00f3s inserir o produto no carrinho, informe seu CEP e, na mesma p\u00e1gina, voc\u00ea poder\u00e1 consultar os tipos de entrega dispon\u00edveis para a sua regi\u00e3o.<\/p>\n<p><strong>MUITO IMPORTANTE!<\/strong>\u00a0Os prazos de entrega s\u00e3o calculados a partir da data de aprova\u00e7\u00e3o do pagamento e variam de acordo com a modalidade de entrega escolhida e CEP informado.<\/p>\n<h2>PORQUE O PRAZO DE ENTREGA DE ALGUNS PEDIDOS \u00c9 MAIOR?<\/h2>\n<p>Alguns produtos possuem prazos de entrega mais longos porque possuem grande porte.<\/p>\n<p>Esses produtos ficam armazenados em estoques fora da nossa empresa, normalmente nos estabelecimentos dos fornecedores. Somente ap\u00f3s a confirma\u00e7\u00e3o do pagamento s\u00e3o transferidos para nossa empresa, onde s\u00e3o conferidos, embalados e enviados para voc\u00ea.<\/p>\n","protected":false},"excerpt":{"rendered":"<p>ENTREGA DOS PEDIDOS Todos os produtos comercializados no site, al\u00e9m da embalagem, s\u00e3o enviados em caixas ou envelopes exclusivos, e embalados com muito cuidado e aten\u00e7\u00e3o para garantir a qualidade dos produtos e evitar avarias. IMPORTANTE!:\u00a0Antes de receber a entrega, verifique se o pacote n\u00e3o est\u00e1 violado. Caso esteja,\u00a0N\u00c3O\u00a0aceite o pacote e entre em contato [&#8230;]\n","protected":false},"author":2,"featured_media":0,"parent":0,"menu_order":0,"comment_status":"closed","ping_status":"closed","template":"","meta":{"_joinchat":[],"footnotes":""},"class_list":["post-2119","page","type-page","status-publish","hentry"],"jetpack_sharing_enabled":true,"_links":{"self":[{"href":"https:\/\/www.lojafare.com.br\/index.php?rest_route=\/wp\/v2\/pages\/2119","targetHints":{"allow":["GET"]}}],"collection":[{"href":"https:\/\/www.lojafare.com.br\/index.php?rest_route=\/wp\/v2\/pages"}],"about":[{"href":"https:\/\/www.lojafare.com.br\/index.php?rest_route=\/wp\/v2\/types\/page"}],"author":[{"embeddable":true,"href":"https:\/\/www.lojafare.com.br\/index.php?rest_route=\/wp\/v2\/users\/2"}],"replies":[{"embeddable":true,"href":"https:\/\/www.lojafare.com.br\/index.php?rest_route=%2Fwp%2Fv2%2Fcomments&post=2119"}],"version-history":[{"count":1,"href":"https:\/\/www.lojafare.com.br\/index.php?rest_route=\/wp\/v2\/pages\/2119\/revisions"}],"predecessor-version":[{"id":2120,"href":"https:\/\/www.lojafare.com.br\/index.php?rest_route=\/wp\/v2\/pages\/2119\/revisions\/2120"}],"wp:attachment":[{"href":"https:\/\/www.lojafare.com.br\/index.php?rest_route=%2Fwp%2Fv2%2Fmedia&parent=2119"}],"curies":[{"name":"wp","href":"https:\/\/api.w.org\/{rel}","templated":true}]}}