{"id":3,"date":"2024-01-10T13:59:27","date_gmt":"2024-01-10T13:59:27","guid":{"rendered":"https:\/\/www.lojafare.com.br\/?page_id=3"},"modified":"2024-03-05T16:23:41","modified_gmt":"2024-03-05T19:23:41","slug":"privacy-policy","status":"publish","type":"page","link":"https:\/\/www.lojafare.com.br\/?page_id=3","title":{"rendered":"Pol\u00edtica de Privacidade"},"content":{"rendered":"<p>N\u00f3s da <strong>LOJA FARE <\/strong>levamos sua privacidade a s\u00e9rio. Solicitamos suas informa\u00e7\u00f5es pessoais para garantir um atendimento personalizado e de qualidade.<\/p>\n<p>Somente atrav\u00e9s do formul\u00e1rio de cadastro, voc\u00ea poder\u00e1 adquirir os produtos da \u00a0<strong>LOJA FARE,<\/strong>\u00a0al\u00e9m disso, permite que voc\u00ea aproveite outras vantagens como tirar d\u00favidas, participar de enquetes, acompanhar promo\u00e7\u00f5es e novidades peri\u00f3dicas do site.<\/p>\n<p><strong>SEGURAN\u00c7A DOS DADOS<\/strong><\/p>\n<p>Garantimos a seguran\u00e7a de seus dados pessoais com o mesmo cuidado, empenho e profissionalismo que temos ao criar nossos produtos, asseguramos jamais comercializar ou divulgar qualquer informa\u00e7\u00e3o pessoal, ressaltando que, apenas funcion\u00e1rios credenciados tem acesso a estas informa\u00e7\u00f5es e no caso de qualquer eventualidade, estar\u00e3o sujeitos a puni\u00e7\u00f5es legais.<\/p>\n<p>Os\u00a0<strong><em>cookies<\/em><\/strong>\u00a0permitem o reconhecimento dos computadores que acessam nosso site e acompanham a navega\u00e7\u00e3o do usu\u00e1rio, personalizando de acordo com o perfil de cada cliente. Estes dados n\u00e3o armazenam nenhuma informa\u00e7\u00e3o pessoal, apenas informa\u00e7\u00f5es de login do usu\u00e1rio. De qualquer forma, voc\u00ea pode descartar os\u00a0<em><strong>cookies<\/strong><\/em>\u00a0de seu computador quando desejar ou ainda configurar seu navegador de internet para rejeitar\u00a0<em><strong>cookies<\/strong><\/em>.<\/p>\n<p>A <strong>LOJA FARE<\/strong><strong>\u00a0<\/strong>far\u00e1 o poss\u00edvel para manter a privacidade dos dados pessoais dos usu\u00e1rios armazenados em sua base, comprometendo-se a utilizar tecnologia que seja suficientemente adequada para a prote\u00e7\u00e3o de tais dados, procurando manter o ambiente seguro com uso de ferramentas apropriadas e sempre observando o estado da t\u00e9cnica dispon\u00edvel.<\/p>\n<p><strong>CART\u00d5ES DE CR\u00c9DITO E INFORMA\u00c7\u00d5ES BANC\u00c1RIAS<\/strong><\/p>\n<p>Quaisquer tipo de informa\u00e7\u00f5es banc\u00e1rias ou de Cart\u00f5es de Cr\u00e9dito s\u00e3o asseguradas pela tecnologia criptografada do\u00a0<strong>Certificado de Seguran\u00e7a SSL 128bits\u00a0<\/strong>fornecido pela\u00a0<strong>COMMODO<\/strong>\u00a0que interage na negocia\u00e7\u00e3o entre voc\u00ea e nossa loja virtual. Ou seja, n\u00e3o temos acesso a essas informa\u00e7\u00f5es em nosso site.<\/p>\n<p>Temos o compromisso de sempre aprimorar nosso trabalho, assim divulgaremos publicamente quaisquer modifica\u00e7\u00f5es nesta pol\u00edtica de privacidade. Voc\u00ea tem voz na <strong>LOJA FARE<\/strong>, mantemos v\u00e1rios canais abertos para esclarecer d\u00favidas e recebermos sugest\u00f5es. Estamos totalmente \u00e0 disposi\u00e7\u00e3o.<\/p>\n","protected":false},"excerpt":{"rendered":"<p>N\u00f3s da LOJA FARE levamos sua privacidade a s\u00e9rio. Solicitamos suas informa\u00e7\u00f5es pessoais para garantir um atendimento personalizado e de qualidade. Somente atrav\u00e9s do formul\u00e1rio de cadastro, voc\u00ea poder\u00e1 adquirir os produtos da \u00a0LOJA FARE,\u00a0al\u00e9m disso, permite que voc\u00ea aproveite outras vantagens como tirar d\u00favidas, participar de enquetes, acompanhar promo\u00e7\u00f5es e novidades peri\u00f3dicas do site. [&#8230;]\n","protected":false},"author":1,"featured_media":0,"parent":0,"menu_order":0,"comment_status":"closed","ping_status":"open","template":"","meta":{"_joinchat":[],"footnotes":""},"class_list":["post-3","page","type-page","status-publish","hentry"],"jetpack_sharing_enabled":true,"_links":{"self":[{"href":"https:\/\/www.lojafare.com.br\/index.php?rest_route=\/wp\/v2\/pages\/3","targetHints":{"allow":["GET"]}}],"collection":[{"href":"https:\/\/www.lojafare.com.br\/index.php?rest_route=\/wp\/v2\/pages"}],"about":[{"href":"https:\/\/www.lojafare.com.br\/index.php?rest_route=\/wp\/v2\/types\/page"}],"author":[{"embeddable":true,"href":"https:\/\/www.lojafare.com.br\/index.php?rest_route=\/wp\/v2\/users\/1"}],"replies":[{"embeddable":true,"href":"https:\/\/www.lojafare.com.br\/index.php?rest_route=%2Fwp%2Fv2%2Fcomments&post=3"}],"version-history":[{"count":2,"href":"https:\/\/www.lojafare.com.br\/index.php?rest_route=\/wp\/v2\/pages\/3\/revisions"}],"predecessor-version":[{"id":2088,"href":"https:\/\/www.lojafare.com.br\/index.php?rest_route=\/wp\/v2\/pages\/3\/revisions\/2088"}],"wp:attachment":[{"href":"https:\/\/www.lojafare.com.br\/index.php?rest_route=%2Fwp%2Fv2%2Fmedia&parent=3"}],"curies":[{"name":"wp","href":"https:\/\/api.w.org\/{rel}","templated":true}]}}