{"id":97,"date":"2024-01-15T11:08:36","date_gmt":"2024-01-15T14:08:36","guid":{"rendered":"https:\/\/www.lojafare.com.br\/?page_id=97"},"modified":"2024-03-05T16:51:37","modified_gmt":"2024-03-05T19:51:37","slug":"fale-conosco","status":"publish","type":"page","link":"https:\/\/www.lojafare.com.br\/?page_id=97","title":{"rendered":"Fale Conosco"},"content":{"rendered":"\n\t<section class=\"section dark\" id=\"section_1484436326\">\n\t\t<div class=\"section-bg fill\" >\n\t\t\t<img loading=\"lazy\" decoding=\"async\" width=\"1960\" height=\"1009\" src=\"https:\/\/www.lojafare.com.br\/wp-content\/uploads\/2024\/02\/Body-Bg-1.jpg\" class=\"bg attachment-original size-original\" alt=\"\" \/>\t\t\t\t\t\t<div class=\"section-bg-overlay absolute fill\"><\/div>\n\t\t\t\n\n\t\t<\/div>\n\n\t\t\n\n\t\t<div class=\"section-content relative\">\n\t\t\t\n<div class=\"row\"  id=\"row-475628882\">\n\n\t<div id=\"col-522598079\" class=\"col small-12 large-12\"  >\n\t\t\t\t<div class=\"col-inner text-center\"  >\n\t\t\t\n\t\t\t\n<h2 style=\"font-size: 200%;\">Entre em Contato<\/h2>\n<p>Entre em Contato conosco. Nossa equipe est\u00e1 pronta para lhe atender.<\/p>\n\t\t<\/div>\n\t\t\t\t\n<style>\n#col-522598079 > .col-inner {\n  padding: 20px 0px 0px 0px;\n}\n<\/style>\n\t<\/div>\n\n\t\n<\/div>\n\t\t<\/div>\n\n\t\t\n<style>\n#section_1484436326 {\n  padding-top: 95px;\n  padding-bottom: 95px;\n  background-color: #000000;\n}\n#section_1484436326 .section-bg-overlay {\n  background-color: rgba(0,0,0,.5);\n}\n#section_1484436326 .section-bg img {\n  object-position: 48% 50%;\n}\n<\/style>\n\t<\/section>\n\t\n\n\t<section class=\"section\" id=\"section_562423907\">\n\t\t<div class=\"section-bg fill\" >\n\t\t\t\t\t\t\t\t\t\n\t\t\t\n\n\t\t<\/div>\n\n\t\t\n\n\t\t<div class=\"section-content relative\">\n\t\t\t\n<div class=\"row\"  id=\"row-1434692377\">\n\n\t<div id=\"col-782305396\" class=\"col small-12 large-12\"  >\n\t\t\t\t<div class=\"col-inner\"  >\n\t\t\t\n\t\t\t\n<div class=\"row align-equal\"  id=\"row-604274104\">\n\n\t<div id=\"col-729647977\" class=\"col medium-6 small-12 large-6\"  >\n\t\t\t\t<div class=\"col-inner text-center\"  >\n\t\t\t\n\t\t\t\n\n\t\t<div class=\"icon-box featured-box icon-box-center text-center\"  >\n\t\t\t\t\t<div class=\"icon-box-img\" style=\"width: 60px\">\n\t\t\t\t<div class=\"icon\">\n\t\t\t\t\t<div class=\"icon-inner\" >\n\t\t\t\t\t\t<img loading=\"lazy\" decoding=\"async\" width=\"400\" height=\"400\" src=\"https:\/\/www.lojafare.com.br\/wp-content\/uploads\/2024\/01\/f-bbs20-newweb23-001-a-1000x1000-1-400x400.jpg\" class=\"attachment-medium size-medium\" alt=\"\" srcset=\"https:\/\/www.lojafare.com.br\/wp-content\/uploads\/2024\/01\/f-bbs20-newweb23-001-a-1000x1000-1-400x400.jpg 400w, https:\/\/www.lojafare.com.br\/wp-content\/uploads\/2024\/01\/f-bbs20-newweb23-001-a-1000x1000-1-800x800.jpg 800w, https:\/\/www.lojafare.com.br\/wp-content\/uploads\/2024\/01\/f-bbs20-newweb23-001-a-1000x1000-1-280x280.jpg 280w, https:\/\/www.lojafare.com.br\/wp-content\/uploads\/2024\/01\/f-bbs20-newweb23-001-a-1000x1000-1-768x768.jpg 768w, https:\/\/www.lojafare.com.br\/wp-content\/uploads\/2024\/01\/f-bbs20-newweb23-001-a-1000x1000-1-300x300.jpg 300w, https:\/\/www.lojafare.com.br\/wp-content\/uploads\/2024\/01\/f-bbs20-newweb23-001-a-1000x1000-1-600x600.jpg 600w, https:\/\/www.lojafare.com.br\/wp-content\/uploads\/2024\/01\/f-bbs20-newweb23-001-a-1000x1000-1-100x100.jpg 100w, https:\/\/www.lojafare.com.br\/wp-content\/uploads\/2024\/01\/f-bbs20-newweb23-001-a-1000x1000-1.jpg 1000w\" sizes=\"auto, (max-width: 400px) 100vw, 400px\" \/>\t\t\t\t\t<\/div>\n\t\t\t\t<\/div>\n\t\t\t<\/div>\n\t\t\t\t<div class=\"icon-box-text last-reset\">\n\t\t\t\t\t\t\t\t\t\n<h4>Compre pelo WhatsApp<\/h4>\n<p>Gostou de nossos produtos ou servi\u00e7os? Deseja conversar com a nossa equipe de vendas? Clique no bot\u00e3o abaixo e converse pelo Whatsapp.<\/p>\n\t<div id=\"gap-1041825758\" class=\"gap-element clearfix\" style=\"display:block; height:auto;\">\n\t\t\n<style>\n#gap-1041825758 {\n  padding-top: 20px;\n}\n<\/style>\n\t<\/div>\n\t\n<a href=\"https:\/\/wa.me\/5538991234036\" target=\"_blank\" class=\"button secondary\" rel=\"noopener\" >\n\t\t<span>Converse pelo whatsapp<\/span>\n\t<\/a>\n\n\t\t<\/div>\n\t<\/div>\n\t\n\t\n\t\t<\/div>\n\t\t\t\t\t<\/div>\n\n\t\n\n\t<div id=\"col-598189726\" class=\"col medium-6 small-12 large-6\"  >\n\t\t\t\t<div class=\"col-inner text-center\"  >\n\t\t\t\n\t\t\t\n\n\t\t<div class=\"icon-box featured-box icon-box-center text-center\"  >\n\t\t\t\t\t<div class=\"icon-box-img\" style=\"width: 60px\">\n\t\t\t\t<div class=\"icon\">\n\t\t\t\t\t<div class=\"icon-inner\" >\n\t\t\t\t\t\t<img loading=\"lazy\" decoding=\"async\" width=\"400\" height=\"400\" src=\"https:\/\/www.lojafare.com.br\/wp-content\/uploads\/2024\/01\/f-bbs25new-we-001aa-1000x1000-1-400x400.jpg\" class=\"attachment-medium size-medium\" alt=\"\" srcset=\"https:\/\/www.lojafare.com.br\/wp-content\/uploads\/2024\/01\/f-bbs25new-we-001aa-1000x1000-1-400x400.jpg 400w, https:\/\/www.lojafare.com.br\/wp-content\/uploads\/2024\/01\/f-bbs25new-we-001aa-1000x1000-1-800x800.jpg 800w, https:\/\/www.lojafare.com.br\/wp-content\/uploads\/2024\/01\/f-bbs25new-we-001aa-1000x1000-1-280x280.jpg 280w, https:\/\/www.lojafare.com.br\/wp-content\/uploads\/2024\/01\/f-bbs25new-we-001aa-1000x1000-1-768x768.jpg 768w, https:\/\/www.lojafare.com.br\/wp-content\/uploads\/2024\/01\/f-bbs25new-we-001aa-1000x1000-1-300x300.jpg 300w, https:\/\/www.lojafare.com.br\/wp-content\/uploads\/2024\/01\/f-bbs25new-we-001aa-1000x1000-1-600x600.jpg 600w, https:\/\/www.lojafare.com.br\/wp-content\/uploads\/2024\/01\/f-bbs25new-we-001aa-1000x1000-1-100x100.jpg 100w, https:\/\/www.lojafare.com.br\/wp-content\/uploads\/2024\/01\/f-bbs25new-we-001aa-1000x1000-1.jpg 1000w\" sizes=\"auto, (max-width: 400px) 100vw, 400px\" \/>\t\t\t\t\t<\/div>\n\t\t\t\t<\/div>\n\t\t\t<\/div>\n\t\t\t\t<div class=\"icon-box-text last-reset\">\n\t\t\t\t\t\t\t\t\t\n<h4>Abra um Ticket de Suporte<\/h4>\n<p>Tem algum problema? Abra um ticket de suporte em nosso sistema. Nossa equipe vai lhe atender da melhor maneira poss\u00edvel.<\/p>\n\t<div id=\"gap-2016997014\" class=\"gap-element clearfix\" style=\"display:block; height:auto;\">\n\t\t\n<style>\n#gap-2016997014 {\n  padding-top: 20px;\n}\n<\/style>\n\t<\/div>\n\t\n<a class=\"button secondary\" >\n\t\t<span>abrir ticket de suporte<\/span>\n\t<\/a>\n\n\t\t<\/div>\n\t<\/div>\n\t\n\t\n\t\t<\/div>\n\t\t\t\t\t<\/div>\n\n\t\n\n\t<div id=\"col-1114863808\" class=\"col small-12 large-12\"  >\n\t\t\t\t<div class=\"col-inner text-center\" style=\"background-color:rgb(255,255,255);\" >\n\t\t\t\n\t\t\t\n<h3>Envie uma mensagem pelo<br \/>\nformul\u00e1rio abaixo.<\/h3>\n<div class=\"is-divider divider clearfix\" ><\/div>\n<div class=\"row align-center\"  id=\"row-2062268230\">\n\n\t<div id=\"col-2142656343\" class=\"col medium-11 small-12 large-6\"  >\n\t\t\t\t<div class=\"col-inner text-left\"  >\n\t\t\t\n\t\t\t\n<p class=\"wpcf7-contact-form-not-found\"><strong>Erro:<\/strong> Formul\u00e1rio de contato n\u00e3o encontrado.<\/p>\n<p style=\"text-align: center;\">Nossa equipe ir\u00e1 retorno o mais breve poss\u00edvel.<br \/>\nNosso hor\u00e1rio de atendimento \u00e9 de<b> Segunda a Sexta das 08:00 as 18:00 horas.<\/b><\/p>\n\t\t<\/div>\n\t\t\t\t\t<\/div>\n\n\t\n<\/div>\n\t\t<\/div>\n\t\t\t\t\t<\/div>\n\n\t\n\n\t<div id=\"col-332509521\" class=\"col small-12 large-12\"  >\n\t\t\t\t<div class=\"col-inner text-left\"  >\n\t\t\t\n\t\t\t\n\n\t<script type=\"text\/javascript\">\n  jQuery( document ).ready(function() {\n    function initialize() {\n        var styles = {\n            'flatsome':  [{\n            \"featureType\": \"administrative\",\n            \"stylers\": [\n              { \"visibility\": \"on\" }\n            ]\n          },\n          {\n            \"featureType\": \"road\",\n            \"stylers\": [\n              { \"visibility\": \"on\" },\n              { \"hue\": \"#000000\" }\n            ]\n          },\n          {\n            \"stylers\": [\n\t\t\t  { \"visibility\": \"on\" },\n\t\t\t  { \"hue\": \"#000000\" },\n\t\t\t  { \"saturation\": -100 }\n            ]\n          }\n        ]};\n\n        var myLatlng = new google.maps.LatLng(-20.143429298177, -44.889211131668);\n        var myOptions = {\n            zoom: 17,\n            center: myLatlng,\n            mapTypeId: google.maps.MapTypeId.ROADMAP,\n            disableDefaultUI: true,\n            mapTypeId: 'flatsome',\n            draggable: true,\n            zoomControl: true,\n            zoomControlOptions: {\n              position: google.maps.ControlPosition.TOP_LEFT\n            },\n      \t\t\tmapTypeControl: false,\n            mapTypeControlOptions: {\n              position: google.maps.ControlPosition.TOP_LEFT\n            },\n      \t\t\tstreetViewControl: false,\n            streetViewControlOptions: {\n              position: google.maps.ControlPosition.TOP_LEFT\n            },\n            scrollwheel: false,\n            disableDoubleClickZoom: true\n        }\n        var map = new google.maps.Map(document.getElementById(\"map-2860217938-inner\"), myOptions);\n        var styledMapType = new google.maps.StyledMapType(styles['flatsome'], {name: 'flatsome'});\n        map.mapTypes.set('flatsome', styledMapType);\n\n        var marker = new google.maps.Marker({\n            position: myLatlng,\n            map: map,\n            title:\"\"\n        });\n    }\n\n    \/\/ Required to proceed\n    if (!(typeof google === 'object' && typeof google.maps === 'object')) {\n      return\n    }\n\n    initialize()\n    google.maps.event.addDomListener(window, 'resize', initialize);\n    });\n    <\/script>\n\n    <div class=\"google-map relative mb\" id=\"map-2860217938\">\n        <div class=\"map-height\" id=\"map-2860217938-inner\"><\/div>\n        <div id=\"map_overlay_top\"><\/div>\n        <div id=\"map_overlay_bottom\"><\/div>\n                  <div class=\"map_inner map-inner last-reset absolute x100 md-x95 lg-x95 y100 md-y95 lg-y95\">\n              \n<h4>Endere\u00e7o:<\/h4>\n<p>Av. Ant\u00f4nio Ol\u00edmpio de Moraes, 545 &#8211; Sala 710 &#8211; centro &#8211; Divin\u00f3polis \/ MG<\/p>\n<a class=\"button primary is-small expand\" >\n\t\t<span>Ver no google maps<\/span>\n\t<i class=\"icon-map-pin-fill\" aria-hidden=\"true\"><\/i><\/a>\n\n         <\/div>\n       \n       \n<style>\n#map-2860217938 .map-inner {\n  background-color: #fff;\n  max-width: 100%;\n}\n#map-2860217938 .map-height {\n  height: 400px;\n}\n@media (min-width:550px) {\n  #map-2860217938 .map-inner {\n    max-width: 40%;\n  }\n}\n@media (min-width:850px) {\n  #map-2860217938 .map-inner {\n    max-width: 30%;\n  }\n}\n<\/style>\n    <\/div>\n\n\t\n\t\t<\/div>\n\t\t\t\t\t<\/div>\n\n\t\n\n<style>\n#row-604274104 > .col > .col-inner {\n  padding: 40px 40px 40px 40px;\n  background-color: rgb(255,255,255);\n}\n<\/style>\n<\/div>\n\t\t<\/div>\n\t\t\t\t\n<style>\n#col-782305396 > .col-inner {\n  margin: -100px 0px 0px 0px;\n}\n<\/style>\n\t<\/div>\n\n\t\n<\/div>\n<div class=\"row\"  id=\"row-128895810\">\n\n\t<div id=\"col-1984833755\" class=\"col small-12 large-12\"  >\n\t\t\t\t<div class=\"col-inner text-center\"  >\n\t\t\t\n\t\t\t\n<h4>Raz\u00e3o Social e CNPJ:\/h4&gt;<\/h4>\n<p>Zen Studio Web. CNPJ: 30.305.913\/0001-87<\/p>\n\t\t<\/div>\n\t\t\t\t\t<\/div>\n\n\t\n<\/div>\n\t\t<\/div>\n\n\t\t\n<style>\n#section_562423907 {\n  padding-top: 30px;\n  padding-bottom: 30px;\n  background-color: rgb(244, 244, 244);\n}\n<\/style>\n\t<\/section>\n\t\n","protected":false},"excerpt":{"rendered":"","protected":false},"author":1,"featured_media":0,"parent":0,"menu_order":0,"comment_status":"closed","ping_status":"closed","template":"","meta":{"_joinchat":[],"footnotes":""},"class_list":["post-97","page","type-page","status-publish","hentry"],"jetpack_sharing_enabled":true,"_links":{"self":[{"href":"https:\/\/www.lojafare.com.br\/index.php?rest_route=\/wp\/v2\/pages\/97","targetHints":{"allow":["GET"]}}],"collection":[{"href":"https:\/\/www.lojafare.com.br\/index.php?rest_route=\/wp\/v2\/pages"}],"about":[{"href":"https:\/\/www.lojafare.com.br\/index.php?rest_route=\/wp\/v2\/types\/page"}],"author":[{"embeddable":true,"href":"https:\/\/www.lojafare.com.br\/index.php?rest_route=\/wp\/v2\/users\/1"}],"replies":[{"embeddable":true,"href":"https:\/\/www.lojafare.com.br\/index.php?rest_route=%2Fwp%2Fv2%2Fcomments&post=97"}],"version-history":[{"count":4,"href":"https:\/\/www.lojafare.com.br\/index.php?rest_route=\/wp\/v2\/pages\/97\/revisions"}],"predecessor-version":[{"id":2099,"href":"https:\/\/www.lojafare.com.br\/index.php?rest_route=\/wp\/v2\/pages\/97\/revisions\/2099"}],"wp:attachment":[{"href":"https:\/\/www.lojafare.com.br\/index.php?rest_route=%2Fwp%2Fv2%2Fmedia&parent=97"}],"curies":[{"name":"wp","href":"https:\/\/api.w.org\/{rel}","templated":true}]}}