{"id":1024,"date":"2024-01-30T21:12:01","date_gmt":"2024-01-31T00:12:01","guid":{"rendered":"https:\/\/www.lojafare.com.br\/?post_type=product&#038;p=1024"},"modified":"2024-01-30T21:12:48","modified_gmt":"2024-01-31T00:12:48","slug":"bandoleira-simples-sling-1-ponta-verde","status":"publish","type":"product","link":"https:\/\/www.lojafare.com.br\/?product=bandoleira-simples-sling-1-ponta-verde","title":{"rendered":"Bandoleira Simples Sling 1 Ponta &#8211; VERDE"},"content":{"rendered":"<h2 class=\"SectionTitle__title___Mc+hH\">Descri\u00e7\u00e3o do Produto<\/h2>\n<div class=\"ProductDescription__description___bly+m\">\n<p data-testid=\"paragraph\">Confeccionada em nylon de alta resist\u00eancia, compat\u00edvel com varios tipos de armas. Possui gancho de engate r\u00e1pido, regulagem de altura 100% ajust\u00e1vel, tamb\u00e9m possui el\u00e1stico que absorve os impactos, proporcionando maior conforto e flexibilidade ao usu\u00e1rio.<\/p>\n<p data-testid=\"paragraph\">Equipamento Indicado para Militares, Ca\u00e7adores, Praticantes de Airsoft e Paintball entre outras atividades.<\/p>\n<p data-testid=\"paragraph\">* Material muito resistente (Nylon de alta densidade);<\/p>\n<p data-testid=\"paragraph\">* Tamanho ajust\u00e1vel (comprimento m\u00e1ximo: 152 cm);<\/p>\n<p data-testid=\"paragraph\">* Ponto de conex\u00e3o e de libera\u00e7\u00e3o r\u00e1pida;<\/p>\n<p data-testid=\"paragraph\">* Compat\u00edvel: canhoto e destro;<\/p>\n<p data-testid=\"paragraph\">* Largura da faixa: 37 mm;<\/p>\n<p data-testid=\"paragraph\">* Peso: 172 g;<\/p>\n<p data-testid=\"paragraph\">Peso bruto do produto:\u00a00,830\u00a0kg<\/p>\n<\/div>\n","protected":false},"excerpt":{"rendered":"<p>Descri\u00e7\u00e3o do Produto Confeccionada em nylon de alta resist\u00eancia, compat\u00edvel com varios tipos de armas. Possui gancho de engate r\u00e1pido, regulagem de altura 100% ajust\u00e1vel, tamb\u00e9m possui el\u00e1stico que absorve os impactos, proporcionando maior conforto e flexibilidade ao usu\u00e1rio. Equipamento Indicado para Militares, Ca\u00e7adores, Praticantes de Airsoft e Paintball entre outras atividades. * Material muito [&#8230;]\n","protected":false},"featured_media":1025,"comment_status":"open","ping_status":"closed","template":"","meta":{"_joinchat":[]},"product_cat":[48],"product_tag":[],"class_list":{"0":"post-1024","1":"product","2":"type-product","3":"status-publish","4":"has-post-thumbnail","6":"product_cat-bandoleiras","8":"first","9":"instock","10":"shipping-taxable","11":"purchasable","12":"product-type-simple"},"jetpack_sharing_enabled":true,"_links":{"self":[{"href":"https:\/\/www.lojafare.com.br\/index.php?rest_route=\/wp\/v2\/product\/1024","targetHints":{"allow":["GET"]}}],"collection":[{"href":"https:\/\/www.lojafare.com.br\/index.php?rest_route=\/wp\/v2\/product"}],"about":[{"href":"https:\/\/www.lojafare.com.br\/index.php?rest_route=\/wp\/v2\/types\/product"}],"replies":[{"embeddable":true,"href":"https:\/\/www.lojafare.com.br\/index.php?rest_route=%2Fwp%2Fv2%2Fcomments&post=1024"}],"wp:featuredmedia":[{"embeddable":true,"href":"https:\/\/www.lojafare.com.br\/index.php?rest_route=\/wp\/v2\/media\/1025"}],"wp:attachment":[{"href":"https:\/\/www.lojafare.com.br\/index.php?rest_route=%2Fwp%2Fv2%2Fmedia&parent=1024"}],"wp:term":[{"taxonomy":"product_cat","embeddable":true,"href":"https:\/\/www.lojafare.com.br\/index.php?rest_route=%2Fwp%2Fv2%2Fproduct_cat&post=1024"},{"taxonomy":"product_tag","embeddable":true,"href":"https:\/\/www.lojafare.com.br\/index.php?rest_route=%2Fwp%2Fv2%2Fproduct_tag&post=1024"}],"curies":[{"name":"wp","href":"https:\/\/api.w.org\/{rel}","templated":true}]}}