{"id":1069,"date":"2024-01-31T14:04:10","date_gmt":"2024-01-31T17:04:10","guid":{"rendered":"https:\/\/www.lojafare.com.br\/?post_type=product&#038;p=1069"},"modified":"2024-01-31T14:07:05","modified_gmt":"2024-01-31T17:07:05","slug":"camotape-adeviso-elastico-45-metros-multican","status":"publish","type":"product","link":"https:\/\/www.lojafare.com.br\/?product=camotape-adeviso-elastico-45-metros-multican","title":{"rendered":"Camotape Adeviso El\u00e1stico 4,5 Metros &#8211; Multicam"},"content":{"rendered":"<h2 class=\"SectionTitle__title___Mc+hH\">Descri\u00e7\u00e3o do Produto<\/h2>\n<div class=\"ProductDescription__description___bly+m\">\n<p data-testid=\"paragraph\">Apesar de ser tratada como Fita Adesiva ela n\u00e3o possui uma fixa\u00e7\u00e3o permanente, ou seja, \u00e9 totalmente remov\u00edvel e reutiliz\u00e1vel, n\u00e3o aderindo de forma definitiva e tampouco deixando res\u00edduos quando removida.<\/p>\n<p data-testid=\"paragraph\">Produto bastante vers\u00e1vel, ideal para Armas de Airsoft, Carabinas de Press\u00e3o, Lunetas, Lanternas, Bin\u00f3culos, Cabos de Faca, entre outros.<\/p>\n<p data-testid=\"paragraph\">Medidas: 5cm x 4,8m<\/p>\n<\/div>\n","protected":false},"excerpt":{"rendered":"<p>Descri\u00e7\u00e3o do Produto Apesar de ser tratada como Fita Adesiva ela n\u00e3o possui uma fixa\u00e7\u00e3o permanente, ou seja, \u00e9 totalmente remov\u00edvel e reutiliz\u00e1vel, n\u00e3o aderindo de forma definitiva e tampouco deixando res\u00edduos quando removida. Produto bastante vers\u00e1vel, ideal para Armas de Airsoft, Carabinas de Press\u00e3o, Lunetas, Lanternas, Bin\u00f3culos, Cabos de Faca, entre outros. Medidas: 5cm [&#8230;]\n","protected":false},"featured_media":1074,"comment_status":"open","ping_status":"closed","template":"","meta":{"_joinchat":[]},"product_cat":[88],"product_tag":[],"class_list":{"0":"post-1069","1":"product","2":"type-product","3":"status-publish","4":"has-post-thumbnail","6":"product_cat-camuflagem","8":"first","9":"instock","10":"shipping-taxable","11":"purchasable","12":"product-type-simple"},"jetpack_sharing_enabled":true,"_links":{"self":[{"href":"https:\/\/www.lojafare.com.br\/index.php?rest_route=\/wp\/v2\/product\/1069","targetHints":{"allow":["GET"]}}],"collection":[{"href":"https:\/\/www.lojafare.com.br\/index.php?rest_route=\/wp\/v2\/product"}],"about":[{"href":"https:\/\/www.lojafare.com.br\/index.php?rest_route=\/wp\/v2\/types\/product"}],"replies":[{"embeddable":true,"href":"https:\/\/www.lojafare.com.br\/index.php?rest_route=%2Fwp%2Fv2%2Fcomments&post=1069"}],"wp:featuredmedia":[{"embeddable":true,"href":"https:\/\/www.lojafare.com.br\/index.php?rest_route=\/wp\/v2\/media\/1074"}],"wp:attachment":[{"href":"https:\/\/www.lojafare.com.br\/index.php?rest_route=%2Fwp%2Fv2%2Fmedia&parent=1069"}],"wp:term":[{"taxonomy":"product_cat","embeddable":true,"href":"https:\/\/www.lojafare.com.br\/index.php?rest_route=%2Fwp%2Fv2%2Fproduct_cat&post=1069"},{"taxonomy":"product_tag","embeddable":true,"href":"https:\/\/www.lojafare.com.br\/index.php?rest_route=%2Fwp%2Fv2%2Fproduct_tag&post=1069"}],"curies":[{"name":"wp","href":"https:\/\/api.w.org\/{rel}","templated":true}]}}