{"id":1087,"date":"2024-01-31T14:30:11","date_gmt":"2024-01-31T17:30:11","guid":{"rendered":"https:\/\/www.lojafare.com.br\/?post_type=product&#038;p=1087"},"modified":"2024-01-31T14:32:32","modified_gmt":"2024-01-31T17:32:32","slug":"bone-tatico-preto","status":"publish","type":"product","link":"https:\/\/www.lojafare.com.br\/?product=bone-tatico-preto","title":{"rendered":"BON\u00c9 T\u00c1TICO PRETO"},"content":{"rendered":"<p>Confeccionado em tecido RIP STOP.<\/p>\n<p>Possui regulador de tamanho.<\/p>\n<p>A UAIFARDAS utiliza o tecido Rip Stop profissional militar,<\/p>\n<p>confeccionado com composi\u00e7\u00e3o de 67% poli\u00e9ster e 33% algod\u00e3o com fios entrela\u00e7ados,<\/p>\n<p>criando um padr\u00e3o de bloqueio a um eventual corte, evitando que o tecido seja desfiado.<\/p>\n<p>Sua principal caracter\u00edstica \u00e9 a durabilidade.<\/p>\n","protected":false},"excerpt":{"rendered":"<p>Confeccionado em tecido RIP STOP. Possui regulador de tamanho. A UAIFARDAS utiliza o tecido Rip Stop profissional militar, confeccionado com composi\u00e7\u00e3o de 67% poli\u00e9ster e 33% algod\u00e3o com fios entrela\u00e7ados, criando um padr\u00e3o de bloqueio a um eventual corte, evitando que o tecido seja desfiado. Sua principal caracter\u00edstica \u00e9 a durabilidade.<\/p>\n","protected":false},"featured_media":1090,"comment_status":"open","ping_status":"closed","template":"","meta":{"_joinchat":[]},"product_cat":[103],"product_tag":[],"class_list":{"0":"post-1087","1":"product","2":"type-product","3":"status-publish","4":"has-post-thumbnail","6":"product_cat-bones-boinas-e-chapeus","8":"first","9":"instock","10":"shipping-taxable","11":"purchasable","12":"product-type-simple"},"jetpack_sharing_enabled":true,"_links":{"self":[{"href":"https:\/\/www.lojafare.com.br\/index.php?rest_route=\/wp\/v2\/product\/1087","targetHints":{"allow":["GET"]}}],"collection":[{"href":"https:\/\/www.lojafare.com.br\/index.php?rest_route=\/wp\/v2\/product"}],"about":[{"href":"https:\/\/www.lojafare.com.br\/index.php?rest_route=\/wp\/v2\/types\/product"}],"replies":[{"embeddable":true,"href":"https:\/\/www.lojafare.com.br\/index.php?rest_route=%2Fwp%2Fv2%2Fcomments&post=1087"}],"wp:featuredmedia":[{"embeddable":true,"href":"https:\/\/www.lojafare.com.br\/index.php?rest_route=\/wp\/v2\/media\/1090"}],"wp:attachment":[{"href":"https:\/\/www.lojafare.com.br\/index.php?rest_route=%2Fwp%2Fv2%2Fmedia&parent=1087"}],"wp:term":[{"taxonomy":"product_cat","embeddable":true,"href":"https:\/\/www.lojafare.com.br\/index.php?rest_route=%2Fwp%2Fv2%2Fproduct_cat&post=1087"},{"taxonomy":"product_tag","embeddable":true,"href":"https:\/\/www.lojafare.com.br\/index.php?rest_route=%2Fwp%2Fv2%2Fproduct_tag&post=1087"}],"curies":[{"name":"wp","href":"https:\/\/api.w.org\/{rel}","templated":true}]}}