{"id":1111,"date":"2024-01-31T23:11:23","date_gmt":"2024-02-01T02:11:23","guid":{"rendered":"https:\/\/www.lojafare.com.br\/?post_type=product&#038;p=1111"},"modified":"2024-02-06T22:23:51","modified_gmt":"2024-02-07T01:23:51","slug":"cinto-forca-nacional-pro-preto","status":"publish","type":"product","link":"https:\/\/www.lojafare.com.br\/?product=cinto-forca-nacional-pro-preto","title":{"rendered":"Cinto For\u00e7a Nacional PRO &#8211; Preto"},"content":{"rendered":"<p>O Cinto For\u00e7a Nacional PRO foi desenvolvido para quem precisa usar v\u00e1rios equipamentos em qualquer miss\u00e3o. Disp\u00f5e do conforto do protetor lombar e tamb\u00e9m permite a personaliza\u00e7\u00e3o dos equipamentos que voc\u00ea utiliza, melhor se adaptando seus equipamentos para a sua miss\u00e3o\/fun\u00e7\u00e3o.<\/p>\n<p><strong>Caracter\u00edsticas:<\/strong><\/p>\n<ul>\n<li>Desenvolvido em nylon cordura 500 resinado;<\/li>\n<li>Revestimento parcial com fecho de contato, para regulagem do tamanho;<\/li>\n<li>L\u00e2mina interna em poliamida, com acolchoado em EVA interno;<\/li>\n<li>Fivela de metal com regulagem dupla em fecho de contato;<\/li>\n<li>Regulagem de ajuste do tamanho \u00e9 feita por fecho de contato;<\/li>\n<li>Bot\u00f5es de press\u00e3o n\u00ba100, produzidos em lat\u00e3o (n\u00e3o enferruja) com capa em silicone;<\/li>\n<li>Fitas e vi\u00e9s em poliamida.<\/li>\n<\/ul>\n<p><strong>Itens Inclusos:<\/strong><\/p>\n<ul>\n<li>01 Cinto For\u00e7a Nacional PRO;<\/li>\n<li>01 Protetor lombar com acolchoado.<\/li>\n<\/ul>\n<p><strong>Tamanhos Ajust\u00e1veis:<\/strong><\/p>\n<ul>\n<li>Tamanho\u00a0P = \u00a095 cm;<\/li>\n<li>Tamanho\u00a0M = 105 cm;<\/li>\n<li>Tamanho G = 115 cm;<\/li>\n<li>Tamanho GG = 125 cm.<\/li>\n<\/ul>\n<p><strong>Medidas Aproximadas do Cinto For\u00e7a Nacional PRO:<\/strong><\/p>\n<ul>\n<li>Comprimento: 10 cm (ajust\u00e1vel);<\/li>\n<li>Largura: 5,0 cm;<\/li>\n<li>Espessura: 9,0 cm (com protetor lombar).<\/li>\n<\/ul>\n<p>Peso total do Cinto For\u00e7a Nacional PRO: 0,310 g.<\/p>\n<p><em>Imagens ilustrativas. Produto sujeito a altera\u00e7\u00f5es sem aviso pr\u00e9vio.<\/em><\/p>\n","protected":false},"excerpt":{"rendered":"<p>O Cinto For\u00e7a Nacional PRO foi desenvolvido para quem precisa usar v\u00e1rios equipamentos em qualquer miss\u00e3o. Disp\u00f5e do conforto do protetor lombar e tamb\u00e9m permite a personaliza\u00e7\u00e3o dos equipamentos que voc\u00ea utiliza, melhor se adaptando seus equipamentos para a sua miss\u00e3o\/fun\u00e7\u00e3o. Caracter\u00edsticas: Desenvolvido em nylon cordura 500 resinado; Revestimento parcial com fecho de contato, para [&#8230;]\n","protected":false},"featured_media":1113,"comment_status":"open","ping_status":"closed","template":"","meta":{"_joinchat":[]},"product_cat":[45],"product_tag":[],"class_list":{"0":"post-1111","1":"product","2":"type-product","3":"status-publish","4":"has-post-thumbnail","6":"product_cat-cintos-e-porta-objetos","8":"first","9":"instock","10":"shipping-taxable","11":"purchasable","12":"product-type-simple"},"jetpack_sharing_enabled":true,"_links":{"self":[{"href":"https:\/\/www.lojafare.com.br\/index.php?rest_route=\/wp\/v2\/product\/1111","targetHints":{"allow":["GET"]}}],"collection":[{"href":"https:\/\/www.lojafare.com.br\/index.php?rest_route=\/wp\/v2\/product"}],"about":[{"href":"https:\/\/www.lojafare.com.br\/index.php?rest_route=\/wp\/v2\/types\/product"}],"replies":[{"embeddable":true,"href":"https:\/\/www.lojafare.com.br\/index.php?rest_route=%2Fwp%2Fv2%2Fcomments&post=1111"}],"wp:featuredmedia":[{"embeddable":true,"href":"https:\/\/www.lojafare.com.br\/index.php?rest_route=\/wp\/v2\/media\/1113"}],"wp:attachment":[{"href":"https:\/\/www.lojafare.com.br\/index.php?rest_route=%2Fwp%2Fv2%2Fmedia&parent=1111"}],"wp:term":[{"taxonomy":"product_cat","embeddable":true,"href":"https:\/\/www.lojafare.com.br\/index.php?rest_route=%2Fwp%2Fv2%2Fproduct_cat&post=1111"},{"taxonomy":"product_tag","embeddable":true,"href":"https:\/\/www.lojafare.com.br\/index.php?rest_route=%2Fwp%2Fv2%2Fproduct_tag&post=1111"}],"curies":[{"name":"wp","href":"https:\/\/api.w.org\/{rel}","templated":true}]}}