{"id":1117,"date":"2024-01-31T23:16:17","date_gmt":"2024-02-01T02:16:17","guid":{"rendered":"https:\/\/www.lojafare.com.br\/?post_type=product&#038;p=1117"},"modified":"2024-02-06T22:24:17","modified_gmt":"2024-02-07T01:24:17","slug":"cinto-tatico-fivela-magnetica-preta","status":"publish","type":"product","link":"https:\/\/www.lojafare.com.br\/?product=cinto-tatico-fivela-magnetica-preta","title":{"rendered":"Cinto T\u00e1tico Fivela Magn\u00e9tica &#8211; Preta"},"content":{"rendered":"<h2 class=\"WjNdTR\">Descri\u00e7\u00e3o Do Produto<\/h2>\n<div class=\"Gf4Ro0\">\n<div class=\"e8lZp3\">\n<p class=\"QN2lPu\">Caracter\u00edstica -Novo design de fivela magn\u00e9tica, libera\u00e7\u00e3o r\u00e1pida -Fibra de n\u00e1ilon de alta resist\u00eancia, ideal para esportes ao ar livre -Tecnologia nova e requintada + pigmentos ambientalmente amig\u00e1veis, sem desvanecimento -Espessura de 0.3 cm, mais espessa do que outros comerciantes -Adequado para jeans, cal\u00e7as, etc. -Adequado para caminhadas, acampamento, caminhadas, corrida, pesca, ca\u00e7a, tiro, etc.<\/p>\n<\/div>\n<\/div>\n","protected":false},"excerpt":{"rendered":"<p>Descri\u00e7\u00e3o Do Produto Caracter\u00edstica -Novo design de fivela magn\u00e9tica, libera\u00e7\u00e3o r\u00e1pida -Fibra de n\u00e1ilon de alta resist\u00eancia, ideal para esportes ao ar livre -Tecnologia nova e requintada + pigmentos ambientalmente amig\u00e1veis, sem desvanecimento -Espessura de 0.3 cm, mais espessa do que outros comerciantes -Adequado para jeans, cal\u00e7as, etc. -Adequado para caminhadas, acampamento, caminhadas, corrida, pesca, [&#8230;]\n","protected":false},"featured_media":1126,"comment_status":"open","ping_status":"closed","template":"","meta":{"_joinchat":[]},"product_cat":[45],"product_tag":[],"class_list":{"0":"post-1117","1":"product","2":"type-product","3":"status-publish","4":"has-post-thumbnail","6":"product_cat-cintos-e-porta-objetos","8":"first","9":"instock","10":"shipping-taxable","11":"purchasable","12":"product-type-simple"},"jetpack_sharing_enabled":true,"_links":{"self":[{"href":"https:\/\/www.lojafare.com.br\/index.php?rest_route=\/wp\/v2\/product\/1117","targetHints":{"allow":["GET"]}}],"collection":[{"href":"https:\/\/www.lojafare.com.br\/index.php?rest_route=\/wp\/v2\/product"}],"about":[{"href":"https:\/\/www.lojafare.com.br\/index.php?rest_route=\/wp\/v2\/types\/product"}],"replies":[{"embeddable":true,"href":"https:\/\/www.lojafare.com.br\/index.php?rest_route=%2Fwp%2Fv2%2Fcomments&post=1117"}],"wp:featuredmedia":[{"embeddable":true,"href":"https:\/\/www.lojafare.com.br\/index.php?rest_route=\/wp\/v2\/media\/1126"}],"wp:attachment":[{"href":"https:\/\/www.lojafare.com.br\/index.php?rest_route=%2Fwp%2Fv2%2Fmedia&parent=1117"}],"wp:term":[{"taxonomy":"product_cat","embeddable":true,"href":"https:\/\/www.lojafare.com.br\/index.php?rest_route=%2Fwp%2Fv2%2Fproduct_cat&post=1117"},{"taxonomy":"product_tag","embeddable":true,"href":"https:\/\/www.lojafare.com.br\/index.php?rest_route=%2Fwp%2Fv2%2Fproduct_tag&post=1117"}],"curies":[{"name":"wp","href":"https:\/\/api.w.org\/{rel}","templated":true}]}}