{"id":1134,"date":"2024-01-31T23:40:38","date_gmt":"2024-02-01T02:40:38","guid":{"rendered":"https:\/\/www.lojafare.com.br\/?post_type=product&#038;p=1134"},"modified":"2024-02-06T22:25:07","modified_gmt":"2024-02-07T01:25:07","slug":"cinto-tatico-fivela-engate-rapido-preto","status":"publish","type":"product","link":"https:\/\/www.lojafare.com.br\/?product=cinto-tatico-fivela-engate-rapido-preto","title":{"rendered":"Cinto T\u00e1tico Fivela Engate R\u00e1pido &#8211; Preto"},"content":{"rendered":"<h2 class=\"ui-pdp-description__title\">Descri\u00e7\u00e3o<\/h2>\n<p class=\"ui-pdp-description__content\">\nNosso cinto tem \u00f3tima qualidade, praticidade, estilo e seguran\u00e7a utilizando o sistema de engate\/desengate r\u00e1pido. N\u00e3o possui furos, o que permite um ajuste mais adequado. Constru\u00eddo com material refor\u00e7ado tem alta durabilidade e desempenho. Ideal para militares, policias, seguran\u00e7as, praticantes de atividades ao ar livre, uso casual etc. \u00d3tima op\u00e7\u00e3o de presente para seu pai, marido, namorado, noivo, irm\u00e3o, amigo etc.<\/p>\n<p>Medidas:<br \/>\nComprimento total do cinto: 125 cent\u00edmetros com a fivela<br \/>\nLargura: 4cm<br \/>\nMaterial: Nylon e fivela em metal.<\/p>\n<p>Conte\u00fado da embalagem: 1 cinto<\/p>\n<p>Fotos ilustrativas, objetos no interior n\u00e3o acompanham.<\/p>\n","protected":false},"excerpt":{"rendered":"<p>Descri\u00e7\u00e3o Nosso cinto tem \u00f3tima qualidade, praticidade, estilo e seguran\u00e7a utilizando o sistema de engate\/desengate r\u00e1pido. N\u00e3o possui furos, o que permite um ajuste mais adequado. Constru\u00eddo com material refor\u00e7ado tem alta durabilidade e desempenho. Ideal para militares, policias, seguran\u00e7as, praticantes de atividades ao ar livre, uso casual etc. \u00d3tima op\u00e7\u00e3o de presente para seu [&#8230;]\n","protected":false},"featured_media":1136,"comment_status":"open","ping_status":"closed","template":"","meta":{"_joinchat":[]},"product_cat":[45],"product_tag":[],"class_list":{"0":"post-1134","1":"product","2":"type-product","3":"status-publish","4":"has-post-thumbnail","6":"product_cat-cintos-e-porta-objetos","8":"first","9":"instock","10":"shipping-taxable","11":"purchasable","12":"product-type-simple"},"jetpack_sharing_enabled":true,"_links":{"self":[{"href":"https:\/\/www.lojafare.com.br\/index.php?rest_route=\/wp\/v2\/product\/1134","targetHints":{"allow":["GET"]}}],"collection":[{"href":"https:\/\/www.lojafare.com.br\/index.php?rest_route=\/wp\/v2\/product"}],"about":[{"href":"https:\/\/www.lojafare.com.br\/index.php?rest_route=\/wp\/v2\/types\/product"}],"replies":[{"embeddable":true,"href":"https:\/\/www.lojafare.com.br\/index.php?rest_route=%2Fwp%2Fv2%2Fcomments&post=1134"}],"wp:featuredmedia":[{"embeddable":true,"href":"https:\/\/www.lojafare.com.br\/index.php?rest_route=\/wp\/v2\/media\/1136"}],"wp:attachment":[{"href":"https:\/\/www.lojafare.com.br\/index.php?rest_route=%2Fwp%2Fv2%2Fmedia&parent=1134"}],"wp:term":[{"taxonomy":"product_cat","embeddable":true,"href":"https:\/\/www.lojafare.com.br\/index.php?rest_route=%2Fwp%2Fv2%2Fproduct_cat&post=1134"},{"taxonomy":"product_tag","embeddable":true,"href":"https:\/\/www.lojafare.com.br\/index.php?rest_route=%2Fwp%2Fv2%2Fproduct_tag&post=1134"}],"curies":[{"name":"wp","href":"https:\/\/api.w.org\/{rel}","templated":true}]}}