{"id":1140,"date":"2024-01-31T23:46:55","date_gmt":"2024-02-01T02:46:55","guid":{"rendered":"https:\/\/www.lojafare.com.br\/?post_type=product&#038;p=1140"},"modified":"2024-02-06T22:24:49","modified_gmt":"2024-02-07T01:24:49","slug":"protetor-lombar","status":"publish","type":"product","link":"https:\/\/www.lojafare.com.br\/?product=protetor-lombar","title":{"rendered":"PROTETOR LOMBAR"},"content":{"rendered":"<div class=\"description-title\">DESCRI\u00c7\u00c3O DO PRODUTO<\/div>\n<div id=\"descricao\" class=\"tab-pane active\">\n<p>Confeccionado com material dur\u00e1vel, de alta resist\u00eancia e leveza.<\/p>\n<p>Foi desenhado para fixar, ajustar e distribuir os acess\u00f3rios em posi\u00e7\u00f5es estrat\u00e9gicas que facilitam o manuseio.<\/p>\n<p>Seu sistema de fixa\u00e7\u00e3o ao corpo proporciona mais conforto e seguran\u00e7a.<\/p>\n<p>Sistema lombar com maior conforto e firmeza;<\/p>\n<p>Largura do lombar 7cm;<\/p>\n<p>Em tecido Rip- stop;<\/p>\n<p>Prote\u00e7\u00e3o lombar. Tamanho: M: 73cm G: 78,5cm<\/p>\n<\/div>\n","protected":false},"excerpt":{"rendered":"<p>DESCRI\u00c7\u00c3O DO PRODUTO Confeccionado com material dur\u00e1vel, de alta resist\u00eancia e leveza. Foi desenhado para fixar, ajustar e distribuir os acess\u00f3rios em posi\u00e7\u00f5es estrat\u00e9gicas que facilitam o manuseio. Seu sistema de fixa\u00e7\u00e3o ao corpo proporciona mais conforto e seguran\u00e7a. Sistema lombar com maior conforto e firmeza; Largura do lombar 7cm; Em tecido Rip- stop; Prote\u00e7\u00e3o [&#8230;]\n","protected":false},"featured_media":1145,"comment_status":"open","ping_status":"closed","template":"","meta":{"_joinchat":[]},"product_cat":[45],"product_tag":[],"class_list":{"0":"post-1140","1":"product","2":"type-product","3":"status-publish","4":"has-post-thumbnail","6":"product_cat-cintos-e-porta-objetos","8":"first","9":"instock","10":"shipping-taxable","11":"purchasable","12":"product-type-simple"},"jetpack_sharing_enabled":true,"_links":{"self":[{"href":"https:\/\/www.lojafare.com.br\/index.php?rest_route=\/wp\/v2\/product\/1140","targetHints":{"allow":["GET"]}}],"collection":[{"href":"https:\/\/www.lojafare.com.br\/index.php?rest_route=\/wp\/v2\/product"}],"about":[{"href":"https:\/\/www.lojafare.com.br\/index.php?rest_route=\/wp\/v2\/types\/product"}],"replies":[{"embeddable":true,"href":"https:\/\/www.lojafare.com.br\/index.php?rest_route=%2Fwp%2Fv2%2Fcomments&post=1140"}],"wp:featuredmedia":[{"embeddable":true,"href":"https:\/\/www.lojafare.com.br\/index.php?rest_route=\/wp\/v2\/media\/1145"}],"wp:attachment":[{"href":"https:\/\/www.lojafare.com.br\/index.php?rest_route=%2Fwp%2Fv2%2Fmedia&parent=1140"}],"wp:term":[{"taxonomy":"product_cat","embeddable":true,"href":"https:\/\/www.lojafare.com.br\/index.php?rest_route=%2Fwp%2Fv2%2Fproduct_cat&post=1140"},{"taxonomy":"product_tag","embeddable":true,"href":"https:\/\/www.lojafare.com.br\/index.php?rest_route=%2Fwp%2Fv2%2Fproduct_tag&post=1140"}],"curies":[{"name":"wp","href":"https:\/\/api.w.org\/{rel}","templated":true}]}}