{"id":1146,"date":"2024-02-01T00:58:10","date_gmt":"2024-02-01T03:58:10","guid":{"rendered":"https:\/\/www.lojafare.com.br\/?post_type=product&#038;p=1146"},"modified":"2024-02-01T00:58:10","modified_gmt":"2024-02-01T03:58:10","slug":"porta-carregador-molle-m4-tan","status":"publish","type":"product","link":"https:\/\/www.lojafare.com.br\/?product=porta-carregador-molle-m4-tan","title":{"rendered":"Porta Carregador Molle M4 &#8211; TAN"},"content":{"rendered":"<h2 class=\"SectionTitle__title___Mc+hH\">Descri\u00e7\u00e3o do Produto<\/h2>\n<div class=\"ProductDescription__description___bly+m\">\n<p data-testid=\"paragraph\">Produto: Porta carregador 556\/M4<\/p>\n<p data-testid=\"paragraph\">\n<p data-testid=\"paragraph\">Descri\u00e7\u00e3o: confeccionado em Cordura 500 com forra\u00e7\u00e3o de Velcro Premium, el\u00e1sticos de ajuste para melhor fixar seu carregador.<\/p>\n<p data-testid=\"paragraph\">\n<p data-testid=\"paragraph\">Sistema de clip injetado para acoplamento em seu colete\\cinto com sistema M.O.L.L.E.<\/p>\n<p data-testid=\"paragraph\">\n<p data-testid=\"paragraph\">Cortado em Laser para melhor acabamento.<\/p>\n<p data-testid=\"paragraph\">\n<p data-testid=\"paragraph\">Sistema de nylon nas laterais para manter a estrutura do porta carregador, deixando o carregador sempre na posi\u00e7\u00e3o certa.<\/p>\n<p data-testid=\"paragraph\">\n<p data-testid=\"paragraph\">Sistema de reten\u00e7\u00e3o superior para evitar seu carregador.<\/p>\n<\/div>\n","protected":false},"excerpt":{"rendered":"<p>Descri\u00e7\u00e3o do Produto Produto: Porta carregador 556\/M4 Descri\u00e7\u00e3o: confeccionado em Cordura 500 com forra\u00e7\u00e3o de Velcro Premium, el\u00e1sticos de ajuste para melhor fixar seu carregador. Sistema de clip injetado para acoplamento em seu colete\\cinto com sistema M.O.L.L.E. Cortado em Laser para melhor acabamento. Sistema de nylon nas laterais para manter a estrutura do porta carregador, [&#8230;]\n","protected":false},"featured_media":1148,"comment_status":"open","ping_status":"closed","template":"","meta":{"_joinchat":[]},"product_cat":[50],"product_tag":[],"class_list":{"0":"post-1146","1":"product","2":"type-product","3":"status-publish","4":"has-post-thumbnail","6":"product_cat-porta-carregadores","8":"first","9":"instock","10":"shipping-taxable","11":"purchasable","12":"product-type-simple"},"jetpack_sharing_enabled":true,"_links":{"self":[{"href":"https:\/\/www.lojafare.com.br\/index.php?rest_route=\/wp\/v2\/product\/1146","targetHints":{"allow":["GET"]}}],"collection":[{"href":"https:\/\/www.lojafare.com.br\/index.php?rest_route=\/wp\/v2\/product"}],"about":[{"href":"https:\/\/www.lojafare.com.br\/index.php?rest_route=\/wp\/v2\/types\/product"}],"replies":[{"embeddable":true,"href":"https:\/\/www.lojafare.com.br\/index.php?rest_route=%2Fwp%2Fv2%2Fcomments&post=1146"}],"wp:featuredmedia":[{"embeddable":true,"href":"https:\/\/www.lojafare.com.br\/index.php?rest_route=\/wp\/v2\/media\/1148"}],"wp:attachment":[{"href":"https:\/\/www.lojafare.com.br\/index.php?rest_route=%2Fwp%2Fv2%2Fmedia&parent=1146"}],"wp:term":[{"taxonomy":"product_cat","embeddable":true,"href":"https:\/\/www.lojafare.com.br\/index.php?rest_route=%2Fwp%2Fv2%2Fproduct_cat&post=1146"},{"taxonomy":"product_tag","embeddable":true,"href":"https:\/\/www.lojafare.com.br\/index.php?rest_route=%2Fwp%2Fv2%2Fproduct_tag&post=1146"}],"curies":[{"name":"wp","href":"https:\/\/api.w.org\/{rel}","templated":true}]}}