{"id":1150,"date":"2024-02-01T01:12:34","date_gmt":"2024-02-01T04:12:34","guid":{"rendered":"https:\/\/www.lojafare.com.br\/?post_type=product&#038;p=1150"},"modified":"2024-02-06T11:50:41","modified_gmt":"2024-02-06T14:50:41","slug":"carregador-de-bateria-lanterna-tatica-4-2v-bivolt","status":"publish","type":"product","link":"https:\/\/www.lojafare.com.br\/?product=carregador-de-bateria-lanterna-tatica-4-2v-bivolt","title":{"rendered":"CARREGADOR DE BATERIA LANTERNA TATICA 4.2V BIVOLT"},"content":{"rendered":"<p>INFORMA\u00c7\u00d5ES T\u00c9CNICAS<\/p>\n<p>&#8211; Material de ABS Resistente<br \/>\n&#8211; medidas: 10,5cm x 4cm \/ 7cm (COM A TOMADA)<br \/>\n&#8211; Compacto e f\u00e1cil de transportar<br \/>\n&#8211; Voltagem: 110v e 220v<br \/>\n&#8211; N\u00e3o Carrega Via USB<br \/>\n&#8211; N\u00e3o Carrega Pilha<br \/>\n&#8211; N\u00e3o Acompanha a Bateria (Nos consulte a disposi\u00e7\u00e3o da Bateria)<\/p>\n<p>ITENS INCLUSOS<\/p>\n<p>&#8211; 1 Carregador Bateria.<\/p>\n","protected":false},"excerpt":{"rendered":"<p>INFORMA\u00c7\u00d5ES T\u00c9CNICAS &#8211; Material de ABS Resistente &#8211; medidas: 10,5cm x 4cm \/ 7cm (COM A TOMADA) &#8211; Compacto e f\u00e1cil de transportar &#8211; Voltagem: 110v e 220v &#8211; N\u00e3o Carrega Via USB &#8211; N\u00e3o Carrega Pilha &#8211; N\u00e3o Acompanha a Bateria (Nos consulte a disposi\u00e7\u00e3o da Bateria) ITENS INCLUSOS &#8211; 1 Carregador Bateria.<\/p>\n","protected":false},"featured_media":1155,"comment_status":"open","ping_status":"closed","template":"","meta":{"_joinchat":[]},"product_cat":[33,123],"product_tag":[],"class_list":{"0":"post-1150","1":"product","2":"type-product","3":"status-publish","4":"has-post-thumbnail","6":"product_cat-baterias-e-carregadores","7":"product_cat-lanternas-taticas","9":"first","10":"instock","11":"shipping-taxable","12":"purchasable","13":"product-type-simple"},"jetpack_sharing_enabled":true,"_links":{"self":[{"href":"https:\/\/www.lojafare.com.br\/index.php?rest_route=\/wp\/v2\/product\/1150","targetHints":{"allow":["GET"]}}],"collection":[{"href":"https:\/\/www.lojafare.com.br\/index.php?rest_route=\/wp\/v2\/product"}],"about":[{"href":"https:\/\/www.lojafare.com.br\/index.php?rest_route=\/wp\/v2\/types\/product"}],"replies":[{"embeddable":true,"href":"https:\/\/www.lojafare.com.br\/index.php?rest_route=%2Fwp%2Fv2%2Fcomments&post=1150"}],"wp:featuredmedia":[{"embeddable":true,"href":"https:\/\/www.lojafare.com.br\/index.php?rest_route=\/wp\/v2\/media\/1155"}],"wp:attachment":[{"href":"https:\/\/www.lojafare.com.br\/index.php?rest_route=%2Fwp%2Fv2%2Fmedia&parent=1150"}],"wp:term":[{"taxonomy":"product_cat","embeddable":true,"href":"https:\/\/www.lojafare.com.br\/index.php?rest_route=%2Fwp%2Fv2%2Fproduct_cat&post=1150"},{"taxonomy":"product_tag","embeddable":true,"href":"https:\/\/www.lojafare.com.br\/index.php?rest_route=%2Fwp%2Fv2%2Fproduct_tag&post=1150"}],"curies":[{"name":"wp","href":"https:\/\/api.w.org\/{rel}","templated":true}]}}