{"id":1156,"date":"2024-02-01T01:20:25","date_gmt":"2024-02-01T04:20:25","guid":{"rendered":"https:\/\/www.lojafare.com.br\/?post_type=product&#038;p=1156"},"modified":"2024-02-01T01:42:03","modified_gmt":"2024-02-01T04:42:03","slug":"bateria-lanterna-3-7v","status":"publish","type":"product","link":"https:\/\/www.lojafare.com.br\/?product=bateria-lanterna-3-7v","title":{"rendered":"Bateria Lanterna 3.7v &#8211; M\u00e9dia"},"content":{"rendered":"<p><span data-spm-anchor-id=\"a2g0o.detail.1000023.i0.6840l6O5l6O5Jp\">Descri\u00e7\u00e3o:<\/span><\/p>\n<p>18650 3000mah 3.7v bateria lanterna recarreg\u00e1vel, amplamente aplic\u00e1vel \u00e0 maioria dos produtos da bateria de l\u00edtio 18650 no mercado.<\/p>\n<p>Especifica\u00e7\u00f5es:<\/p>\n<p>Tipo de bateria: 18650 bateria recarreg\u00e1vel<\/p>\n<p>Tens\u00e3o: 3.7v<\/p>\n<p>Capacidade: 3000mah<\/p>\n<p><span data-spm-anchor-id=\"a2g0o.detail.1000023.i4.6840l6O5l6O5Jp\">Tempos recarreg\u00e1veis: at\u00e9 1800 vezes<\/span><\/p>\n<p>Cor: vermelho<\/p>\n<p>Tamanho: 65mm x 18mm<\/p>\n<p>Pacote inclu\u00eddo:<\/p>\n<p>1 pces * bateria<\/p>\n<p>Ou ent\u00e3o&#8230;<\/p>\n<p>2 pces * bateria (opcional)<\/p>\n","protected":false},"excerpt":{"rendered":"<p>Descri\u00e7\u00e3o: 18650 3000mah 3.7v bateria lanterna recarreg\u00e1vel, amplamente aplic\u00e1vel \u00e0 maioria dos produtos da bateria de l\u00edtio 18650 no mercado. Especifica\u00e7\u00f5es: Tipo de bateria: 18650 bateria recarreg\u00e1vel Tens\u00e3o: 3.7v Capacidade: 3000mah Tempos recarreg\u00e1veis: at\u00e9 1800 vezes Cor: vermelho Tamanho: 65mm x 18mm Pacote inclu\u00eddo: 1 pces * bateria Ou ent\u00e3o&#8230; 2 pces * bateria (opcional)<\/p>\n","protected":false},"featured_media":1160,"comment_status":"open","ping_status":"closed","template":"","meta":{"_joinchat":[]},"product_cat":[33,123],"product_tag":[],"class_list":{"0":"post-1156","1":"product","2":"type-product","3":"status-publish","4":"has-post-thumbnail","6":"product_cat-baterias-e-carregadores","7":"product_cat-lanternas-taticas","9":"first","10":"instock","11":"shipping-taxable","12":"purchasable","13":"product-type-simple"},"jetpack_sharing_enabled":true,"_links":{"self":[{"href":"https:\/\/www.lojafare.com.br\/index.php?rest_route=\/wp\/v2\/product\/1156","targetHints":{"allow":["GET"]}}],"collection":[{"href":"https:\/\/www.lojafare.com.br\/index.php?rest_route=\/wp\/v2\/product"}],"about":[{"href":"https:\/\/www.lojafare.com.br\/index.php?rest_route=\/wp\/v2\/types\/product"}],"replies":[{"embeddable":true,"href":"https:\/\/www.lojafare.com.br\/index.php?rest_route=%2Fwp%2Fv2%2Fcomments&post=1156"}],"wp:featuredmedia":[{"embeddable":true,"href":"https:\/\/www.lojafare.com.br\/index.php?rest_route=\/wp\/v2\/media\/1160"}],"wp:attachment":[{"href":"https:\/\/www.lojafare.com.br\/index.php?rest_route=%2Fwp%2Fv2%2Fmedia&parent=1156"}],"wp:term":[{"taxonomy":"product_cat","embeddable":true,"href":"https:\/\/www.lojafare.com.br\/index.php?rest_route=%2Fwp%2Fv2%2Fproduct_cat&post=1156"},{"taxonomy":"product_tag","embeddable":true,"href":"https:\/\/www.lojafare.com.br\/index.php?rest_route=%2Fwp%2Fv2%2Fproduct_tag&post=1156"}],"curies":[{"name":"wp","href":"https:\/\/api.w.org\/{rel}","templated":true}]}}