{"id":1362,"date":"2024-02-06T08:11:49","date_gmt":"2024-02-06T11:11:49","guid":{"rendered":"https:\/\/www.lojafare.com.br\/?post_type=product&#038;p=1362"},"modified":"2024-02-06T08:12:55","modified_gmt":"2024-02-06T11:12:55","slug":"chaveiro-mosquetao-polimero-resistente-tan","status":"publish","type":"product","link":"https:\/\/www.lojafare.com.br\/?product=chaveiro-mosquetao-polimero-resistente-tan","title":{"rendered":"Chaveiro Mosquet\u00e3o Pol\u00edmero Resistente &#8211; Tan"},"content":{"rendered":"<h2 class=\"SectionTitle__title___Mc+hH\">Descri\u00e7\u00e3o do Produto<\/h2>\n<div class=\"ProductDescription__description___bly+m\">\n<p data-testid=\"paragraph\">O mosquet\u00e3o Quick Tactic da NTK T\u00e1tico foi desenvolvido para pendurar objetos leves e t\u00e1ticos que n\u00e3o tragam ou envolvam riscos aos usu\u00e1rios.<\/p>\n<p data-testid=\"paragraph\">Especifica\u00e7\u00f5es<\/p>\n<p data-testid=\"paragraph\">Material: Pol\u00edmero de alta resist\u00eancia<\/p>\n<p data-testid=\"paragraph\">Medidas: 8,5cm x 5,6cm &#8211; topo | 4cm &#8211; base| 0,7cm &#8211; espessura<\/p>\n<p data-testid=\"paragraph\">Peso: 14gr cada<\/p>\n<p data-testid=\"paragraph\">Conte\u00fado Embalagem: 2 unidades (1 unidade (Bege) e 1 unidade (Preta)<\/p>\n<p data-testid=\"paragraph\">Peso bruto do produto:\u00a00,170\u00a0kg<\/p>\n<\/div>\n","protected":false},"excerpt":{"rendered":"<p>Descri\u00e7\u00e3o do Produto O mosquet\u00e3o Quick Tactic da NTK T\u00e1tico foi desenvolvido para pendurar objetos leves e t\u00e1ticos que n\u00e3o tragam ou envolvam riscos aos usu\u00e1rios. Especifica\u00e7\u00f5es Material: Pol\u00edmero de alta resist\u00eancia Medidas: 8,5cm x 5,6cm &#8211; topo | 4cm &#8211; base| 0,7cm &#8211; espessura Peso: 14gr cada Conte\u00fado Embalagem: 2 unidades (1 unidade (Bege) [&#8230;]\n","protected":false},"featured_media":1363,"comment_status":"open","ping_status":"closed","template":"","meta":{"_joinchat":[]},"product_cat":[83],"product_tag":[],"class_list":{"0":"post-1362","1":"product","2":"type-product","3":"status-publish","4":"has-post-thumbnail","6":"product_cat-chaveiros","8":"first","9":"instock","10":"shipping-taxable","11":"purchasable","12":"product-type-simple"},"jetpack_sharing_enabled":true,"_links":{"self":[{"href":"https:\/\/www.lojafare.com.br\/index.php?rest_route=\/wp\/v2\/product\/1362","targetHints":{"allow":["GET"]}}],"collection":[{"href":"https:\/\/www.lojafare.com.br\/index.php?rest_route=\/wp\/v2\/product"}],"about":[{"href":"https:\/\/www.lojafare.com.br\/index.php?rest_route=\/wp\/v2\/types\/product"}],"replies":[{"embeddable":true,"href":"https:\/\/www.lojafare.com.br\/index.php?rest_route=%2Fwp%2Fv2%2Fcomments&post=1362"}],"wp:featuredmedia":[{"embeddable":true,"href":"https:\/\/www.lojafare.com.br\/index.php?rest_route=\/wp\/v2\/media\/1363"}],"wp:attachment":[{"href":"https:\/\/www.lojafare.com.br\/index.php?rest_route=%2Fwp%2Fv2%2Fmedia&parent=1362"}],"wp:term":[{"taxonomy":"product_cat","embeddable":true,"href":"https:\/\/www.lojafare.com.br\/index.php?rest_route=%2Fwp%2Fv2%2Fproduct_cat&post=1362"},{"taxonomy":"product_tag","embeddable":true,"href":"https:\/\/www.lojafare.com.br\/index.php?rest_route=%2Fwp%2Fv2%2Fproduct_tag&post=1362"}],"curies":[{"name":"wp","href":"https:\/\/api.w.org\/{rel}","templated":true}]}}