{"id":1368,"date":"2024-02-06T09:14:42","date_gmt":"2024-02-06T12:14:42","guid":{"rendered":"https:\/\/www.lojafare.com.br\/?post_type=product&#038;p=1368"},"modified":"2024-02-06T09:14:42","modified_gmt":"2024-02-06T12:14:42","slug":"chaveiro-sniper-ouro-velho","status":"publish","type":"product","link":"https:\/\/www.lojafare.com.br\/?product=chaveiro-sniper-ouro-velho","title":{"rendered":"Chaveiro Sniper &#8211; Ouro Velho"},"content":{"rendered":"<p>O Rifle foi desenvolvido pela Accuracy International Arctic Warfare. Geralmente vem equipado com miras telesc\u00f3picas para melhor flexibilidade e precis\u00e3o dos tiros. Seu desempenho pode alterar dependendo da muni\u00e7\u00e3o utilizada.<\/p>\n<p><strong>Caracteristicas:<\/strong><\/p>\n<ul>\n<li>Produzido em Zamac, uma liga de zinco composta por quatro componentes\u00a0met\u00e1licos b\u00e1sicos: Alum\u00ednio, Cobre, Magn\u00e9sio e Zinco<\/li>\n<li>Altamente detalhado<\/li>\n<li>Produto para presente ou cole\u00e7\u00e3o<\/li>\n<li><\/li>\n<\/ul>\n<p><strong>Dimens\u00f5es aproximadas:<\/strong><br \/>\nComprimento: 9,8 cm<br \/>\nLargura: 1,9 cm<br \/>\nEngate: 6,4 cm<br \/>\nPeso: 24 g<\/p>\n<p>&nbsp;<\/p>\n<p>&nbsp;<\/p>\n<p><strong>Imagens ilustrativas. Produto sujeito a altera\u00e7\u00f5es sem aviso pr\u00e9vio.<\/strong><\/p>\n","protected":false},"excerpt":{"rendered":"<p>O Rifle foi desenvolvido pela Accuracy International Arctic Warfare. Geralmente vem equipado com miras telesc\u00f3picas para melhor flexibilidade e precis\u00e3o dos tiros. Seu desempenho pode alterar dependendo da muni\u00e7\u00e3o utilizada. Caracteristicas: Produzido em Zamac, uma liga de zinco composta por quatro componentes\u00a0met\u00e1licos b\u00e1sicos: Alum\u00ednio, Cobre, Magn\u00e9sio e Zinco Altamente detalhado Produto para presente ou cole\u00e7\u00e3o [&#8230;]\n","protected":false},"featured_media":1371,"comment_status":"open","ping_status":"closed","template":"","meta":{"_joinchat":[]},"product_cat":[83],"product_tag":[],"class_list":{"0":"post-1368","1":"product","2":"type-product","3":"status-publish","4":"has-post-thumbnail","6":"product_cat-chaveiros","8":"first","9":"instock","10":"shipping-taxable","11":"purchasable","12":"product-type-simple"},"jetpack_sharing_enabled":true,"_links":{"self":[{"href":"https:\/\/www.lojafare.com.br\/index.php?rest_route=\/wp\/v2\/product\/1368","targetHints":{"allow":["GET"]}}],"collection":[{"href":"https:\/\/www.lojafare.com.br\/index.php?rest_route=\/wp\/v2\/product"}],"about":[{"href":"https:\/\/www.lojafare.com.br\/index.php?rest_route=\/wp\/v2\/types\/product"}],"replies":[{"embeddable":true,"href":"https:\/\/www.lojafare.com.br\/index.php?rest_route=%2Fwp%2Fv2%2Fcomments&post=1368"}],"wp:featuredmedia":[{"embeddable":true,"href":"https:\/\/www.lojafare.com.br\/index.php?rest_route=\/wp\/v2\/media\/1371"}],"wp:attachment":[{"href":"https:\/\/www.lojafare.com.br\/index.php?rest_route=%2Fwp%2Fv2%2Fmedia&parent=1368"}],"wp:term":[{"taxonomy":"product_cat","embeddable":true,"href":"https:\/\/www.lojafare.com.br\/index.php?rest_route=%2Fwp%2Fv2%2Fproduct_cat&post=1368"},{"taxonomy":"product_tag","embeddable":true,"href":"https:\/\/www.lojafare.com.br\/index.php?rest_route=%2Fwp%2Fv2%2Fproduct_tag&post=1368"}],"curies":[{"name":"wp","href":"https:\/\/api.w.org\/{rel}","templated":true}]}}