{"id":1372,"date":"2024-02-06T09:36:10","date_gmt":"2024-02-06T12:36:10","guid":{"rendered":"https:\/\/www.lojafare.com.br\/?post_type=product&#038;p=1372"},"modified":"2024-02-06T09:36:10","modified_gmt":"2024-02-06T12:36:10","slug":"chaveiro-rpg-07","status":"publish","type":"product","link":"https:\/\/www.lojafare.com.br\/?product=chaveiro-rpg-07","title":{"rendered":"Chaveiro RPG 07"},"content":{"rendered":"<p>Foi inspirado RPG-7\u00a0\u00e9 um\u00a0lan\u00e7ador de granada propulsada por foguete\u00a0port\u00e1til, reutiliz\u00e1vel, de mira manual e utilizado no ombro, principalmente como\u00a0arma anticarro, no final da\u00a0d\u00e9cada de 1950,\u00a0por ser baixo custo e efici\u00eancia do RPG-7 fez deste a arma anti-blindado mais utilizado no mundo. Atualmente mais de 40 pa\u00edses tem o RPG-7 no seu invent\u00e1rio<\/p>\n<p>&nbsp;<\/p>\n<p><strong>Caracteristicas:<\/strong><\/p>\n<ul>\n<li>Produzido em Zamac, uma liga de zinco composta por quatro componentes\u00a0met\u00e1licos b\u00e1sicos: Alum\u00ednio, Cobre, Magn\u00e9sio e Zinco<\/li>\n<li>Altamente detalhado<\/li>\n<li>Produto para presente ou cole\u00e7\u00e3o<\/li>\n<\/ul>\n<p>&nbsp;<\/p>\n<p><strong>Dimens\u00f5es aproximadas:<\/strong><br \/>\nComprimento: 10 cm<br \/>\nLargura: 0,6 cm<br \/>\nEngate: 6,4 cm<br \/>\nPeso: 18 g<\/p>\n","protected":false},"excerpt":{"rendered":"<p>Foi inspirado RPG-7\u00a0\u00e9 um\u00a0lan\u00e7ador de granada propulsada por foguete\u00a0port\u00e1til, reutiliz\u00e1vel, de mira manual e utilizado no ombro, principalmente como\u00a0arma anticarro, no final da\u00a0d\u00e9cada de 1950,\u00a0por ser baixo custo e efici\u00eancia do RPG-7 fez deste a arma anti-blindado mais utilizado no mundo. Atualmente mais de 40 pa\u00edses tem o RPG-7 no seu invent\u00e1rio &nbsp; Caracteristicas: Produzido [&#8230;]\n","protected":false},"featured_media":1374,"comment_status":"open","ping_status":"closed","template":"","meta":{"_joinchat":[]},"product_cat":[83],"product_tag":[],"class_list":{"0":"post-1372","1":"product","2":"type-product","3":"status-publish","4":"has-post-thumbnail","6":"product_cat-chaveiros","8":"first","9":"instock","10":"shipping-taxable","11":"purchasable","12":"product-type-simple"},"jetpack_sharing_enabled":true,"_links":{"self":[{"href":"https:\/\/www.lojafare.com.br\/index.php?rest_route=\/wp\/v2\/product\/1372","targetHints":{"allow":["GET"]}}],"collection":[{"href":"https:\/\/www.lojafare.com.br\/index.php?rest_route=\/wp\/v2\/product"}],"about":[{"href":"https:\/\/www.lojafare.com.br\/index.php?rest_route=\/wp\/v2\/types\/product"}],"replies":[{"embeddable":true,"href":"https:\/\/www.lojafare.com.br\/index.php?rest_route=%2Fwp%2Fv2%2Fcomments&post=1372"}],"wp:featuredmedia":[{"embeddable":true,"href":"https:\/\/www.lojafare.com.br\/index.php?rest_route=\/wp\/v2\/media\/1374"}],"wp:attachment":[{"href":"https:\/\/www.lojafare.com.br\/index.php?rest_route=%2Fwp%2Fv2%2Fmedia&parent=1372"}],"wp:term":[{"taxonomy":"product_cat","embeddable":true,"href":"https:\/\/www.lojafare.com.br\/index.php?rest_route=%2Fwp%2Fv2%2Fproduct_cat&post=1372"},{"taxonomy":"product_tag","embeddable":true,"href":"https:\/\/www.lojafare.com.br\/index.php?rest_route=%2Fwp%2Fv2%2Fproduct_tag&post=1372"}],"curies":[{"name":"wp","href":"https:\/\/api.w.org\/{rel}","templated":true}]}}