{"id":1386,"date":"2024-02-06T11:25:15","date_gmt":"2024-02-06T14:25:15","guid":{"rendered":"https:\/\/www.lojafare.com.br\/?post_type=product&#038;p=1386"},"modified":"2024-02-06T11:25:15","modified_gmt":"2024-02-06T14:25:15","slug":"capsula-co2-cilindro-12g","status":"publish","type":"product","link":"https:\/\/www.lojafare.com.br\/?product=capsula-co2-cilindro-12g","title":{"rendered":"C\u00e1psula Co2 Cilindro 12g"},"content":{"rendered":"<p>ESPECIFICA\u00c7\u00d5ES T\u00c9CNICAS:<\/p>\n<p>&#8211; Composi\u00e7\u00e3o: G\u00e1s Co2<br \/>\n&#8211; Peso l\u00edquido: 12 gramas<br \/>\n&#8211; Peso bruto: 43 gramas<br \/>\n&#8211; Comprimento: 82.5mm<br \/>\n&#8211; Di\u00e2metro: 18.6mm<br \/>\n&#8211; Encaixe: 3\/8&#8243; sem rosca<br \/>\n&#8211; Comprimeiro do encaixa: 1\/2&#8243;<br \/>\n&#8211; CO2 puro sem \u00f3leo ou contaminantes<\/p>\n","protected":false},"excerpt":{"rendered":"<p>ESPECIFICA\u00c7\u00d5ES T\u00c9CNICAS: &#8211; Composi\u00e7\u00e3o: G\u00e1s Co2 &#8211; Peso l\u00edquido: 12 gramas &#8211; Peso bruto: 43 gramas &#8211; Comprimento: 82.5mm &#8211; Di\u00e2metro: 18.6mm &#8211; Encaixe: 3\/8&#8243; sem rosca &#8211; Comprimeiro do encaixa: 1\/2&#8243; &#8211; CO2 puro sem \u00f3leo ou contaminantes<\/p>\n","protected":false},"featured_media":1388,"comment_status":"open","ping_status":"closed","template":"","meta":{"_joinchat":[]},"product_cat":[80],"product_tag":[],"class_list":{"0":"post-1386","1":"product","2":"type-product","3":"status-publish","4":"has-post-thumbnail","6":"product_cat-gas-e-lubrificante","8":"first","9":"instock","10":"shipping-taxable","11":"purchasable","12":"product-type-simple"},"jetpack_sharing_enabled":true,"_links":{"self":[{"href":"https:\/\/www.lojafare.com.br\/index.php?rest_route=\/wp\/v2\/product\/1386","targetHints":{"allow":["GET"]}}],"collection":[{"href":"https:\/\/www.lojafare.com.br\/index.php?rest_route=\/wp\/v2\/product"}],"about":[{"href":"https:\/\/www.lojafare.com.br\/index.php?rest_route=\/wp\/v2\/types\/product"}],"replies":[{"embeddable":true,"href":"https:\/\/www.lojafare.com.br\/index.php?rest_route=%2Fwp%2Fv2%2Fcomments&post=1386"}],"wp:featuredmedia":[{"embeddable":true,"href":"https:\/\/www.lojafare.com.br\/index.php?rest_route=\/wp\/v2\/media\/1388"}],"wp:attachment":[{"href":"https:\/\/www.lojafare.com.br\/index.php?rest_route=%2Fwp%2Fv2%2Fmedia&parent=1386"}],"wp:term":[{"taxonomy":"product_cat","embeddable":true,"href":"https:\/\/www.lojafare.com.br\/index.php?rest_route=%2Fwp%2Fv2%2Fproduct_cat&post=1386"},{"taxonomy":"product_tag","embeddable":true,"href":"https:\/\/www.lojafare.com.br\/index.php?rest_route=%2Fwp%2Fv2%2Fproduct_tag&post=1386"}],"curies":[{"name":"wp","href":"https:\/\/api.w.org\/{rel}","templated":true}]}}