{"id":1389,"date":"2024-02-06T11:36:01","date_gmt":"2024-02-06T14:36:01","guid":{"rendered":"https:\/\/www.lojafare.com.br\/?post_type=product&#038;p=1389"},"modified":"2024-02-06T11:36:01","modified_gmt":"2024-02-06T14:36:01","slug":"kit-camuflagem-militar-em-bastao","status":"publish","type":"product","link":"https:\/\/www.lojafare.com.br\/?product=kit-camuflagem-militar-em-bastao","title":{"rendered":"Kit Camuflagem Militar em Bast\u00e3o"},"content":{"rendered":"<h2 class=\"WjNdTR\">Descri\u00e7\u00e3o Do Produto<\/h2>\n<div class=\"Gf4Ro0\">\n<div class=\"e8lZp3\">\n<p class=\"QN2lPu\">Kit Camuflagem Bast\u00e3o Composto por 3 cores: 2 Pretas 2 Verdes 1 Marrom<\/p>\n<p class=\"QN2lPu\">Marca MILITAR BRASIL Composi\u00e7\u00e3o da Tinta: &#8211; Vaselina &#8211; Pigmentos org\u00e2nicos &#8211; Conservante<\/p>\n<p class=\"QN2lPu\">Instru\u00e7\u00f5es de Remo\u00e7\u00e3o: &#8211; Utilizar papel toalha ou len\u00e7o umidecido &#8211; Ap\u00f3s a utiliza\u00e7\u00e3o, lavar o rosto com \u00e1gua corrente e sab\u00e3o<\/p>\n<\/div>\n<\/div>\n","protected":false},"excerpt":{"rendered":"<p>Descri\u00e7\u00e3o Do Produto Kit Camuflagem Bast\u00e3o Composto por 3 cores: 2 Pretas 2 Verdes 1 Marrom Marca MILITAR BRASIL Composi\u00e7\u00e3o da Tinta: &#8211; Vaselina &#8211; Pigmentos org\u00e2nicos &#8211; Conservante Instru\u00e7\u00f5es de Remo\u00e7\u00e3o: &#8211; Utilizar papel toalha ou len\u00e7o umidecido &#8211; Ap\u00f3s a utiliza\u00e7\u00e3o, lavar o rosto com \u00e1gua corrente e sab\u00e3o<\/p>\n","protected":false},"featured_media":1391,"comment_status":"open","ping_status":"closed","template":"","meta":{"_joinchat":[]},"product_cat":[88],"product_tag":[],"class_list":{"0":"post-1389","1":"product","2":"type-product","3":"status-publish","4":"has-post-thumbnail","6":"product_cat-camuflagem","8":"first","9":"instock","10":"shipping-taxable","11":"purchasable","12":"product-type-simple"},"jetpack_sharing_enabled":true,"_links":{"self":[{"href":"https:\/\/www.lojafare.com.br\/index.php?rest_route=\/wp\/v2\/product\/1389","targetHints":{"allow":["GET"]}}],"collection":[{"href":"https:\/\/www.lojafare.com.br\/index.php?rest_route=\/wp\/v2\/product"}],"about":[{"href":"https:\/\/www.lojafare.com.br\/index.php?rest_route=\/wp\/v2\/types\/product"}],"replies":[{"embeddable":true,"href":"https:\/\/www.lojafare.com.br\/index.php?rest_route=%2Fwp%2Fv2%2Fcomments&post=1389"}],"wp:featuredmedia":[{"embeddable":true,"href":"https:\/\/www.lojafare.com.br\/index.php?rest_route=\/wp\/v2\/media\/1391"}],"wp:attachment":[{"href":"https:\/\/www.lojafare.com.br\/index.php?rest_route=%2Fwp%2Fv2%2Fmedia&parent=1389"}],"wp:term":[{"taxonomy":"product_cat","embeddable":true,"href":"https:\/\/www.lojafare.com.br\/index.php?rest_route=%2Fwp%2Fv2%2Fproduct_cat&post=1389"},{"taxonomy":"product_tag","embeddable":true,"href":"https:\/\/www.lojafare.com.br\/index.php?rest_route=%2Fwp%2Fv2%2Fproduct_tag&post=1389"}],"curies":[{"name":"wp","href":"https:\/\/api.w.org\/{rel}","templated":true}]}}