{"id":1409,"date":"2024-02-06T15:27:13","date_gmt":"2024-02-06T18:27:13","guid":{"rendered":"https:\/\/www.lojafare.com.br\/?post_type=product&#038;p=1409"},"modified":"2024-02-06T16:18:01","modified_gmt":"2024-02-06T19:18:01","slug":"combat-shirt-black-preta","status":"publish","type":"product","link":"https:\/\/www.lojafare.com.br\/?product=combat-shirt-black-preta","title":{"rendered":"COMBAT SHIRT BLACK (PRETA )"},"content":{"rendered":"<p><span style=\"color: #000000;\">UAIFARDAS utiliza o tecido Rip Stop profissional militar, confeccionado com 67% poli\u00e9ster e 33% algod\u00e3o nas mangas\u00a0 e gola\u00a0<\/span><\/p>\n<p><span style=\"color: #000000;\">seus fios s\u00e3o entrela\u00e7ados, criando um padr\u00e3o de bloqueio a um eventual corte, evitando que o tecido seja desfiado. Sua principal caracter\u00edstica \u00e9 sua durabilidade.\u00a0 <\/span><\/p>\n<p><span style=\"color: #000000;\">O tecido do peito, \u00e9 composto por malha poliviscose (malha PV).\u00a0<\/span><\/p>\n<p><span style=\"color: #000000;\">Pode ser utilizada em diversas situa\u00e7\u00f5es, como a\u00e7\u00f5es t\u00e1ticas, camping, militaria, esportes radicais, pr\u00e1tica de tiro, aventura, escaladas, entre outros.<\/span><\/p>\n","protected":false},"excerpt":{"rendered":"<p>UAIFARDAS utiliza o tecido Rip Stop profissional militar, confeccionado com 67% poli\u00e9ster e 33% algod\u00e3o nas mangas\u00a0 e gola\u00a0 seus fios s\u00e3o entrela\u00e7ados, criando um padr\u00e3o de bloqueio a um eventual corte, evitando que o tecido seja desfiado. Sua principal caracter\u00edstica \u00e9 sua durabilidade.\u00a0 O tecido do peito, \u00e9 composto por malha poliviscose (malha PV).\u00a0 [&#8230;]\n","protected":false},"featured_media":1420,"comment_status":"open","ping_status":"closed","template":"","meta":{"_joinchat":[]},"product_cat":[44,100],"product_tag":[],"class_list":{"0":"post-1409","1":"product","2":"type-product","3":"status-publish","4":"has-post-thumbnail","6":"product_cat-fardas-e-uniformes","7":"product_cat-gandolas-e-combat-shirt","9":"first","10":"instock","11":"shipping-taxable","12":"purchasable","13":"product-type-simple"},"jetpack_sharing_enabled":true,"_links":{"self":[{"href":"https:\/\/www.lojafare.com.br\/index.php?rest_route=\/wp\/v2\/product\/1409","targetHints":{"allow":["GET"]}}],"collection":[{"href":"https:\/\/www.lojafare.com.br\/index.php?rest_route=\/wp\/v2\/product"}],"about":[{"href":"https:\/\/www.lojafare.com.br\/index.php?rest_route=\/wp\/v2\/types\/product"}],"replies":[{"embeddable":true,"href":"https:\/\/www.lojafare.com.br\/index.php?rest_route=%2Fwp%2Fv2%2Fcomments&post=1409"}],"wp:featuredmedia":[{"embeddable":true,"href":"https:\/\/www.lojafare.com.br\/index.php?rest_route=\/wp\/v2\/media\/1420"}],"wp:attachment":[{"href":"https:\/\/www.lojafare.com.br\/index.php?rest_route=%2Fwp%2Fv2%2Fmedia&parent=1409"}],"wp:term":[{"taxonomy":"product_cat","embeddable":true,"href":"https:\/\/www.lojafare.com.br\/index.php?rest_route=%2Fwp%2Fv2%2Fproduct_cat&post=1409"},{"taxonomy":"product_tag","embeddable":true,"href":"https:\/\/www.lojafare.com.br\/index.php?rest_route=%2Fwp%2Fv2%2Fproduct_tag&post=1409"}],"curies":[{"name":"wp","href":"https:\/\/api.w.org\/{rel}","templated":true}]}}