{"id":1414,"date":"2024-02-06T15:44:27","date_gmt":"2024-02-06T18:44:27","guid":{"rendered":"https:\/\/www.lojafare.com.br\/?post_type=product&#038;p=1414"},"modified":"2024-02-20T17:50:16","modified_gmt":"2024-02-20T20:50:16","slug":"fardamento-calca-e-combat-shirt-black-preta","status":"publish","type":"product","link":"https:\/\/www.lojafare.com.br\/?product=fardamento-calca-e-combat-shirt-black-preta","title":{"rendered":"FARDAMENTO CAL\u00c7A E COMBAT SHIRT BLACK (PRETA)"},"content":{"rendered":"<p><strong>COMBAT SHIRT:<\/strong>\u00a0Tecido em Rip Stop profissional militar nas mangas e gola. Malha pv super no peito e costas. Reguladores de tamanho no pulso. Possui 02 (dois) bolsos para fixa\u00e7\u00e3o de &#8220;patches&#8221;.<\/p>\n<p><strong>CAL\u00c7A:<\/strong>\u00a0Tecido em Rip Stop profissional militar com 02 Bolsos traseiros com fecho de contato, 02 Bolsos laterais, tipo cargo e 02 Bolsos internos. Fechamento por z\u00edper e bot\u00e3o. Refor\u00e7o duplo com 5 costuras no &#8220;cavalo&#8221; tamb\u00e9m em rip stop e Refor\u00e7o duplo em &#8220;X&#8221; nos joelhos.<\/p>\n<p><strong>Acess\u00f3rios n\u00e3o acompanham o produto\u00a0<\/strong><\/p>\n","protected":false},"excerpt":{"rendered":"<p>COMBAT SHIRT:\u00a0Tecido em Rip Stop profissional militar nas mangas e gola. Malha pv super no peito e costas. Reguladores de tamanho no pulso. Possui 02 (dois) bolsos para fixa\u00e7\u00e3o de &#8220;patches&#8221;. CAL\u00c7A:\u00a0Tecido em Rip Stop profissional militar com 02 Bolsos traseiros com fecho de contato, 02 Bolsos laterais, tipo cargo e 02 Bolsos internos. Fechamento [&#8230;]\n","protected":false},"featured_media":1417,"comment_status":"open","ping_status":"closed","template":"","meta":{"_joinchat":[]},"product_cat":[44],"product_tag":[],"class_list":{"0":"post-1414","1":"product","2":"type-product","3":"status-publish","4":"has-post-thumbnail","6":"product_cat-fardas-e-uniformes","8":"first","9":"instock","10":"shipping-taxable","11":"purchasable","12":"product-type-simple"},"jetpack_sharing_enabled":true,"_links":{"self":[{"href":"https:\/\/www.lojafare.com.br\/index.php?rest_route=\/wp\/v2\/product\/1414","targetHints":{"allow":["GET"]}}],"collection":[{"href":"https:\/\/www.lojafare.com.br\/index.php?rest_route=\/wp\/v2\/product"}],"about":[{"href":"https:\/\/www.lojafare.com.br\/index.php?rest_route=\/wp\/v2\/types\/product"}],"replies":[{"embeddable":true,"href":"https:\/\/www.lojafare.com.br\/index.php?rest_route=%2Fwp%2Fv2%2Fcomments&post=1414"}],"wp:featuredmedia":[{"embeddable":true,"href":"https:\/\/www.lojafare.com.br\/index.php?rest_route=\/wp\/v2\/media\/1417"}],"wp:attachment":[{"href":"https:\/\/www.lojafare.com.br\/index.php?rest_route=%2Fwp%2Fv2%2Fmedia&parent=1414"}],"wp:term":[{"taxonomy":"product_cat","embeddable":true,"href":"https:\/\/www.lojafare.com.br\/index.php?rest_route=%2Fwp%2Fv2%2Fproduct_cat&post=1414"},{"taxonomy":"product_tag","embeddable":true,"href":"https:\/\/www.lojafare.com.br\/index.php?rest_route=%2Fwp%2Fv2%2Fproduct_tag&post=1414"}],"curies":[{"name":"wp","href":"https:\/\/api.w.org\/{rel}","templated":true}]}}