{"id":1424,"date":"2024-02-06T16:31:15","date_gmt":"2024-02-06T19:31:15","guid":{"rendered":"https:\/\/www.lojafare.com.br\/?post_type=product&#038;p=1424"},"modified":"2024-02-06T16:31:15","modified_gmt":"2024-02-06T19:31:15","slug":"calca-black-preta","status":"publish","type":"product","link":"https:\/\/www.lojafare.com.br\/?product=calca-black-preta","title":{"rendered":"CAL\u00c7A BLACK (PRETA)"},"content":{"rendered":"<p>ode ser utilizado em diversas situa\u00e7\u00f5es. Em a\u00e7\u00f5es t\u00e1ticas, camping, militaria, esportes radicais, airsoft, paintball, pr\u00e1tica de tiro, aventura, escaladas, entre outros.<\/p>\n<p><strong>CAL\u00c7A<\/strong>: Tecido em RipStop profissional militar com 02 Bolsos traseiros com fecho de contato, 02 Bolsos laterais, tipo cargo e 02 Bolsos internos. Fechamento por z\u00edper e bot\u00e3o. Refor\u00e7o duplo com 5 costuras no &#8220;cavalo&#8221; tamb\u00e9m em rip stop e Refor\u00e7o duplo em &#8220;X&#8221; nos joelhos.\u00a0 Regulagem por\u00a0 fecho de contato na barra da cal\u00e7a<\/p>\n<p><strong>Acess\u00f3rios n\u00e3o acompanham o produto.<\/strong><\/p>\n","protected":false},"excerpt":{"rendered":"<p>ode ser utilizado em diversas situa\u00e7\u00f5es. Em a\u00e7\u00f5es t\u00e1ticas, camping, militaria, esportes radicais, airsoft, paintball, pr\u00e1tica de tiro, aventura, escaladas, entre outros. CAL\u00c7A: Tecido em RipStop profissional militar com 02 Bolsos traseiros com fecho de contato, 02 Bolsos laterais, tipo cargo e 02 Bolsos internos. Fechamento por z\u00edper e bot\u00e3o. Refor\u00e7o duplo com 5 costuras [&#8230;]\n","protected":false},"featured_media":1426,"comment_status":"open","ping_status":"closed","template":"","meta":{"_joinchat":[]},"product_cat":[101,44],"product_tag":[],"class_list":{"0":"post-1424","1":"product","2":"type-product","3":"status-publish","4":"has-post-thumbnail","6":"product_cat-calcas-taticas-bermudas","7":"product_cat-fardas-e-uniformes","9":"first","10":"instock","11":"shipping-taxable","12":"purchasable","13":"product-type-simple"},"jetpack_sharing_enabled":true,"_links":{"self":[{"href":"https:\/\/www.lojafare.com.br\/index.php?rest_route=\/wp\/v2\/product\/1424","targetHints":{"allow":["GET"]}}],"collection":[{"href":"https:\/\/www.lojafare.com.br\/index.php?rest_route=\/wp\/v2\/product"}],"about":[{"href":"https:\/\/www.lojafare.com.br\/index.php?rest_route=\/wp\/v2\/types\/product"}],"replies":[{"embeddable":true,"href":"https:\/\/www.lojafare.com.br\/index.php?rest_route=%2Fwp%2Fv2%2Fcomments&post=1424"}],"wp:featuredmedia":[{"embeddable":true,"href":"https:\/\/www.lojafare.com.br\/index.php?rest_route=\/wp\/v2\/media\/1426"}],"wp:attachment":[{"href":"https:\/\/www.lojafare.com.br\/index.php?rest_route=%2Fwp%2Fv2%2Fmedia&parent=1424"}],"wp:term":[{"taxonomy":"product_cat","embeddable":true,"href":"https:\/\/www.lojafare.com.br\/index.php?rest_route=%2Fwp%2Fv2%2Fproduct_cat&post=1424"},{"taxonomy":"product_tag","embeddable":true,"href":"https:\/\/www.lojafare.com.br\/index.php?rest_route=%2Fwp%2Fv2%2Fproduct_tag&post=1424"}],"curies":[{"name":"wp","href":"https:\/\/api.w.org\/{rel}","templated":true}]}}