{"id":1543,"date":"2024-02-10T23:29:52","date_gmt":"2024-02-11T02:29:52","guid":{"rendered":"https:\/\/www.lojafare.com.br\/?post_type=product&#038;p=1543"},"modified":"2024-02-10T23:29:52","modified_gmt":"2024-02-11T02:29:52","slug":"par-bombacha-americano-c-engate-rapido","status":"publish","type":"product","link":"https:\/\/www.lojafare.com.br\/?product=par-bombacha-americano-c-engate-rapido","title":{"rendered":"Par Bombacha Americano C\/ Engate R\u00e1pido"},"content":{"rendered":"<p>Descri\u00e7\u00e3o<br \/>\nO bombacho \u00e9 um acess\u00f3rio utilizado para prender a barra da cal\u00e7a acima do coturno. Dessa forma a cal\u00e7a n\u00e3o fica presa e o usu\u00e1rio n\u00e3o perde a mobilidade.<\/p>\n<p>&#8211; Acess\u00f3rio utilizado principalmente pelas for\u00e7as armadas, por\u00e9m tamb\u00e9m pode ser utilizado por aventureiros ou praticantes de tiro esportivo.<br \/>\n&#8211; Produzido com el\u00e1stico e fechos em nylon.<br \/>\n&#8211; Fornecido em par.<\/p>\n<p>Dimens\u00f5es aproximadas:<\/p>\n<p>Comprimento: 27 cm<br \/>\nEspessura: 2 mm<\/p>\n<p>Peso: 5 g (par)<\/p>\n","protected":false},"excerpt":{"rendered":"<p>Descri\u00e7\u00e3o O bombacho \u00e9 um acess\u00f3rio utilizado para prender a barra da cal\u00e7a acima do coturno. Dessa forma a cal\u00e7a n\u00e3o fica presa e o usu\u00e1rio n\u00e3o perde a mobilidade. &#8211; Acess\u00f3rio utilizado principalmente pelas for\u00e7as armadas, por\u00e9m tamb\u00e9m pode ser utilizado por aventureiros ou praticantes de tiro esportivo. &#8211; Produzido com el\u00e1stico e fechos [&#8230;]\n","protected":false},"featured_media":1545,"comment_status":"open","ping_status":"closed","template":"","meta":{"_joinchat":[]},"product_cat":[94],"product_tag":[],"class_list":{"0":"post-1543","1":"product","2":"type-product","3":"status-publish","4":"has-post-thumbnail","6":"product_cat-meias-e-palmilhas","8":"first","9":"instock","10":"shipping-taxable","11":"purchasable","12":"product-type-simple"},"jetpack_sharing_enabled":true,"_links":{"self":[{"href":"https:\/\/www.lojafare.com.br\/index.php?rest_route=\/wp\/v2\/product\/1543","targetHints":{"allow":["GET"]}}],"collection":[{"href":"https:\/\/www.lojafare.com.br\/index.php?rest_route=\/wp\/v2\/product"}],"about":[{"href":"https:\/\/www.lojafare.com.br\/index.php?rest_route=\/wp\/v2\/types\/product"}],"replies":[{"embeddable":true,"href":"https:\/\/www.lojafare.com.br\/index.php?rest_route=%2Fwp%2Fv2%2Fcomments&post=1543"}],"wp:featuredmedia":[{"embeddable":true,"href":"https:\/\/www.lojafare.com.br\/index.php?rest_route=\/wp\/v2\/media\/1545"}],"wp:attachment":[{"href":"https:\/\/www.lojafare.com.br\/index.php?rest_route=%2Fwp%2Fv2%2Fmedia&parent=1543"}],"wp:term":[{"taxonomy":"product_cat","embeddable":true,"href":"https:\/\/www.lojafare.com.br\/index.php?rest_route=%2Fwp%2Fv2%2Fproduct_cat&post=1543"},{"taxonomy":"product_tag","embeddable":true,"href":"https:\/\/www.lojafare.com.br\/index.php?rest_route=%2Fwp%2Fv2%2Fproduct_tag&post=1543"}],"curies":[{"name":"wp","href":"https:\/\/api.w.org\/{rel}","templated":true}]}}