{"id":1546,"date":"2024-02-10T23:36:00","date_gmt":"2024-02-11T02:36:00","guid":{"rendered":"https:\/\/www.lojafare.com.br\/?post_type=product&#038;p=1546"},"modified":"2024-02-10T23:36:00","modified_gmt":"2024-02-11T02:36:00","slug":"cadarco-elastico-para-coturno-tatico-par","status":"publish","type":"product","link":"https:\/\/www.lojafare.com.br\/?product=cadarco-elastico-para-coturno-tatico-par","title":{"rendered":"Cadar\u00e7o El\u00e1stico para Coturno T\u00e1tico (par)"},"content":{"rendered":"<h2 class=\"WjNdTR\">Descri\u00e7\u00e3o Do Produto<\/h2>\n<div class=\"Gf4Ro0\">\n<div class=\"e8lZp3\">\n<p class=\"QN2lPu\">Facilidade e praticidade para cal\u00e7ar e tirar o coturno. O cadar\u00e7o el\u00e1stico para coturno al\u00e9m de facilidade transmite tamb\u00e9m seguran\u00e7a e conforto.<\/p>\n<p class=\"QN2lPu\">&#8211; Cor: Preta.<\/p>\n<p class=\"QN2lPu\">&#8211; Fornecido em par.<\/p>\n<p class=\"QN2lPu\">&#8211; Cont\u00e9m reguladores de tamanho.<\/p>\n<p class=\"QN2lPu\">&#8211; Torna o cal\u00e7ado mais confort\u00e1vel e male\u00e1vel durante caminhadas e exerc\u00edcios.<\/p>\n<p class=\"QN2lPu\">&#8211; Evita acidentes, visto que n\u00e3o possui o risco de desamarrar.<\/p>\n<p class=\"QN2lPu\">Medidas Aproximadas: Comprimento: 165 cm Peso: 30 g<\/p>\n<\/div>\n<\/div>\n","protected":false},"excerpt":{"rendered":"<p>Descri\u00e7\u00e3o Do Produto Facilidade e praticidade para cal\u00e7ar e tirar o coturno. O cadar\u00e7o el\u00e1stico para coturno al\u00e9m de facilidade transmite tamb\u00e9m seguran\u00e7a e conforto. &#8211; Cor: Preta. &#8211; Fornecido em par. &#8211; Cont\u00e9m reguladores de tamanho. &#8211; Torna o cal\u00e7ado mais confort\u00e1vel e male\u00e1vel durante caminhadas e exerc\u00edcios. &#8211; Evita acidentes, visto que n\u00e3o [&#8230;]\n","protected":false},"featured_media":1548,"comment_status":"open","ping_status":"closed","template":"","meta":{"_joinchat":[]},"product_cat":[94],"product_tag":[],"class_list":{"0":"post-1546","1":"product","2":"type-product","3":"status-publish","4":"has-post-thumbnail","6":"product_cat-meias-e-palmilhas","8":"first","9":"instock","10":"shipping-taxable","11":"purchasable","12":"product-type-simple"},"jetpack_sharing_enabled":true,"_links":{"self":[{"href":"https:\/\/www.lojafare.com.br\/index.php?rest_route=\/wp\/v2\/product\/1546","targetHints":{"allow":["GET"]}}],"collection":[{"href":"https:\/\/www.lojafare.com.br\/index.php?rest_route=\/wp\/v2\/product"}],"about":[{"href":"https:\/\/www.lojafare.com.br\/index.php?rest_route=\/wp\/v2\/types\/product"}],"replies":[{"embeddable":true,"href":"https:\/\/www.lojafare.com.br\/index.php?rest_route=%2Fwp%2Fv2%2Fcomments&post=1546"}],"wp:featuredmedia":[{"embeddable":true,"href":"https:\/\/www.lojafare.com.br\/index.php?rest_route=\/wp\/v2\/media\/1548"}],"wp:attachment":[{"href":"https:\/\/www.lojafare.com.br\/index.php?rest_route=%2Fwp%2Fv2%2Fmedia&parent=1546"}],"wp:term":[{"taxonomy":"product_cat","embeddable":true,"href":"https:\/\/www.lojafare.com.br\/index.php?rest_route=%2Fwp%2Fv2%2Fproduct_cat&post=1546"},{"taxonomy":"product_tag","embeddable":true,"href":"https:\/\/www.lojafare.com.br\/index.php?rest_route=%2Fwp%2Fv2%2Fproduct_tag&post=1546"}],"curies":[{"name":"wp","href":"https:\/\/api.w.org\/{rel}","templated":true}]}}