{"id":1551,"date":"2024-02-10T23:43:51","date_gmt":"2024-02-11T02:43:51","guid":{"rendered":"https:\/\/www.lojafare.com.br\/?post_type=product&#038;p=1551"},"modified":"2024-02-10T23:43:51","modified_gmt":"2024-02-11T02:43:51","slug":"passador-de-cinto-i-belica-preto","status":"publish","type":"product","link":"https:\/\/www.lojafare.com.br\/?product=passador-de-cinto-i-belica-preto","title":{"rendered":"Passador de Cinto I B\u00e9lica &#8211; Preto"},"content":{"rendered":"<p>O Passador de Cinto permite o uso e fixa\u00e7\u00e3o do coldre junto a cintura do operador. Permite a personaliza\u00e7\u00e3o do \u00e2ngulo do coldre, proporcionando assim maior conforto na hora do saque, deixando seus equipamentos sempre \u00e0 m\u00e3o.<\/p>\n<p><strong>\u00a0Caracter\u00edsticas:<\/strong><\/p>\n<ul>\n<li>Desenvolvido em pol\u00edmero de alta resist\u00eancia;<\/li>\n<li>Catraca rotativa que possibilita a rota\u00e7\u00e3o, para ajuste do \u00e2ngulo e maior conforto no manuseio do equipamento;<\/li>\n<li>Rota\u00e7\u00e3o de 360\u00ba;<\/li>\n<li>Passador de cinto ajust\u00e1vel, de 25mm at\u00e9 55mm;<\/li>\n<li>Possui um ponto de fixa\u00e7\u00e3o no equipamento.<\/li>\n<\/ul>\n<p><strong>Compat\u00edvel com:<\/strong><\/p>\n<ul>\n<li>Coldre Eagle;<\/li>\n<li>Coldre Rev\u00f3lver;<\/li>\n<li>Adaptador Speed;<\/li>\n<li>Porta Algemas;<\/li>\n<li>Porta Carregadores.<\/li>\n<\/ul>\n<p><strong>Itens incluso:<\/strong><\/p>\n<ul>\n<li>01 Passador de Cinto I;<\/li>\n<li>01 Parafuso (M6x12);<\/li>\n<li>01 Chave de ajuste.<\/li>\n<\/ul>\n<p><strong>Medidas Aproximadas Passador de Cinto I:<\/strong><\/p>\n<ul>\n<li>Comprimento: 7,4 cm;<\/li>\n<li>Largura: 9,3 cm;<\/li>\n<li>Espessura: 1,8 cm.<\/li>\n<\/ul>\n<p>Peso total Passador de Cinto I: 0,030 g.<\/p>\n<p><strong>Aviso Importante:<\/strong>\u00a0Este equipamento foi desenvolvido exclusivamente para ser utilizado em coldres\u00a0desenvolvidos por n\u00f3s (B\u00e9lica Militar), assim garantimos a efici\u00eancia e seguran\u00e7a do equipamento.<br \/>\nDesaconselhamos o uso deste acess\u00f3rio em equipamentos que n\u00e3o s\u00e3o B\u00e9lica Militar. Preze sempre pela seguran\u00e7a no cumprimento da sua miss\u00e3o!<\/p>\n<p><em>Imagens ilustrativas. Produto sujeito a altera\u00e7\u00f5es sem aviso pr\u00e9vio.<\/em><\/p>\n","protected":false},"excerpt":{"rendered":"<p>O Passador de Cinto permite o uso e fixa\u00e7\u00e3o do coldre junto a cintura do operador. Permite a personaliza\u00e7\u00e3o do \u00e2ngulo do coldre, proporcionando assim maior conforto na hora do saque, deixando seus equipamentos sempre \u00e0 m\u00e3o. \u00a0Caracter\u00edsticas: Desenvolvido em pol\u00edmero de alta resist\u00eancia; Catraca rotativa que possibilita a rota\u00e7\u00e3o, para ajuste do \u00e2ngulo e [&#8230;]\n","protected":false},"featured_media":1553,"comment_status":"open","ping_status":"closed","template":"","meta":{"_joinchat":[]},"product_cat":[115],"product_tag":[],"class_list":{"0":"post-1551","1":"product","2":"type-product","3":"status-publish","4":"has-post-thumbnail","6":"product_cat-plataformas","8":"first","9":"instock","10":"shipping-taxable","11":"purchasable","12":"product-type-simple"},"jetpack_sharing_enabled":true,"_links":{"self":[{"href":"https:\/\/www.lojafare.com.br\/index.php?rest_route=\/wp\/v2\/product\/1551","targetHints":{"allow":["GET"]}}],"collection":[{"href":"https:\/\/www.lojafare.com.br\/index.php?rest_route=\/wp\/v2\/product"}],"about":[{"href":"https:\/\/www.lojafare.com.br\/index.php?rest_route=\/wp\/v2\/types\/product"}],"replies":[{"embeddable":true,"href":"https:\/\/www.lojafare.com.br\/index.php?rest_route=%2Fwp%2Fv2%2Fcomments&post=1551"}],"wp:featuredmedia":[{"embeddable":true,"href":"https:\/\/www.lojafare.com.br\/index.php?rest_route=\/wp\/v2\/media\/1553"}],"wp:attachment":[{"href":"https:\/\/www.lojafare.com.br\/index.php?rest_route=%2Fwp%2Fv2%2Fmedia&parent=1551"}],"wp:term":[{"taxonomy":"product_cat","embeddable":true,"href":"https:\/\/www.lojafare.com.br\/index.php?rest_route=%2Fwp%2Fv2%2Fproduct_cat&post=1551"},{"taxonomy":"product_tag","embeddable":true,"href":"https:\/\/www.lojafare.com.br\/index.php?rest_route=%2Fwp%2Fv2%2Fproduct_tag&post=1551"}],"curies":[{"name":"wp","href":"https:\/\/api.w.org\/{rel}","templated":true}]}}