{"id":1555,"date":"2024-02-10T23:54:53","date_gmt":"2024-02-11T02:54:53","guid":{"rendered":"https:\/\/www.lojafare.com.br\/?post_type=product&#038;p=1555"},"modified":"2024-02-10T23:54:53","modified_gmt":"2024-02-11T02:54:53","slug":"adaptador-de-cintura-em-polimero-belica","status":"publish","type":"product","link":"https:\/\/www.lojafare.com.br\/?product=adaptador-de-cintura-em-polimero-belica","title":{"rendered":"ADAPTADOR DE CINTURA EM POL\u00cdMERO B\u00c9LICA"},"content":{"rendered":"<h3 class=\"sub-produto\">Informa\u00e7\u00f5es do produto<\/h3>\n<p><strong>Op\u00e7\u00f5es dispon\u00edveis<\/strong>: Preto, Marrom, Verde, Coyote<\/p>\n<p>Informa\u00e7\u00f5es do produto:<br \/>\n&#8211; Desenvolvido em pol\u00edmero de alta resist\u00eancia;<br \/>\n&#8211; Passador de cinto de 55mm;<br \/>\n&#8211; Possui catraca rotativa, permitindo a inser\u00e7\u00e3o de v\u00e1rios equipamentos;<br \/>\n&#8211; A catraca \u00e9 rotativa, o que permite a angula\u00e7\u00e3o do equipamento;<br \/>\n&#8211; Trava\/destrava do clip, atrav\u00e9s dos bot\u00f5es laterais, fixando-o no cinto com mais seguran\u00e7a;<br \/>\n&#8211; Utilizado para uso no Coldre Hammer.<\/p>\n<p>Medidas aproximadas:<br \/>\n&#8211; Altura: 18cm<br \/>\n&#8211; Largura: 7,5cm<br \/>\n&#8211; Peso: 0,161g<\/p>\n<p>Kit composto por:<br \/>\n&#8211; 01 Adaptador de cintura;<br \/>\n&#8211; 01 Chave Allen;<br \/>\n&#8211; 01 Parafuso (M6x20);<br \/>\n&#8211; 01 Parafuso (M6x25).<\/p>\n<p>Imagens ilustrativas. Produto sujeito a altera\u00e7\u00f5es sem aviso pr\u00e9vio.<\/p>\n","protected":false},"excerpt":{"rendered":"<p>Informa\u00e7\u00f5es do produto Op\u00e7\u00f5es dispon\u00edveis: Preto, Marrom, Verde, Coyote Informa\u00e7\u00f5es do produto: &#8211; Desenvolvido em pol\u00edmero de alta resist\u00eancia; &#8211; Passador de cinto de 55mm; &#8211; Possui catraca rotativa, permitindo a inser\u00e7\u00e3o de v\u00e1rios equipamentos; &#8211; A catraca \u00e9 rotativa, o que permite a angula\u00e7\u00e3o do equipamento; &#8211; Trava\/destrava do clip, atrav\u00e9s dos bot\u00f5es laterais, [&#8230;]\n","protected":false},"featured_media":1559,"comment_status":"open","ping_status":"closed","template":"","meta":{"_joinchat":[]},"product_cat":[115],"product_tag":[],"class_list":{"0":"post-1555","1":"product","2":"type-product","3":"status-publish","4":"has-post-thumbnail","6":"product_cat-plataformas","8":"first","9":"instock","10":"shipping-taxable","11":"purchasable","12":"product-type-simple"},"jetpack_sharing_enabled":true,"_links":{"self":[{"href":"https:\/\/www.lojafare.com.br\/index.php?rest_route=\/wp\/v2\/product\/1555","targetHints":{"allow":["GET"]}}],"collection":[{"href":"https:\/\/www.lojafare.com.br\/index.php?rest_route=\/wp\/v2\/product"}],"about":[{"href":"https:\/\/www.lojafare.com.br\/index.php?rest_route=\/wp\/v2\/types\/product"}],"replies":[{"embeddable":true,"href":"https:\/\/www.lojafare.com.br\/index.php?rest_route=%2Fwp%2Fv2%2Fcomments&post=1555"}],"wp:featuredmedia":[{"embeddable":true,"href":"https:\/\/www.lojafare.com.br\/index.php?rest_route=\/wp\/v2\/media\/1559"}],"wp:attachment":[{"href":"https:\/\/www.lojafare.com.br\/index.php?rest_route=%2Fwp%2Fv2%2Fmedia&parent=1555"}],"wp:term":[{"taxonomy":"product_cat","embeddable":true,"href":"https:\/\/www.lojafare.com.br\/index.php?rest_route=%2Fwp%2Fv2%2Fproduct_cat&post=1555"},{"taxonomy":"product_tag","embeddable":true,"href":"https:\/\/www.lojafare.com.br\/index.php?rest_route=%2Fwp%2Fv2%2Fproduct_tag&post=1555"}],"curies":[{"name":"wp","href":"https:\/\/api.w.org\/{rel}","templated":true}]}}