{"id":1562,"date":"2024-02-11T09:42:05","date_gmt":"2024-02-11T12:42:05","guid":{"rendered":"https:\/\/www.lojafare.com.br\/?post_type=product&#038;p=1562"},"modified":"2024-02-11T09:42:05","modified_gmt":"2024-02-11T12:42:05","slug":"adaptador-strike-4-pontas","status":"publish","type":"product","link":"https:\/\/www.lojafare.com.br\/?product=adaptador-strike-4-pontas","title":{"rendered":"ADAPTADOR STRIKE 4 PONTAS"},"content":{"rendered":"<h3 class=\"sub-produto\">Informa\u00e7\u00f5es do produto<\/h3>\n<p><strong>Op\u00e7\u00f5es dispon\u00edveis<\/strong>: Preto, Verde, Coyote<\/p>\n<p>Informa\u00e7\u00f5es do produto:<br \/>\n&#8211; Desenvolvido em Pol\u00edmero de alta resist\u00eancia;<br \/>\n&#8211; Utilizado para uso de diversos acess\u00f3rios;<br \/>\n&#8211; Ajust\u00e1vel ao colete modular e mochila modular;<br \/>\n&#8211; Base universal em pol\u00edmero flex\u00edvel;<br \/>\n&#8211; Pode ser ajustada a angula\u00e7\u00e3o dos acess\u00f3rios.<br \/>\n&#8211; Kit com 5 unidades.<\/p>\n<p>Medidas aproximadas:<br \/>\n&#8211; Comprimento: 14cm<br \/>\n&#8211; Largura: 10cm<br \/>\n&#8211; Espessura: 2cm<br \/>\n&#8211; Peso: 0,218g<\/p>\n<p>*Imagens ilustrativas.<\/p>\n","protected":false},"excerpt":{"rendered":"<p>Informa\u00e7\u00f5es do produto Op\u00e7\u00f5es dispon\u00edveis: Preto, Verde, Coyote Informa\u00e7\u00f5es do produto: &#8211; Desenvolvido em Pol\u00edmero de alta resist\u00eancia; &#8211; Utilizado para uso de diversos acess\u00f3rios; &#8211; Ajust\u00e1vel ao colete modular e mochila modular; &#8211; Base universal em pol\u00edmero flex\u00edvel; &#8211; Pode ser ajustada a angula\u00e7\u00e3o dos acess\u00f3rios. &#8211; Kit com 5 unidades. Medidas aproximadas: &#8211; [&#8230;]\n","protected":false},"featured_media":1564,"comment_status":"open","ping_status":"closed","template":"","meta":{"_joinchat":[]},"product_cat":[115],"product_tag":[],"class_list":{"0":"post-1562","1":"product","2":"type-product","3":"status-publish","4":"has-post-thumbnail","6":"product_cat-plataformas","8":"first","9":"instock","10":"shipping-taxable","11":"purchasable","12":"product-type-simple"},"jetpack_sharing_enabled":true,"_links":{"self":[{"href":"https:\/\/www.lojafare.com.br\/index.php?rest_route=\/wp\/v2\/product\/1562","targetHints":{"allow":["GET"]}}],"collection":[{"href":"https:\/\/www.lojafare.com.br\/index.php?rest_route=\/wp\/v2\/product"}],"about":[{"href":"https:\/\/www.lojafare.com.br\/index.php?rest_route=\/wp\/v2\/types\/product"}],"replies":[{"embeddable":true,"href":"https:\/\/www.lojafare.com.br\/index.php?rest_route=%2Fwp%2Fv2%2Fcomments&post=1562"}],"wp:featuredmedia":[{"embeddable":true,"href":"https:\/\/www.lojafare.com.br\/index.php?rest_route=\/wp\/v2\/media\/1564"}],"wp:attachment":[{"href":"https:\/\/www.lojafare.com.br\/index.php?rest_route=%2Fwp%2Fv2%2Fmedia&parent=1562"}],"wp:term":[{"taxonomy":"product_cat","embeddable":true,"href":"https:\/\/www.lojafare.com.br\/index.php?rest_route=%2Fwp%2Fv2%2Fproduct_cat&post=1562"},{"taxonomy":"product_tag","embeddable":true,"href":"https:\/\/www.lojafare.com.br\/index.php?rest_route=%2Fwp%2Fv2%2Fproduct_tag&post=1562"}],"curies":[{"name":"wp","href":"https:\/\/api.w.org\/{rel}","templated":true}]}}