{"id":1567,"date":"2024-02-11T09:52:11","date_gmt":"2024-02-11T12:52:11","guid":{"rendered":"https:\/\/www.lojafare.com.br\/?post_type=product&#038;p=1567"},"modified":"2024-02-11T09:52:11","modified_gmt":"2024-02-11T12:52:11","slug":"passador-aba-paddle-anatomica","status":"publish","type":"product","link":"https:\/\/www.lojafare.com.br\/?product=passador-aba-paddle-anatomica","title":{"rendered":"PASSADOR ABA PADDLE ANAT\u00d4MICA"},"content":{"rendered":"<h3 class=\"sub-produto\">Informa\u00e7\u00f5es do produto<\/h3>\n<p><strong>Op\u00e7\u00f5es dispon\u00edveis<\/strong>: Preto, Marrom, Verde, Coyote<\/p>\n<p>Informa\u00e7\u00f5es do produto:<br \/>\nO adaptador Aba Paddle permite o uso e fixa\u00e7\u00e3o do coldre junto a cintura do operador. Permite a personaliza\u00e7\u00e3o do \u00e2ngulo do coldre, proporcionando assim maior conforto na hora do saque, deixando seus equipamentos sempre \u00e0 m\u00e3o.<\/p>\n<p>&#8211; Desenvolvido em pol\u00edmero de alta resist\u00eancia;<br \/>\n&#8211; Formato anat\u00f4mico;<br \/>\n&#8211; Sistema de fixa\u00e7\u00e3o Catraca;<br \/>\n&#8211; Possui dois pontos de fixa\u00e7\u00e3o no equipamento;<br \/>\n&#8211; Compat\u00edvel com os Coldres da Linha SR e Evolution;<br \/>\n&#8211; Aba Paddle compat\u00edvel com cintos de at\u00e9 40mm de largura.<\/p>\n<p>O kit composto por:<br \/>\n&#8211; 01 Aba Paddle;<br \/>\n&#8211; 01 Adaptador de trava p\/ cinto;<br \/>\n&#8211; 01 Chave Allen M6;<br \/>\n&#8211; 01 Parafuso M6x12<br \/>\n&#8211; 01 Parafuso M6x16<\/p>\n<p>Medidas aproximadas:<br \/>\n&#8211; Altura: 12 cm<br \/>\n&#8211; Largura: 14 cm<br \/>\n&#8211; Espessura: 2,5 cm<br \/>\n&#8211; Peso: 0,053g<\/p>\n<p>*Imagens ilustrativas<\/p>\n","protected":false},"excerpt":{"rendered":"<p>Informa\u00e7\u00f5es do produto Op\u00e7\u00f5es dispon\u00edveis: Preto, Marrom, Verde, Coyote Informa\u00e7\u00f5es do produto: O adaptador Aba Paddle permite o uso e fixa\u00e7\u00e3o do coldre junto a cintura do operador. Permite a personaliza\u00e7\u00e3o do \u00e2ngulo do coldre, proporcionando assim maior conforto na hora do saque, deixando seus equipamentos sempre \u00e0 m\u00e3o. &#8211; Desenvolvido em pol\u00edmero de alta [&#8230;]\n","protected":false},"featured_media":1568,"comment_status":"open","ping_status":"closed","template":"","meta":{"_joinchat":[]},"product_cat":[115],"product_tag":[],"class_list":{"0":"post-1567","1":"product","2":"type-product","3":"status-publish","4":"has-post-thumbnail","6":"product_cat-plataformas","8":"first","9":"instock","10":"shipping-taxable","11":"purchasable","12":"product-type-simple"},"jetpack_sharing_enabled":true,"_links":{"self":[{"href":"https:\/\/www.lojafare.com.br\/index.php?rest_route=\/wp\/v2\/product\/1567","targetHints":{"allow":["GET"]}}],"collection":[{"href":"https:\/\/www.lojafare.com.br\/index.php?rest_route=\/wp\/v2\/product"}],"about":[{"href":"https:\/\/www.lojafare.com.br\/index.php?rest_route=\/wp\/v2\/types\/product"}],"replies":[{"embeddable":true,"href":"https:\/\/www.lojafare.com.br\/index.php?rest_route=%2Fwp%2Fv2%2Fcomments&post=1567"}],"wp:featuredmedia":[{"embeddable":true,"href":"https:\/\/www.lojafare.com.br\/index.php?rest_route=\/wp\/v2\/media\/1568"}],"wp:attachment":[{"href":"https:\/\/www.lojafare.com.br\/index.php?rest_route=%2Fwp%2Fv2%2Fmedia&parent=1567"}],"wp:term":[{"taxonomy":"product_cat","embeddable":true,"href":"https:\/\/www.lojafare.com.br\/index.php?rest_route=%2Fwp%2Fv2%2Fproduct_cat&post=1567"},{"taxonomy":"product_tag","embeddable":true,"href":"https:\/\/www.lojafare.com.br\/index.php?rest_route=%2Fwp%2Fv2%2Fproduct_tag&post=1567"}],"curies":[{"name":"wp","href":"https:\/\/api.w.org\/{rel}","templated":true}]}}