{"id":1571,"date":"2024-02-11T10:06:31","date_gmt":"2024-02-11T13:06:31","guid":{"rendered":"https:\/\/www.lojafare.com.br\/?post_type=product&#038;p=1571"},"modified":"2024-02-11T10:06:31","modified_gmt":"2024-02-11T13:06:31","slug":"kit-camuflagem-facial-militar-3-cores-c-espelho","status":"publish","type":"product","link":"https:\/\/www.lojafare.com.br\/?product=kit-camuflagem-facial-militar-3-cores-c-espelho","title":{"rendered":"Kit Camuflagem Facial Militar 3 Cores C\/ Espelho"},"content":{"rendered":"<p><u><strong>KIT CAMUFLAGEM FACIAL MILITAR 3 CORES C\/ ESPELHO CAMUFLADOS COMPANY<\/strong><\/u><\/p>\n<p><big>O Kit Camuflagem \u00e9 t\u00e3o compacto que pode ser transportado no bolso da cal\u00e7a, al\u00e9m de ser de f\u00e1cil manuseio e super pr\u00e1tico de aplicar na face, ainda possui a vantagem de conter um espelho em sua parte interna, facilitando na camuflagem quando estiver sozinho. Sendo um estojo \u00fanico com tr\u00eas divis\u00f3rias, uma para cada cor: verde, preto e marrom.<br \/>\nIndicado para uso militar, para pinturas faciais ou para ca\u00e7a, garantindo o sucesso da miss\u00e3o, seja ela a defesa ou o ataque em uma determinada situa\u00e7\u00e3o.\u00a0<\/big><\/p>\n<div><\/div>\n<p><strong>CARACTER\u00cdSTICAS:<\/strong><\/p>\n<p>&#8211; Marca: Camuflados Company.<br \/>\n&#8211; Modelo: Camuflagem facial.<br \/>\n&#8211; Cores: Verde, preto e marrom.<br \/>\n&#8211; Estojo\u00a0acompanha espelho.<br \/>\n&#8211; Medidas aproximadas: 7,5cm X 5,8cm X 2cm.<br \/>\n&#8211; Peso: 60g.<\/p>\n","protected":false},"excerpt":{"rendered":"<p>KIT CAMUFLAGEM FACIAL MILITAR 3 CORES C\/ ESPELHO CAMUFLADOS COMPANY O Kit Camuflagem \u00e9 t\u00e3o compacto que pode ser transportado no bolso da cal\u00e7a, al\u00e9m de ser de f\u00e1cil manuseio e super pr\u00e1tico de aplicar na face, ainda possui a vantagem de conter um espelho em sua parte interna, facilitando na camuflagem quando estiver sozinho. [&#8230;]\n","protected":false},"featured_media":1572,"comment_status":"open","ping_status":"closed","template":"","meta":{"_joinchat":[]},"product_cat":[88],"product_tag":[],"class_list":{"0":"post-1571","1":"product","2":"type-product","3":"status-publish","4":"has-post-thumbnail","6":"product_cat-camuflagem","8":"first","9":"instock","10":"shipping-taxable","11":"purchasable","12":"product-type-simple"},"jetpack_sharing_enabled":true,"_links":{"self":[{"href":"https:\/\/www.lojafare.com.br\/index.php?rest_route=\/wp\/v2\/product\/1571","targetHints":{"allow":["GET"]}}],"collection":[{"href":"https:\/\/www.lojafare.com.br\/index.php?rest_route=\/wp\/v2\/product"}],"about":[{"href":"https:\/\/www.lojafare.com.br\/index.php?rest_route=\/wp\/v2\/types\/product"}],"replies":[{"embeddable":true,"href":"https:\/\/www.lojafare.com.br\/index.php?rest_route=%2Fwp%2Fv2%2Fcomments&post=1571"}],"wp:featuredmedia":[{"embeddable":true,"href":"https:\/\/www.lojafare.com.br\/index.php?rest_route=\/wp\/v2\/media\/1572"}],"wp:attachment":[{"href":"https:\/\/www.lojafare.com.br\/index.php?rest_route=%2Fwp%2Fv2%2Fmedia&parent=1571"}],"wp:term":[{"taxonomy":"product_cat","embeddable":true,"href":"https:\/\/www.lojafare.com.br\/index.php?rest_route=%2Fwp%2Fv2%2Fproduct_cat&post=1571"},{"taxonomy":"product_tag","embeddable":true,"href":"https:\/\/www.lojafare.com.br\/index.php?rest_route=%2Fwp%2Fv2%2Fproduct_tag&post=1571"}],"curies":[{"name":"wp","href":"https:\/\/api.w.org\/{rel}","templated":true}]}}