{"id":1574,"date":"2024-02-12T21:20:56","date_gmt":"2024-02-13T00:20:56","guid":{"rendered":"https:\/\/www.lojafare.com.br\/?post_type=product&#038;p=1574"},"modified":"2024-02-12T21:45:20","modified_gmt":"2024-02-13T00:45:20","slug":"conector-deans-t","status":"publish","type":"product","link":"https:\/\/www.lojafare.com.br\/?product=conector-deans-t","title":{"rendered":"CONECTOR DEANS T"},"content":{"rendered":"<h2 class=\"style_ger1\">Descri\u00e7\u00e3o<\/h2>\n<div class=\"TextoLivre1\">\n<div>\n<div class=\"row\">\n<div class=\"card bg-warning p-3 ml-3 mb-3\">\n<p><strong class=\"mb-2 mt-3 text-light\">Compatibilidade: AEG V2\/V3<\/strong><\/p>\n<\/div>\n<\/div>\n<p>A KPP Airsoft fornece o conector deans T, ideal para baterias de Lipo\/Life\/Nimh.<\/p>\n<ul>\n<li>Garante uma melhor corrente que o original<\/li>\n<li>Suporta at\u00e9 60 Amperes de corrente continua<\/li>\n<li>N\u00e3o oxida com facilidade<\/li>\n<li>N\u00e3o da mau contato<\/li>\n<li>N\u00e3o tem como plugar invertido.<\/li>\n<\/ul>\n<h2>Condi\u00e7\u00f5es de Garantia:<\/h2>\n<ul>\n<li>90 dias contra defeitos de fabrica\u00e7\u00e3o.<\/li>\n<li>N\u00e3o cobrimos garantias de pe\u00e7as montadas por pessoas que n\u00e3o tem conhecimento t\u00e9cnico para tal, ou ainda em airsofts n\u00e3o compat\u00edveis com as pe\u00e7as em quest\u00e3o.<\/li>\n<\/ul>\n<\/div>\n<\/div>\n","protected":false},"excerpt":{"rendered":"<p>Descri\u00e7\u00e3o Compatibilidade: AEG V2\/V3 A KPP Airsoft fornece o conector deans T, ideal para baterias de Lipo\/Life\/Nimh. Garante uma melhor corrente que o original Suporta at\u00e9 60 Amperes de corrente continua N\u00e3o oxida com facilidade N\u00e3o da mau contato N\u00e3o tem como plugar invertido. Condi\u00e7\u00f5es de Garantia: 90 dias contra defeitos de fabrica\u00e7\u00e3o. N\u00e3o cobrimos [&#8230;]\n","protected":false},"featured_media":1586,"comment_status":"open","ping_status":"closed","template":"","meta":{"_joinchat":[]},"product_cat":[136],"product_tag":[],"class_list":{"0":"post-1574","1":"product","2":"type-product","3":"status-publish","4":"has-post-thumbnail","6":"product_cat-adaptadores-e-conectores-de-baterias","8":"first","9":"instock","10":"shipping-taxable","11":"purchasable","12":"product-type-simple"},"jetpack_sharing_enabled":true,"_links":{"self":[{"href":"https:\/\/www.lojafare.com.br\/index.php?rest_route=\/wp\/v2\/product\/1574","targetHints":{"allow":["GET"]}}],"collection":[{"href":"https:\/\/www.lojafare.com.br\/index.php?rest_route=\/wp\/v2\/product"}],"about":[{"href":"https:\/\/www.lojafare.com.br\/index.php?rest_route=\/wp\/v2\/types\/product"}],"replies":[{"embeddable":true,"href":"https:\/\/www.lojafare.com.br\/index.php?rest_route=%2Fwp%2Fv2%2Fcomments&post=1574"}],"wp:featuredmedia":[{"embeddable":true,"href":"https:\/\/www.lojafare.com.br\/index.php?rest_route=\/wp\/v2\/media\/1586"}],"wp:attachment":[{"href":"https:\/\/www.lojafare.com.br\/index.php?rest_route=%2Fwp%2Fv2%2Fmedia&parent=1574"}],"wp:term":[{"taxonomy":"product_cat","embeddable":true,"href":"https:\/\/www.lojafare.com.br\/index.php?rest_route=%2Fwp%2Fv2%2Fproduct_cat&post=1574"},{"taxonomy":"product_tag","embeddable":true,"href":"https:\/\/www.lojafare.com.br\/index.php?rest_route=%2Fwp%2Fv2%2Fproduct_tag&post=1574"}],"curies":[{"name":"wp","href":"https:\/\/api.w.org\/{rel}","templated":true}]}}