{"id":1578,"date":"2024-02-12T21:28:29","date_gmt":"2024-02-13T00:28:29","guid":{"rendered":"https:\/\/www.lojafare.com.br\/?post_type=product&#038;p=1578"},"modified":"2024-02-12T21:28:29","modified_gmt":"2024-02-13T00:28:29","slug":"conector-xt-60","status":"publish","type":"product","link":"https:\/\/www.lojafare.com.br\/?product=conector-xt-60","title":{"rendered":"CONECTOR XT 60"},"content":{"rendered":"<h2 class=\"style_ger1\">Descri\u00e7\u00e3o<\/h2>\n<div class=\"TextoLivre1\">\n<div>\n<div class=\"row\">\n<div class=\"card bg-warning p-3 ml-3 mb-3\">\n<p><strong class=\"mb-2 mt-3 text-light\">Compatibilidade: baterias de Lipo\/Life\/Nimh.<\/strong><\/p>\n<\/div>\n<\/div>\n<p>O conector XT 60 para AEG \u00e9 o ideal para baterias de Lipo\/Life\/Nimh, pois garante corrente mais est\u00e1vel que o original. Suporta at\u00e9 80 amperes de corrente cont\u00ednua.<br \/>\nProduto 100% nacional.<\/p>\n<ul>\n<li>N\u00e3o oxida<\/li>\n<li>N\u00e3o gera mal contato<\/li>\n<li>N\u00e3o permite conex\u00e3o invertida<\/li>\n<\/ul>\n<h2>Montagem<\/h2>\n<p>Desmonte a AEG retirando o stock para ter acesso a fia\u00e7\u00e3o e ao conector original. O fio preto \u00e9 negativo e o vermelho \u00e9 o positivo e aos lados do conector, encontramos os sinais + e &#8211; para n\u00e3o haver qualquer d\u00favida. O ideal \u00e9 usar estanho para tornar a conex\u00e3o entre fios e o conector s\u00f3lida, sem risco de mal contato. N\u00e3o esque\u00e7a de isolar os contatos para n\u00e3o haver contato com o tube stock. Monte o stock da AEG.<\/p>\n<p>Dificuldade:<br \/>\n<strong class=\"text-warning\">04\/10 &#8211; Montagem requer aten\u00e7\u00e3o, o jogador precisa ter familiaridade com componentes e certa habilidade manual. Na d\u00favida, pe\u00e7a para um armeiro fazer a montagem do componente<\/strong><\/p>\n<h2>Condi\u00e7\u00f5es de Garantia:<\/h2>\n<ul>\n<li>90 dias contra defeitos de fabrica\u00e7\u00e3o.<\/li>\n<li>N\u00e3o cobrimos garantias de pe\u00e7as montadas por pessoas que n\u00e3o tem conhecimento t\u00e9cnico para tal, ou ainda em airsofts n\u00e3o compat\u00edveis com as pe\u00e7as em quest\u00e3o.<\/li>\n<\/ul>\n<\/div>\n<\/div>\n","protected":false},"excerpt":{"rendered":"<p>Descri\u00e7\u00e3o Compatibilidade: baterias de Lipo\/Life\/Nimh. O conector XT 60 para AEG \u00e9 o ideal para baterias de Lipo\/Life\/Nimh, pois garante corrente mais est\u00e1vel que o original. Suporta at\u00e9 80 amperes de corrente cont\u00ednua. Produto 100% nacional. N\u00e3o oxida N\u00e3o gera mal contato N\u00e3o permite conex\u00e3o invertida Montagem Desmonte a AEG retirando o stock para ter [&#8230;]\n","protected":false},"featured_media":1579,"comment_status":"open","ping_status":"closed","template":"","meta":{"_joinchat":[]},"product_cat":[136],"product_tag":[],"class_list":{"0":"post-1578","1":"product","2":"type-product","3":"status-publish","4":"has-post-thumbnail","6":"product_cat-adaptadores-e-conectores-de-baterias","8":"first","9":"instock","10":"shipping-taxable","11":"purchasable","12":"product-type-simple"},"jetpack_sharing_enabled":true,"_links":{"self":[{"href":"https:\/\/www.lojafare.com.br\/index.php?rest_route=\/wp\/v2\/product\/1578","targetHints":{"allow":["GET"]}}],"collection":[{"href":"https:\/\/www.lojafare.com.br\/index.php?rest_route=\/wp\/v2\/product"}],"about":[{"href":"https:\/\/www.lojafare.com.br\/index.php?rest_route=\/wp\/v2\/types\/product"}],"replies":[{"embeddable":true,"href":"https:\/\/www.lojafare.com.br\/index.php?rest_route=%2Fwp%2Fv2%2Fcomments&post=1578"}],"wp:featuredmedia":[{"embeddable":true,"href":"https:\/\/www.lojafare.com.br\/index.php?rest_route=\/wp\/v2\/media\/1579"}],"wp:attachment":[{"href":"https:\/\/www.lojafare.com.br\/index.php?rest_route=%2Fwp%2Fv2%2Fmedia&parent=1578"}],"wp:term":[{"taxonomy":"product_cat","embeddable":true,"href":"https:\/\/www.lojafare.com.br\/index.php?rest_route=%2Fwp%2Fv2%2Fproduct_cat&post=1578"},{"taxonomy":"product_tag","embeddable":true,"href":"https:\/\/www.lojafare.com.br\/index.php?rest_route=%2Fwp%2Fv2%2Fproduct_tag&post=1578"}],"curies":[{"name":"wp","href":"https:\/\/api.w.org\/{rel}","templated":true}]}}