{"id":1582,"date":"2024-02-12T21:33:50","date_gmt":"2024-02-13T00:33:50","guid":{"rendered":"https:\/\/www.lojafare.com.br\/?post_type=product&#038;p=1582"},"modified":"2024-02-12T21:42:15","modified_gmt":"2024-02-13T00:42:15","slug":"conector-tamiya","status":"publish","type":"product","link":"https:\/\/www.lojafare.com.br\/?product=conector-tamiya","title":{"rendered":"CONECTOR TAMIYA"},"content":{"rendered":"<h2 class=\"style_ger1\">Descri\u00e7\u00e3o<\/h2>\n<div class=\"TextoLivre1\">\n<div>\n<div class=\"row\">\n<div class=\"card bg-warning p-3 ml-3 mb-3\">\n<p><strong class=\"mb-2 mt-3 text-light\">Compatibilidade: AEG V2\/V3<\/strong><\/p>\n<\/div>\n<\/div>\n<p>A KPP Airsoft fornece o conector tamiya para AEG V2\/V3, ideal para baterias de Nimh.<\/p>\n<ul>\n<li>Garante uma melhor corrente que o original<\/li>\n<li>Suporta at\u00e9 60 Amperes de corrente continua<\/li>\n<li>N\u00e3o oxida com facilidade<\/li>\n<li>N\u00e3o da mau contato<\/li>\n<li>N\u00e3o tem como plugar invertido.<\/li>\n<\/ul>\n<h2>Montagem<\/h2>\n<p>Este produto nada mais \u00e9 que uma emenda de fio para voce poder desmontar a aeg, sem ter que tirar a solda de algum conector, porem, deve ser isolado este terminal, pois o mesmo n\u00e3o tem isola\u00e7\u00e3o.<\/p>\n<p>Dificuldade:<br \/>\n<strong class=\"text-success\">03\/10 &#8211; F\u00e1cil montagem, o pr\u00f3prio jogador consegue montar.<\/strong><\/p>\n<h2>Condi\u00e7\u00f5es de Garantia:<\/h2>\n<ul>\n<li>90 dias contra defeitos de fabrica\u00e7\u00e3o.<\/li>\n<li>N\u00e3o cobrimos garantias de pe\u00e7as montadas por pessoas que n\u00e3o tem conhecimento t\u00e9cnico para tal, ou ainda em airsofts n\u00e3o compat\u00edveis com as pe\u00e7as em quest\u00e3o.<\/li>\n<\/ul>\n<\/div>\n<\/div>\n","protected":false},"excerpt":{"rendered":"<p>Descri\u00e7\u00e3o Compatibilidade: AEG V2\/V3 A KPP Airsoft fornece o conector tamiya para AEG V2\/V3, ideal para baterias de Nimh. Garante uma melhor corrente que o original Suporta at\u00e9 60 Amperes de corrente continua N\u00e3o oxida com facilidade N\u00e3o da mau contato N\u00e3o tem como plugar invertido. Montagem Este produto nada mais \u00e9 que uma emenda [&#8230;]\n","protected":false},"featured_media":1585,"comment_status":"open","ping_status":"closed","template":"","meta":{"_joinchat":[]},"product_cat":[136],"product_tag":[],"class_list":{"0":"post-1582","1":"product","2":"type-product","3":"status-publish","4":"has-post-thumbnail","6":"product_cat-adaptadores-e-conectores-de-baterias","8":"first","9":"instock","10":"shipping-taxable","11":"purchasable","12":"product-type-simple"},"jetpack_sharing_enabled":true,"_links":{"self":[{"href":"https:\/\/www.lojafare.com.br\/index.php?rest_route=\/wp\/v2\/product\/1582","targetHints":{"allow":["GET"]}}],"collection":[{"href":"https:\/\/www.lojafare.com.br\/index.php?rest_route=\/wp\/v2\/product"}],"about":[{"href":"https:\/\/www.lojafare.com.br\/index.php?rest_route=\/wp\/v2\/types\/product"}],"replies":[{"embeddable":true,"href":"https:\/\/www.lojafare.com.br\/index.php?rest_route=%2Fwp%2Fv2%2Fcomments&post=1582"}],"wp:featuredmedia":[{"embeddable":true,"href":"https:\/\/www.lojafare.com.br\/index.php?rest_route=\/wp\/v2\/media\/1585"}],"wp:attachment":[{"href":"https:\/\/www.lojafare.com.br\/index.php?rest_route=%2Fwp%2Fv2%2Fmedia&parent=1582"}],"wp:term":[{"taxonomy":"product_cat","embeddable":true,"href":"https:\/\/www.lojafare.com.br\/index.php?rest_route=%2Fwp%2Fv2%2Fproduct_cat&post=1582"},{"taxonomy":"product_tag","embeddable":true,"href":"https:\/\/www.lojafare.com.br\/index.php?rest_route=%2Fwp%2Fv2%2Fproduct_tag&post=1582"}],"curies":[{"name":"wp","href":"https:\/\/api.w.org\/{rel}","templated":true}]}}