{"id":1591,"date":"2024-02-12T21:57:51","date_gmt":"2024-02-13T00:57:51","guid":{"rendered":"https:\/\/www.lojafare.com.br\/?post_type=product&#038;p=1591"},"modified":"2024-02-12T22:01:27","modified_gmt":"2024-02-13T01:01:27","slug":"adaptador-xt-60-para-deans-t","status":"publish","type":"product","link":"https:\/\/www.lojafare.com.br\/?product=adaptador-xt-60-para-deans-t","title":{"rendered":"Adaptador XT 60 para Deans T"},"content":{"rendered":"<h2 class=\"style_ger1\">Descri\u00e7\u00e3o<\/h2>\n<div class=\"TextoLivre1\">\n<p>A KPP airsoft fabrica adaptadores.<\/p>\n<p><strong>Modelos dispon\u00edveis:\u00a0<\/strong><\/p>\n<ul>\n<li>Tamiya para XT 60.<\/li>\n<li>Tamiya para Deans T.<\/li>\n<li>Deans T para XT 60.<\/li>\n<li>Deans T para Tamiya.<\/li>\n<li>XT 60 para Tamiya.<\/li>\n<li>XT 60 para Deans T.<\/li>\n<li>Tamiya para Tamiya 12cm.<\/li>\n<\/ul>\n<p>Produto 100% nacional.<\/p>\n<h2>Montagem<\/h2>\n<p>Muito simples, basta conectar conforme o indicado pelos plugs. Nunca tente for\u00e7ar uma conex\u00e3o entre dois plugs diferentes.<\/p>\n<p>Dificuldade:<br \/>\n<strong class=\"text-success\">01\/10 &#8211; Montagem requer aten\u00e7\u00e3o, o jogador precisa ter familiaridade com componentes e certa habilidade manual. Na d\u00favida, pe\u00e7a para um armeiro fazer a montagem do componente<\/strong><\/p>\n<h2>Condi\u00e7\u00f5es de Garantia:<\/h2>\n<ul>\n<li>90 dias contra defeitos de fabrica\u00e7\u00e3o.<\/li>\n<li>N\u00e3o cobrimos garantias de pe\u00e7as montadas por pessoas que n\u00e3o tem conhecimento t\u00e9cnico para tal, ou ainda em airsofts n\u00e3o compat\u00edveis com as pe\u00e7as em quest\u00e3o.<\/li>\n<\/ul>\n<\/div>\n","protected":false},"excerpt":{"rendered":"<p>Descri\u00e7\u00e3o A KPP airsoft fabrica adaptadores. Modelos dispon\u00edveis:\u00a0 Tamiya para XT 60. Tamiya para Deans T. Deans T para XT 60. Deans T para Tamiya. XT 60 para Tamiya. XT 60 para Deans T. Tamiya para Tamiya 12cm. Produto 100% nacional. Montagem Muito simples, basta conectar conforme o indicado pelos plugs. Nunca tente for\u00e7ar uma [&#8230;]\n","protected":false},"featured_media":1592,"comment_status":"open","ping_status":"closed","template":"","meta":{"_joinchat":[]},"product_cat":[136],"product_tag":[],"class_list":{"0":"post-1591","1":"product","2":"type-product","3":"status-publish","4":"has-post-thumbnail","6":"product_cat-adaptadores-e-conectores-de-baterias","8":"first","9":"instock","10":"shipping-taxable","11":"purchasable","12":"product-type-simple"},"jetpack_sharing_enabled":true,"_links":{"self":[{"href":"https:\/\/www.lojafare.com.br\/index.php?rest_route=\/wp\/v2\/product\/1591","targetHints":{"allow":["GET"]}}],"collection":[{"href":"https:\/\/www.lojafare.com.br\/index.php?rest_route=\/wp\/v2\/product"}],"about":[{"href":"https:\/\/www.lojafare.com.br\/index.php?rest_route=\/wp\/v2\/types\/product"}],"replies":[{"embeddable":true,"href":"https:\/\/www.lojafare.com.br\/index.php?rest_route=%2Fwp%2Fv2%2Fcomments&post=1591"}],"wp:featuredmedia":[{"embeddable":true,"href":"https:\/\/www.lojafare.com.br\/index.php?rest_route=\/wp\/v2\/media\/1592"}],"wp:attachment":[{"href":"https:\/\/www.lojafare.com.br\/index.php?rest_route=%2Fwp%2Fv2%2Fmedia&parent=1591"}],"wp:term":[{"taxonomy":"product_cat","embeddable":true,"href":"https:\/\/www.lojafare.com.br\/index.php?rest_route=%2Fwp%2Fv2%2Fproduct_cat&post=1591"},{"taxonomy":"product_tag","embeddable":true,"href":"https:\/\/www.lojafare.com.br\/index.php?rest_route=%2Fwp%2Fv2%2Fproduct_tag&post=1591"}],"curies":[{"name":"wp","href":"https:\/\/api.w.org\/{rel}","templated":true}]}}