{"id":1629,"date":"2024-02-13T10:57:24","date_gmt":"2024-02-13T13:57:24","guid":{"rendered":"https:\/\/www.lojafare.com.br\/?post_type=product&#038;p=1629"},"modified":"2024-02-13T10:57:24","modified_gmt":"2024-02-13T13:57:24","slug":"kit-de-conjunto-de-arruelas-shim-set-para-gearbox","status":"publish","type":"product","link":"https:\/\/www.lojafare.com.br\/?product=kit-de-conjunto-de-arruelas-shim-set-para-gearbox","title":{"rendered":"KIT DE CONJUNTO DE ARRUELAS &#8211; SHIM SET PARA GEARBOX"},"content":{"rendered":"<h2 class=\"style_ger1\">Descri\u00e7\u00e3o<\/h2>\n<div class=\"TextoLivre1\">\n<div class=\"row\">\n<div class=\"card bg-warning p-3 ml-3 mb-3\">\n<p><strong class=\"mb-2 mt-3 text-light\">Compatibilidade: Gearbox AEG e AEP<\/strong><\/p>\n<\/div>\n<\/div>\n<p>O kit de shim set \u00e9 usado para calibrar as folgas das engrenagens da gearbox AEG e AEP.<\/p>\n<p><strong>Op\u00e7\u00f5es Dispon\u00edveis:<\/strong><\/p>\n<ul>\n<li>kit 25un 0,1mm:<\/li>\n<li>kit 25un 0,3mm:<\/li>\n<li>kit 25un 0,5mm:<\/li>\n<\/ul>\n<p>? Produto 100% nacional.<\/p>\n<h2>Montagem<\/h2>\n<p>Abra a gearbox e remova as engrenagens. Limpe a superf\u00edcie da engrenagem com \u00e1lcool e lixe qualquer rebarbas ou superf\u00edcies irregulares. Em seguida, coloque os shim&#8217;s entre as engrenagens e ajuste a press\u00e3o. Certifique-se de que os shim&#8217;s se encaixem perfeitamente ao redor da engrenagem para evitar o deslizamento. Ap\u00f3s o ajuste, lubrifique as engrenagens com lubrificante adequado para airsoft. Por fim, monte a gearbox na airsoft e verifique se est\u00e1 tudo funcionando corretamente.<\/p>\n<p>Dificuldade:<br \/>\n<strong class=\"text-danger\">08\/10 &#8211; Indicamos um armeiro com experi\u00eancia para realizar a troca\/upgrade<\/strong><\/p>\n<h2>Condi\u00e7\u00f5es de Garantia:<\/h2>\n<ul>\n<li>90 dias contra defeitos de fabrica\u00e7\u00e3o.<\/li>\n<li>N\u00e3o cobrimos garantias de pe\u00e7as montadas por pessoas que n\u00e3o tem conhecimento t\u00e9cnico para tal, ou ainda em airsofts n\u00e3o compat\u00edveis com as pe\u00e7as em quest\u00e3o.<\/li>\n<\/ul>\n<\/div>\n","protected":false},"excerpt":{"rendered":"<p>Descri\u00e7\u00e3o Compatibilidade: Gearbox AEG e AEP O kit de shim set \u00e9 usado para calibrar as folgas das engrenagens da gearbox AEG e AEP. Op\u00e7\u00f5es Dispon\u00edveis: kit 25un 0,1mm: kit 25un 0,3mm: kit 25un 0,5mm: ? Produto 100% nacional. Montagem Abra a gearbox e remova as engrenagens. Limpe a superf\u00edcie da engrenagem com \u00e1lcool e [&#8230;]\n","protected":false},"featured_media":1630,"comment_status":"open","ping_status":"closed","template":"","meta":{"_joinchat":[]},"product_cat":[130],"product_tag":[],"class_list":{"0":"post-1629","1":"product","2":"type-product","3":"status-publish","4":"has-post-thumbnail","6":"product_cat-motor-engrenagens-e-shims","8":"first","9":"instock","10":"shipping-taxable","11":"purchasable","12":"product-type-simple"},"jetpack_sharing_enabled":true,"_links":{"self":[{"href":"https:\/\/www.lojafare.com.br\/index.php?rest_route=\/wp\/v2\/product\/1629","targetHints":{"allow":["GET"]}}],"collection":[{"href":"https:\/\/www.lojafare.com.br\/index.php?rest_route=\/wp\/v2\/product"}],"about":[{"href":"https:\/\/www.lojafare.com.br\/index.php?rest_route=\/wp\/v2\/types\/product"}],"replies":[{"embeddable":true,"href":"https:\/\/www.lojafare.com.br\/index.php?rest_route=%2Fwp%2Fv2%2Fcomments&post=1629"}],"wp:featuredmedia":[{"embeddable":true,"href":"https:\/\/www.lojafare.com.br\/index.php?rest_route=\/wp\/v2\/media\/1630"}],"wp:attachment":[{"href":"https:\/\/www.lojafare.com.br\/index.php?rest_route=%2Fwp%2Fv2%2Fmedia&parent=1629"}],"wp:term":[{"taxonomy":"product_cat","embeddable":true,"href":"https:\/\/www.lojafare.com.br\/index.php?rest_route=%2Fwp%2Fv2%2Fproduct_cat&post=1629"},{"taxonomy":"product_tag","embeddable":true,"href":"https:\/\/www.lojafare.com.br\/index.php?rest_route=%2Fwp%2Fv2%2Fproduct_tag&post=1629"}],"curies":[{"name":"wp","href":"https:\/\/api.w.org\/{rel}","templated":true}]}}