{"id":1706,"date":"2024-02-16T14:53:44","date_gmt":"2024-02-16T17:53:44","guid":{"rendered":"https:\/\/www.lojafare.com.br\/?post_type=product&#038;p=1706"},"modified":"2024-02-16T14:53:44","modified_gmt":"2024-02-16T17:53:44","slug":"mini-max-carregador-rapido-compacto-para-bateria-lipo","status":"publish","type":"product","link":"https:\/\/www.lojafare.com.br\/?product=mini-max-carregador-rapido-compacto-para-bateria-lipo","title":{"rendered":"Mini MAx Carregador R\u00e1pido Compacto para Bateria LiPO"},"content":{"rendered":"<h1 style=\"font-weight: 500;\"><b><strong>FF-B3V1 Mini Max Carregador Compacto para Bateria LiPO &#8211; SKU 760<\/strong><\/b><\/h1>\n<p>Vai viajar ou vai para seu game de final de semana, conhe\u00e7a o carregador de carga r\u00e1pida e compacto FF-B3V1 da Feasso, vai dar aquele suporte, perfeito para aqueles momentos onde voc\u00ea por algum motivo deixou de dar a carga na bateria LiPO.<\/p>\n<p>A ferramenta perfeita para deixar na mochila aceita qualquer tipo de bateria LiPO, com 2 portas de carregamento separada para Plug JST de 2 e 4 Pinos al\u00e9m de ter uma tens\u00e3o de entrada DC 11.5V\u02dc13.5V 1.5A, Corrente de sa\u00edda DC 8.4V\/12.6V 800mAh, acompanha fonte externa bivolt 100-240 V, al\u00e9m de cabo com garra do tipo jacar\u00e9, seu painel simples com indica\u00e7\u00e3o de 2 LEDs bicolores e dimens\u00e3o: 77,95\u00d749,80\u00d719,70mm. Peso aproximado de apenas 100g.<\/p>\n<p>Indicado para: Airsoft e Modelismo RC<\/p>\n<p>Utilize este produto apenas com Baterias LiPO.<\/p>\n<p>Veja tamb\u00e9m:<br \/>\n<a href=\"https:\/\/feasso.com.br\/baterias\/fja-300-capa-protetora-antichamas-p-baterias-lipo-cor-prata\">FJA-300 Capa Protetora Anti Chama<\/a><br \/>\n<a href=\"https:\/\/feasso.com.br\/carregadores-de-bateria\/ff-b6ac-feasso-imax-b6ac-balanceador-profissional-de-carga-descarga-para-baterias-lipo-li-ion-life-nicd-nimh-pb\">F-B6AC &#8211; FEASSO IMAX B6AC BALANCEADOR PROFISSIONAL DE CARGA\/ DESCARGA<\/a><\/p>\n<p><a href=\"https:\/\/feasso.com.br\/baterias\">Baterias LiPO<\/a><\/p>\n<p>Conte\u00fado da embalagem<\/p>\n<p>1 x Carregador B3 FF-B3V1<\/p>\n<p>1 x Cabo de alimenta\u00e7\u00e3o com fonte<\/p>\n<p>1x Cabo com garra Jacar\u00e9<\/p>\n<p>1 x Manual de instru\u00e7\u00e3o no verso da caixa + Termo de Garantia<\/p>\n<p><u><b><strong>Manual de orienta\u00e7\u00e3o ao consumidor FAQ<\/strong><\/b><\/u><\/p>\n<table>\n<tbody>\n<tr>\n<td><b><strong>FUN\u00c7\u00c3O<\/strong><\/b><\/td>\n<td><b><strong>LED<\/strong><\/b><\/td>\n<td><b><strong>INDICA\u00c7\u00c3O<\/strong><\/b><\/td>\n<\/tr>\n<tr>\n<td>LIGADO<\/td>\n<td>LED VERMELHO ACESO\/LIGADO<\/td>\n<td>LIGADO A FONTE DE ENERGIA<\/td>\n<\/tr>\n<tr>\n<td>CARREGANDO\/CARGA<\/td>\n<td>LED VERMELHO ACESO \/ LED VERDE PISCADO<\/td>\n<td>BATERIA SENDO CARREGADA<\/td>\n<\/tr>\n<tr>\n<td>CARREGANDO\/CARGA<\/td>\n<td>LED VERMELHO ACESO \/ LED VERDE ACESSO<\/td>\n<td>BATERIA 100% CARREGADA<\/td>\n<\/tr>\n<tr>\n<td>CARREGANDO\/CARGA<\/td>\n<td>LED VERMELHO ACESO E LED VERDE APAGADO<br \/>\nOU\u00a0\u00a0LED VERMELHO E LED VERDE PISCANDO<\/td>\n<td>BATERIA EM CURTO<\/td>\n<\/tr>\n<\/tbody>\n<\/table>\n<p><b>ATEN\u00c7\u00c3O<\/b>: BATERIA LiPO, INCHADA S\u00c3O PASS\u00cdVEIS DE RECEBER CARGA; AO CONECTAR UMA BATERIA INCHADA NO FF-B3V1 O LED IR\u00c1 INDICAR CARGA NORMAL, O CURTO SE BASEIA EM BATERIAS COM DANOS IRREVERS\u00cdVEIS A SUA ESTRUTURA OU BATERIAS INCAPACITADAS DE RECEBER CARGA.<\/p>\n<p><b>NOTA<\/b>: BATERIAS LiPO INCHADAS S\u00c3O BATERIAS COM\u00a0 PROBLEMAS EM SUA ESTRUTURA COM RISCO DE EXPLOS\u00c3O, N\u00c3O RECOMENDADOS SUA REUTILIZA\u00c7\u00c3O, PROCEDA COM O DESCARTE COLOCANDO A BATERIA COM SEUS CONECTORES SUBMERSA EM SOLU\u00c7\u00c3O SALINA POR 24HS, N\u00c3O CORTE OS CABOS OU RETIRE SEUS CONECTORES.<\/p>\n<p>AP\u00d3S 24 SUA CARGA DEVE ESTAR IGUAL A \u201c0\u201d<\/p>\n<p>SOLU\u00c7\u00c3O SALINA = 2 COLHERES DE SAL PARA 300 ML DE \u00c1GUA<\/p>\n<p>Fabricado na China<\/p>\n<p>Importado: Por Grupo Feasso Brasil\/Eletr\u00f4nicoS<\/p>\n<p>Validade: Indeterminada<\/p>\n<p>Garantia: 6 Meses<\/p>\n","protected":false},"excerpt":{"rendered":"<p>FF-B3V1 Mini Max Carregador Compacto para Bateria LiPO &#8211; SKU 760 Vai viajar ou vai para seu game de final de semana, conhe\u00e7a o carregador de carga r\u00e1pida e compacto FF-B3V1 da Feasso, vai dar aquele suporte, perfeito para aqueles momentos onde voc\u00ea por algum motivo deixou de dar a carga na bateria LiPO. A [&#8230;]\n","protected":false},"featured_media":1707,"comment_status":"open","ping_status":"closed","template":"","meta":{"_joinchat":[]},"product_cat":[33],"product_tag":[],"class_list":{"0":"post-1706","1":"product","2":"type-product","3":"status-publish","4":"has-post-thumbnail","6":"product_cat-baterias-e-carregadores","8":"first","9":"instock","10":"shipping-taxable","11":"purchasable","12":"product-type-simple"},"jetpack_sharing_enabled":true,"_links":{"self":[{"href":"https:\/\/www.lojafare.com.br\/index.php?rest_route=\/wp\/v2\/product\/1706","targetHints":{"allow":["GET"]}}],"collection":[{"href":"https:\/\/www.lojafare.com.br\/index.php?rest_route=\/wp\/v2\/product"}],"about":[{"href":"https:\/\/www.lojafare.com.br\/index.php?rest_route=\/wp\/v2\/types\/product"}],"replies":[{"embeddable":true,"href":"https:\/\/www.lojafare.com.br\/index.php?rest_route=%2Fwp%2Fv2%2Fcomments&post=1706"}],"wp:featuredmedia":[{"embeddable":true,"href":"https:\/\/www.lojafare.com.br\/index.php?rest_route=\/wp\/v2\/media\/1707"}],"wp:attachment":[{"href":"https:\/\/www.lojafare.com.br\/index.php?rest_route=%2Fwp%2Fv2%2Fmedia&parent=1706"}],"wp:term":[{"taxonomy":"product_cat","embeddable":true,"href":"https:\/\/www.lojafare.com.br\/index.php?rest_route=%2Fwp%2Fv2%2Fproduct_cat&post=1706"},{"taxonomy":"product_tag","embeddable":true,"href":"https:\/\/www.lojafare.com.br\/index.php?rest_route=%2Fwp%2Fv2%2Fproduct_tag&post=1706"}],"curies":[{"name":"wp","href":"https:\/\/api.w.org\/{rel}","templated":true}]}}