{"id":1718,"date":"2024-02-16T15:23:20","date_gmt":"2024-02-16T18:23:20","guid":{"rendered":"https:\/\/www.lojafare.com.br\/?post_type=product&#038;p=1718"},"modified":"2024-02-16T15:25:06","modified_gmt":"2024-02-16T18:25:06","slug":"municao-airsoft-028g-bb-king","status":"publish","type":"product","link":"https:\/\/www.lojafare.com.br\/?product=municao-airsoft-028g-bb-king","title":{"rendered":"Muni\u00e7\u00e3o Airsoft 0,28g BB King"},"content":{"rendered":"<h2 class=\"SectionTitle__title___Mc+hH\">Descri\u00e7\u00e3o do Produto<\/h2>\n<div class=\"ProductDescription__description___bly+m\">\n<p data-testid=\"paragraph\">As bolinhas para Pistolas de Airsoft da AVB foram criadas para oferecer precis\u00e3o, qualidade e \u00f3timo desempenho.<\/p>\n<p data-testid=\"paragraph\">ESFERAS<\/p>\n<p data-testid=\"paragraph\">S\u00e3o esferas foram produzidas em Pl\u00e1stico PVC ABS<\/p>\n<p data-testid=\"paragraph\">Sem rebarbas<\/p>\n<p data-testid=\"paragraph\">Sem bolhas de ar por dentro<\/p>\n<p data-testid=\"paragraph\">Duplo polimento que ajuda preservar seu equipamento<\/p>\n<p data-testid=\"paragraph\">Possuem o certificado TUV, CE e Reach<\/p>\n<p data-testid=\"paragraph\">Compat\u00edveis com as armas de airsoft, Aeg&#8217;;s, Gbb&#8217;;s, Springers, Snipers, Shotguns e outras<\/p>\n<p data-testid=\"paragraph\">ESPECIFICA\u00c7\u00d5ES<\/p>\n<p data-testid=\"paragraph\">Cor: branco<\/p>\n<p data-testid=\"paragraph\">Material: PVC<\/p>\n<p data-testid=\"paragraph\">Calibre: 6 mm<\/p>\n<p data-testid=\"paragraph\">Embalagem: 2500 unidades<\/p>\n<p data-testid=\"paragraph\">Peso por esfera: 0,28 g<\/p>\n<p data-testid=\"paragraph\">Peso total: 700 g<\/p>\n<\/div>\n","protected":false},"excerpt":{"rendered":"<p>Descri\u00e7\u00e3o do Produto As bolinhas para Pistolas de Airsoft da AVB foram criadas para oferecer precis\u00e3o, qualidade e \u00f3timo desempenho. ESFERAS S\u00e3o esferas foram produzidas em Pl\u00e1stico PVC ABS Sem rebarbas Sem bolhas de ar por dentro Duplo polimento que ajuda preservar seu equipamento Possuem o certificado TUV, CE e Reach Compat\u00edveis com as armas [&#8230;]\n","protected":false},"featured_media":1722,"comment_status":"open","ping_status":"closed","template":"","meta":{"_joinchat":[]},"product_cat":[37],"product_tag":[],"class_list":{"0":"post-1718","1":"product","2":"type-product","3":"status-publish","4":"has-post-thumbnail","6":"product_cat-esfera-plastica-bbs","8":"first","9":"instock","10":"shipping-taxable","11":"purchasable","12":"product-type-simple"},"jetpack_sharing_enabled":true,"_links":{"self":[{"href":"https:\/\/www.lojafare.com.br\/index.php?rest_route=\/wp\/v2\/product\/1718","targetHints":{"allow":["GET"]}}],"collection":[{"href":"https:\/\/www.lojafare.com.br\/index.php?rest_route=\/wp\/v2\/product"}],"about":[{"href":"https:\/\/www.lojafare.com.br\/index.php?rest_route=\/wp\/v2\/types\/product"}],"replies":[{"embeddable":true,"href":"https:\/\/www.lojafare.com.br\/index.php?rest_route=%2Fwp%2Fv2%2Fcomments&post=1718"}],"wp:featuredmedia":[{"embeddable":true,"href":"https:\/\/www.lojafare.com.br\/index.php?rest_route=\/wp\/v2\/media\/1722"}],"wp:attachment":[{"href":"https:\/\/www.lojafare.com.br\/index.php?rest_route=%2Fwp%2Fv2%2Fmedia&parent=1718"}],"wp:term":[{"taxonomy":"product_cat","embeddable":true,"href":"https:\/\/www.lojafare.com.br\/index.php?rest_route=%2Fwp%2Fv2%2Fproduct_cat&post=1718"},{"taxonomy":"product_tag","embeddable":true,"href":"https:\/\/www.lojafare.com.br\/index.php?rest_route=%2Fwp%2Fv2%2Fproduct_tag&post=1718"}],"curies":[{"name":"wp","href":"https:\/\/api.w.org\/{rel}","templated":true}]}}