{"id":1723,"date":"2024-02-16T15:36:35","date_gmt":"2024-02-16T18:36:35","guid":{"rendered":"https:\/\/www.lojafare.com.br\/?post_type=product&#038;p=1723"},"modified":"2024-02-16T15:36:35","modified_gmt":"2024-02-16T18:36:35","slug":"municao-airsoft-012g-bb-king-refil-c-2-000-bbs","status":"publish","type":"product","link":"https:\/\/www.lojafare.com.br\/?product=municao-airsoft-012g-bb-king-refil-c-2-000-bbs","title":{"rendered":"Muni\u00e7\u00e3o Airsoft 0,12g BB King Refil C\/ 2.000 Bbs"},"content":{"rendered":"<h2 class=\"SectionTitle__title___Mc+hH\">Descri\u00e7\u00e3o do Produto<\/h2>\n<div class=\"ProductDescription__description___bly+m\">\n<p data-testid=\"paragraph\">As bolinhas para Pistolas de Airsoft da AVB foram criadas para oferecer precis\u00e3o, qualidade e \u00f3timo desempenho.<\/p>\n<p data-testid=\"paragraph\">\n<p data-testid=\"paragraph\">ESFERAS<\/p>\n<p data-testid=\"paragraph\">Produzidas em Pl\u00e1stico PVC ABS<\/p>\n<p data-testid=\"paragraph\">Sem rebarbas<\/p>\n<p data-testid=\"paragraph\">Sem bolhas de ar por dentro<\/p>\n<p data-testid=\"paragraph\">Duplo polimento<\/p>\n<p data-testid=\"paragraph\">Possuem o certificado TUV, CE e Reach<\/p>\n<p data-testid=\"paragraph\">\n<p data-testid=\"paragraph\">ESPECIFICA\u00c7\u00d5ES<\/p>\n<p data-testid=\"paragraph\">Cor: branco<\/p>\n<p data-testid=\"paragraph\">Material: PVC<\/p>\n<p data-testid=\"paragraph\">Calibre: 6mm<\/p>\n<p data-testid=\"paragraph\">Embalagem: 2000 unidades<\/p>\n<p data-testid=\"paragraph\">Peso por esfera: 0,12 g<\/p>\n<\/div>\n","protected":false},"excerpt":{"rendered":"<p>Descri\u00e7\u00e3o do Produto As bolinhas para Pistolas de Airsoft da AVB foram criadas para oferecer precis\u00e3o, qualidade e \u00f3timo desempenho. ESFERAS Produzidas em Pl\u00e1stico PVC ABS Sem rebarbas Sem bolhas de ar por dentro Duplo polimento Possuem o certificado TUV, CE e Reach ESPECIFICA\u00c7\u00d5ES Cor: branco Material: PVC Calibre: 6mm Embalagem: 2000 unidades Peso por [&#8230;]\n","protected":false},"featured_media":1724,"comment_status":"open","ping_status":"closed","template":"","meta":{"_joinchat":[]},"product_cat":[37],"product_tag":[],"class_list":{"0":"post-1723","1":"product","2":"type-product","3":"status-publish","4":"has-post-thumbnail","6":"product_cat-esfera-plastica-bbs","8":"first","9":"instock","10":"shipping-taxable","11":"purchasable","12":"product-type-simple"},"jetpack_sharing_enabled":true,"_links":{"self":[{"href":"https:\/\/www.lojafare.com.br\/index.php?rest_route=\/wp\/v2\/product\/1723","targetHints":{"allow":["GET"]}}],"collection":[{"href":"https:\/\/www.lojafare.com.br\/index.php?rest_route=\/wp\/v2\/product"}],"about":[{"href":"https:\/\/www.lojafare.com.br\/index.php?rest_route=\/wp\/v2\/types\/product"}],"replies":[{"embeddable":true,"href":"https:\/\/www.lojafare.com.br\/index.php?rest_route=%2Fwp%2Fv2%2Fcomments&post=1723"}],"wp:featuredmedia":[{"embeddable":true,"href":"https:\/\/www.lojafare.com.br\/index.php?rest_route=\/wp\/v2\/media\/1724"}],"wp:attachment":[{"href":"https:\/\/www.lojafare.com.br\/index.php?rest_route=%2Fwp%2Fv2%2Fmedia&parent=1723"}],"wp:term":[{"taxonomy":"product_cat","embeddable":true,"href":"https:\/\/www.lojafare.com.br\/index.php?rest_route=%2Fwp%2Fv2%2Fproduct_cat&post=1723"},{"taxonomy":"product_tag","embeddable":true,"href":"https:\/\/www.lojafare.com.br\/index.php?rest_route=%2Fwp%2Fv2%2Fproduct_tag&post=1723"}],"curies":[{"name":"wp","href":"https:\/\/api.w.org\/{rel}","templated":true}]}}