{"id":1733,"date":"2024-02-16T17:18:35","date_gmt":"2024-02-16T20:18:35","guid":{"rendered":"https:\/\/www.lojafare.com.br\/?post_type=product&#038;p=1733"},"modified":"2024-02-16T17:18:35","modified_gmt":"2024-02-16T20:18:35","slug":"caixa-para-armas-curtas-30x20x8","status":"publish","type":"product","link":"https:\/\/www.lojafare.com.br\/?product=caixa-para-armas-curtas-30x20x8","title":{"rendered":"Caixa para Armas Curtas 30x20x8"},"content":{"rendered":"<h2 class=\"SectionTitle__title___Mc+hH\">Descri\u00e7\u00e3o do Produto<\/h2>\n<div class=\"ProductDescription__description___bly+m\">\n<p data-testid=\"paragraph\">A Caixa R\u00edgida AVB-C30 \u00e9 ideal para guardar armas de porte, equipamentos de tiro e muito mais.<\/p>\n<p data-testid=\"paragraph\">\n<p data-testid=\"paragraph\">RESISTENTE E ESPA\u00c7OSA<\/p>\n<p data-testid=\"paragraph\">Desenvolvida em material PP resistente<\/p>\n<p data-testid=\"paragraph\">Possui espuma interna<\/p>\n<p data-testid=\"paragraph\">F\u00e1cil de carregar<\/p>\n<p data-testid=\"paragraph\">Possui al\u00e7a para transporte<\/p>\n<p data-testid=\"paragraph\">Resistente a \u00e1gua, esmagamento e poeira<\/p>\n<p data-testid=\"paragraph\">\n<p data-testid=\"paragraph\">SEGURA<\/p>\n<p data-testid=\"paragraph\">Possui travas manuais<\/p>\n<p data-testid=\"paragraph\">\n<p data-testid=\"paragraph\">ESPECIFICA\u00c7\u00d5ES<\/p>\n<p data-testid=\"paragraph\">Marca\/Modelo: AVB-C30<\/p>\n<p data-testid=\"paragraph\">Medidas externas: 30 x 20 x 8 cm<\/p>\n<p data-testid=\"paragraph\">Medidas internas: 28 x 18 x 6 cm<\/p>\n<p data-testid=\"paragraph\">Cor: preta<\/p>\n<p data-testid=\"paragraph\">Peso: 600 g<\/p>\n<p data-testid=\"paragraph\">Peso bruto do produto:\u00a00,600\u00a0kg<\/p>\n<\/div>\n","protected":false},"excerpt":{"rendered":"<p>Descri\u00e7\u00e3o do Produto A Caixa R\u00edgida AVB-C30 \u00e9 ideal para guardar armas de porte, equipamentos de tiro e muito mais. RESISTENTE E ESPA\u00c7OSA Desenvolvida em material PP resistente Possui espuma interna F\u00e1cil de carregar Possui al\u00e7a para transporte Resistente a \u00e1gua, esmagamento e poeira SEGURA Possui travas manuais ESPECIFICA\u00c7\u00d5ES Marca\/Modelo: AVB-C30 Medidas externas: 30 x [&#8230;]\n","protected":false},"featured_media":1734,"comment_status":"open","ping_status":"closed","template":"","meta":{"_joinchat":[]},"product_cat":[76],"product_tag":[],"class_list":{"0":"post-1733","1":"product","2":"type-product","3":"status-publish","4":"has-post-thumbnail","6":"product_cat-maletas-capas-e-cases","8":"first","9":"instock","10":"shipping-taxable","11":"purchasable","12":"product-type-simple"},"jetpack_sharing_enabled":true,"_links":{"self":[{"href":"https:\/\/www.lojafare.com.br\/index.php?rest_route=\/wp\/v2\/product\/1733","targetHints":{"allow":["GET"]}}],"collection":[{"href":"https:\/\/www.lojafare.com.br\/index.php?rest_route=\/wp\/v2\/product"}],"about":[{"href":"https:\/\/www.lojafare.com.br\/index.php?rest_route=\/wp\/v2\/types\/product"}],"replies":[{"embeddable":true,"href":"https:\/\/www.lojafare.com.br\/index.php?rest_route=%2Fwp%2Fv2%2Fcomments&post=1733"}],"wp:featuredmedia":[{"embeddable":true,"href":"https:\/\/www.lojafare.com.br\/index.php?rest_route=\/wp\/v2\/media\/1734"}],"wp:attachment":[{"href":"https:\/\/www.lojafare.com.br\/index.php?rest_route=%2Fwp%2Fv2%2Fmedia&parent=1733"}],"wp:term":[{"taxonomy":"product_cat","embeddable":true,"href":"https:\/\/www.lojafare.com.br\/index.php?rest_route=%2Fwp%2Fv2%2Fproduct_cat&post=1733"},{"taxonomy":"product_tag","embeddable":true,"href":"https:\/\/www.lojafare.com.br\/index.php?rest_route=%2Fwp%2Fv2%2Fproduct_tag&post=1733"}],"curies":[{"name":"wp","href":"https:\/\/api.w.org\/{rel}","templated":true}]}}