{"id":1744,"date":"2024-02-16T18:21:19","date_gmt":"2024-02-16T21:21:19","guid":{"rendered":"https:\/\/www.lojafare.com.br\/?post_type=product&#038;p=1744"},"modified":"2024-02-16T23:16:20","modified_gmt":"2024-02-17T02:16:20","slug":"caixa-militar-multiuso-metal","status":"publish","type":"product","link":"https:\/\/www.lojafare.com.br\/?product=caixa-militar-multiuso-metal","title":{"rendered":"Caixa Militar Multiuso Metal"},"content":{"rendered":"<h2 class=\"SectionTitle__title___Mc+hH\">Descri\u00e7\u00e3o do Produto<\/h2>\n<div class=\"ProductDescription__description___bly+m\">\n<p data-testid=\"paragraph\">A Caixa Multiuso AS30 da AVB foi desenvolvida para facilitar a organiza\u00e7\u00e3o de seus equipamentos e produtos. Ideal para militares, policiais, pescadores, mec\u00e2nicos e civis.<\/p>\n<p data-testid=\"paragraph\">MULTIUSO E ESPA\u00c7OSA<\/p>\n<p data-testid=\"paragraph\">Possui amplo espa\u00e7o interno \u00c9 muito utilizada para carregar ferramentas, itens de pesca e arquivos<\/p>\n<p data-testid=\"paragraph\">T\u00c1TICA E PR\u00c1TICA<\/p>\n<p data-testid=\"paragraph\">F\u00e1cil de abrir Possui dobradi\u00e7a articulada que pode ser desmontada para aumentar ainda mais o seu uso Possui borracha que evita a entrada de l\u00edquidos Possui al\u00e7a ergon\u00f4mica confort\u00e1vel para transporte<\/p>\n<p data-testid=\"paragraph\">ESPECIFICA\u00c7\u00d5ES<\/p>\n<p data-testid=\"paragraph\">Marca\/Modelo: AVB\/AS30 Material: metal Abertura: dobradi\u00e7as Veda\u00e7\u00e3o: borracha Cor: verde oliva OD Dimens\u00f5es:\u00a027 x 19 x 10cm Peso: 2 kg<\/p>\n<\/div>\n","protected":false},"excerpt":{"rendered":"<p>Descri\u00e7\u00e3o do Produto A Caixa Multiuso AS30 da AVB foi desenvolvida para facilitar a organiza\u00e7\u00e3o de seus equipamentos e produtos. Ideal para militares, policiais, pescadores, mec\u00e2nicos e civis. MULTIUSO E ESPA\u00c7OSA Possui amplo espa\u00e7o interno \u00c9 muito utilizada para carregar ferramentas, itens de pesca e arquivos T\u00c1TICA E PR\u00c1TICA F\u00e1cil de abrir Possui dobradi\u00e7a articulada [&#8230;]\n","protected":false},"featured_media":1757,"comment_status":"open","ping_status":"closed","template":"","meta":{"_joinchat":[]},"product_cat":[76],"product_tag":[],"class_list":{"0":"post-1744","1":"product","2":"type-product","3":"status-publish","4":"has-post-thumbnail","6":"product_cat-maletas-capas-e-cases","8":"first","9":"instock","10":"shipping-taxable","11":"purchasable","12":"product-type-simple"},"jetpack_sharing_enabled":true,"_links":{"self":[{"href":"https:\/\/www.lojafare.com.br\/index.php?rest_route=\/wp\/v2\/product\/1744","targetHints":{"allow":["GET"]}}],"collection":[{"href":"https:\/\/www.lojafare.com.br\/index.php?rest_route=\/wp\/v2\/product"}],"about":[{"href":"https:\/\/www.lojafare.com.br\/index.php?rest_route=\/wp\/v2\/types\/product"}],"replies":[{"embeddable":true,"href":"https:\/\/www.lojafare.com.br\/index.php?rest_route=%2Fwp%2Fv2%2Fcomments&post=1744"}],"wp:featuredmedia":[{"embeddable":true,"href":"https:\/\/www.lojafare.com.br\/index.php?rest_route=\/wp\/v2\/media\/1757"}],"wp:attachment":[{"href":"https:\/\/www.lojafare.com.br\/index.php?rest_route=%2Fwp%2Fv2%2Fmedia&parent=1744"}],"wp:term":[{"taxonomy":"product_cat","embeddable":true,"href":"https:\/\/www.lojafare.com.br\/index.php?rest_route=%2Fwp%2Fv2%2Fproduct_cat&post=1744"},{"taxonomy":"product_tag","embeddable":true,"href":"https:\/\/www.lojafare.com.br\/index.php?rest_route=%2Fwp%2Fv2%2Fproduct_tag&post=1744"}],"curies":[{"name":"wp","href":"https:\/\/api.w.org\/{rel}","templated":true}]}}