{"id":1813,"date":"2024-02-23T16:39:15","date_gmt":"2024-02-23T19:39:15","guid":{"rendered":"https:\/\/www.lojafare.com.br\/?post_type=product&#038;p=1813"},"modified":"2024-02-23T16:54:06","modified_gmt":"2024-02-23T19:54:06","slug":"afiador-manual-carboneto-e-ceramica-duplo-taidea","status":"publish","type":"product","link":"https:\/\/www.lojafare.com.br\/?product=afiador-manual-carboneto-e-ceramica-duplo-taidea","title":{"rendered":"Afiador Manual Carboneto e Cer\u00e2mica Duplo Taidea"},"content":{"rendered":"<h2 class=\"SectionTitle__title___Mc+hH\">Descri\u00e7\u00e3o do Produto<\/h2>\n<div class=\"ProductDescription__description___bly+m\">\n<p data-testid=\"paragraph\">O Afiador Manual da TAIDEA foi desenvolvido para trazer praticidade, conforto e efici\u00eancia para o seu dia-a-dia.<\/p>\n<p data-testid=\"paragraph\">AFIA\u00c7\u00c3O MULTIFUNCIONAL<\/p>\n<p data-testid=\"paragraph\">Possui uma tecnologia de afia\u00e7\u00e3o inteligente com angula\u00e7\u00e3o ideal e amoladores duplos.<\/p>\n<p data-testid=\"paragraph\">\u00c9 indicado para facas lisas de metal de modelos Chinesas, Europ\u00e9ias, Japonesas e Brasileiras<\/p>\n<p data-testid=\"paragraph\">SEGURAN\u00c7A E PRATICIDADE<\/p>\n<p data-testid=\"paragraph\">Possui p\u00e9s de borracha antiderrapantes e empunhadura ambidestra ergon\u00f4mica<\/p>\n<p data-testid=\"paragraph\">AFIADOR 2 EM 1<\/p>\n<p data-testid=\"paragraph\">Cada tipo de afia\u00e7\u00e3o \u00e9 indicado \u00e0 diferentes tipos de produtos:<\/p>\n<p data-testid=\"paragraph\">Afia\u00e7\u00e3o Grossa (Carboneto): usada para facas muito cegas e \u00e1speras<\/p>\n<p data-testid=\"paragraph\">Afia\u00e7\u00e3o M\u00e9dia (Cer\u00e2mica): usada para a manuten\u00e7\u00e3o regular de facas<\/p>\n<p data-testid=\"paragraph\">INSTRU\u00c7\u00d5ES DE USO<\/p>\n<p data-testid=\"paragraph\">1. Coloque o afiador em uma superf\u00edcie est\u00e1vel e segura. Segure o afiador de facas com uma m\u00e3o e, a outra, segure a faca;<\/p>\n<p data-testid=\"paragraph\">2. Passe o produto que deseja amolar na ranhura de Afia\u00e7\u00e3o Grossa, aplicando uma leve press\u00e3o para baixo, passe a l\u00e2mina do calcanhar at\u00e9 a ponta pela ranhura por volta de 3 vezes. Repita o processo de 3 a 5 vezes com uma leve press\u00e3o adequada at\u00e9 atingir o n\u00edvel de afia\u00e7\u00e3o desejado;<\/p>\n<p data-testid=\"paragraph\">3. Agora, passe o produto que deseja amolar na ranhura de Afia\u00e7\u00e3o M\u00e9dia. Sempre finalize com esta etapa para remover quaisquer rebarbas que resultem do processo de afia\u00e7\u00e3o. Sem usar press\u00e3o, passe a l\u00e2mina pela roda de cer\u00e2mica por volta de 5 vezes;<\/p>\n<p data-testid=\"paragraph\">4. Limpe sua faca, tesoura ou produto que esteja afiando com a \u00e1gua ou algum limpador e seque-o ap\u00f3s o uso. Limpe o afiador de facas com uma escova n\u00e3o abrasiva<\/p>\n<p data-testid=\"paragraph\">CUIDADOS<\/p>\n<p data-testid=\"paragraph\">1. Este produto n\u00e3o \u00e9 recomendado para facas de l\u00e2minas serrilhadas ou tesouras<\/p>\n<p data-testid=\"paragraph\">2. Para evitar danificar a faca, afie-a levemente e n\u00e3o afie para frente e para tr\u00e1s<\/p>\n<p data-testid=\"paragraph\">3. A roda de cer\u00e2mica pode descolorir. Isto \u00e9 normal.<\/p>\n<p data-testid=\"paragraph\">CARACTER\u00cdSTICAS<\/p>\n<p data-testid=\"paragraph\">Fabricante\/Modelo: Taidea\/TG1206<\/p>\n<p data-testid=\"paragraph\">Materiais de afia\u00e7\u00e3o: carboneto (carbide) e cer\u00e2mica (ceramic)<\/p>\n<p data-testid=\"paragraph\">Afiadores: grosso e m\u00e9dio<\/p>\n<p data-testid=\"paragraph\">Dimens\u00f5es: 18,8 x 6,3 x 5 cm<\/p>\n<p data-testid=\"paragraph\">Peso: 110 g<\/p>\n<\/div>\n","protected":false},"excerpt":{"rendered":"<p>Descri\u00e7\u00e3o do Produto O Afiador Manual da TAIDEA foi desenvolvido para trazer praticidade, conforto e efici\u00eancia para o seu dia-a-dia. AFIA\u00c7\u00c3O MULTIFUNCIONAL Possui uma tecnologia de afia\u00e7\u00e3o inteligente com angula\u00e7\u00e3o ideal e amoladores duplos. \u00c9 indicado para facas lisas de metal de modelos Chinesas, Europ\u00e9ias, Japonesas e Brasileiras SEGURAN\u00c7A E PRATICIDADE Possui p\u00e9s de borracha [&#8230;]\n","protected":false},"featured_media":1824,"comment_status":"open","ping_status":"closed","template":"","meta":{"_joinchat":[]},"product_cat":[92],"product_tag":[],"class_list":{"0":"post-1813","1":"product","2":"type-product","3":"status-publish","4":"has-post-thumbnail","6":"product_cat-afiacao-amoladores","8":"first","9":"instock","10":"shipping-taxable","11":"purchasable","12":"product-type-simple"},"jetpack_sharing_enabled":true,"_links":{"self":[{"href":"https:\/\/www.lojafare.com.br\/index.php?rest_route=\/wp\/v2\/product\/1813","targetHints":{"allow":["GET"]}}],"collection":[{"href":"https:\/\/www.lojafare.com.br\/index.php?rest_route=\/wp\/v2\/product"}],"about":[{"href":"https:\/\/www.lojafare.com.br\/index.php?rest_route=\/wp\/v2\/types\/product"}],"replies":[{"embeddable":true,"href":"https:\/\/www.lojafare.com.br\/index.php?rest_route=%2Fwp%2Fv2%2Fcomments&post=1813"}],"wp:featuredmedia":[{"embeddable":true,"href":"https:\/\/www.lojafare.com.br\/index.php?rest_route=\/wp\/v2\/media\/1824"}],"wp:attachment":[{"href":"https:\/\/www.lojafare.com.br\/index.php?rest_route=%2Fwp%2Fv2%2Fmedia&parent=1813"}],"wp:term":[{"taxonomy":"product_cat","embeddable":true,"href":"https:\/\/www.lojafare.com.br\/index.php?rest_route=%2Fwp%2Fv2%2Fproduct_cat&post=1813"},{"taxonomy":"product_tag","embeddable":true,"href":"https:\/\/www.lojafare.com.br\/index.php?rest_route=%2Fwp%2Fv2%2Fproduct_tag&post=1813"}],"curies":[{"name":"wp","href":"https:\/\/api.w.org\/{rel}","templated":true}]}}