{"id":1825,"date":"2024-02-23T17:04:39","date_gmt":"2024-02-23T20:04:39","guid":{"rendered":"https:\/\/www.lojafare.com.br\/?post_type=product&#038;p=1825"},"modified":"2024-02-23T17:04:39","modified_gmt":"2024-02-23T20:04:39","slug":"canivete-liner-lock-avb","status":"publish","type":"product","link":"https:\/\/www.lojafare.com.br\/?product=canivete-liner-lock-avb","title":{"rendered":"Canivete Liner Lock AVB"},"content":{"rendered":"<h2 class=\"SectionTitle__title___Mc+hH\">Descri\u00e7\u00e3o do Produto<\/h2>\n<div class=\"ProductDescription__description___bly+m\">\n<p data-testid=\"paragraph\">O Canivete Liner Lock da AVB foi desenvolvido para voc\u00ea ter agilidade, praticidade e efici\u00eancia no uso. Ideal para levar para trilhas, passeios na mata, florestas, camping e chal\u00e9s. Ideal para o seu kit de sobreviv\u00eancia.<\/p>\n<p data-testid=\"paragraph\">ESPECIFICA\u00c7\u00d5ES<\/p>\n<p data-testid=\"paragraph\">Marca\/Modelo: AVB\/CEZ-0938<\/p>\n<p data-testid=\"paragraph\">Material: a\u00e7o inoxid\u00e1vel<\/p>\n<p data-testid=\"paragraph\">Acabamento: preto<\/p>\n<p data-testid=\"paragraph\">Comprimento da l\u00e2mina: 8,5 cm<\/p>\n<p data-testid=\"paragraph\">Comprimento fechado: 11,5 cm<\/p>\n<p data-testid=\"paragraph\">Comprimento aberto: 20 cm<\/p>\n<p data-testid=\"paragraph\">Peso: 125 g<\/p>\n<\/div>\n","protected":false},"excerpt":{"rendered":"<p>Descri\u00e7\u00e3o do Produto O Canivete Liner Lock da AVB foi desenvolvido para voc\u00ea ter agilidade, praticidade e efici\u00eancia no uso. Ideal para levar para trilhas, passeios na mata, florestas, camping e chal\u00e9s. Ideal para o seu kit de sobreviv\u00eancia. ESPECIFICA\u00c7\u00d5ES Marca\/Modelo: AVB\/CEZ-0938 Material: a\u00e7o inoxid\u00e1vel Acabamento: preto Comprimento da l\u00e2mina: 8,5 cm Comprimento fechado: 11,5 [&#8230;]\n","protected":false},"featured_media":1833,"comment_status":"open","ping_status":"closed","template":"","meta":{"_joinchat":[]},"product_cat":[91],"product_tag":[],"class_list":{"0":"post-1825","1":"product","2":"type-product","3":"status-publish","4":"has-post-thumbnail","6":"product_cat-canivetes","8":"first","9":"instock","10":"shipping-taxable","11":"purchasable","12":"product-type-simple"},"jetpack_sharing_enabled":true,"_links":{"self":[{"href":"https:\/\/www.lojafare.com.br\/index.php?rest_route=\/wp\/v2\/product\/1825","targetHints":{"allow":["GET"]}}],"collection":[{"href":"https:\/\/www.lojafare.com.br\/index.php?rest_route=\/wp\/v2\/product"}],"about":[{"href":"https:\/\/www.lojafare.com.br\/index.php?rest_route=\/wp\/v2\/types\/product"}],"replies":[{"embeddable":true,"href":"https:\/\/www.lojafare.com.br\/index.php?rest_route=%2Fwp%2Fv2%2Fcomments&post=1825"}],"wp:featuredmedia":[{"embeddable":true,"href":"https:\/\/www.lojafare.com.br\/index.php?rest_route=\/wp\/v2\/media\/1833"}],"wp:attachment":[{"href":"https:\/\/www.lojafare.com.br\/index.php?rest_route=%2Fwp%2Fv2%2Fmedia&parent=1825"}],"wp:term":[{"taxonomy":"product_cat","embeddable":true,"href":"https:\/\/www.lojafare.com.br\/index.php?rest_route=%2Fwp%2Fv2%2Fproduct_cat&post=1825"},{"taxonomy":"product_tag","embeddable":true,"href":"https:\/\/www.lojafare.com.br\/index.php?rest_route=%2Fwp%2Fv2%2Fproduct_tag&post=1825"}],"curies":[{"name":"wp","href":"https:\/\/api.w.org\/{rel}","templated":true}]}}