{"id":1834,"date":"2024-02-23T17:10:27","date_gmt":"2024-02-23T20:10:27","guid":{"rendered":"https:\/\/www.lojafare.com.br\/?post_type=product&#038;p=1834"},"modified":"2024-02-23T17:20:05","modified_gmt":"2024-02-23T20:20:05","slug":"canivete-multifuncional-avb","status":"publish","type":"product","link":"https:\/\/www.lojafare.com.br\/?product=canivete-multifuncional-avb","title":{"rendered":"Canivete Multifuncional AVB"},"content":{"rendered":"<h2 class=\"SectionTitle__title___Mc+hH\">Descri\u00e7\u00e3o do Produto<\/h2>\n<div class=\"ProductDescription__description___bly+m\">\n<p data-testid=\"paragraph\">O Canivete Multi Fun\u00e7\u00f5es AVB foi desenvolvido pensando em praticidade e efici\u00eancia.<\/p>\n<p data-testid=\"paragraph\">\u00c9 um acess\u00f3rio ideal para levar em viagens ao ar livre e \u00e9 muito \u00fatil para campings.<\/p>\n<p data-testid=\"paragraph\">CORPO<\/p>\n<p data-testid=\"paragraph\">Feito em a\u00e7o inoxid\u00e1vel<\/p>\n<p data-testid=\"paragraph\">Super leve e resistente<\/p>\n<p data-testid=\"paragraph\">L\u00c2MINA<\/p>\n<p data-testid=\"paragraph\">Feita em a\u00e7o inoxid\u00e1vel<\/p>\n<p data-testid=\"paragraph\">Lisa e serrilhada<\/p>\n<p data-testid=\"paragraph\">Possui 8 cm de comprimento e 3 mm de espessura<\/p>\n<p data-testid=\"paragraph\">FUN\u00c7\u00d5ES<\/p>\n<p data-testid=\"paragraph\">Corte<\/p>\n<p data-testid=\"paragraph\">Chave Philips<\/p>\n<p data-testid=\"paragraph\">Mosquet\u00e3o<\/p>\n<p data-testid=\"paragraph\">ESPECIFICA\u00c7\u00d5ES T\u00c9CNICAS<\/p>\n<p data-testid=\"paragraph\">Marca\/Modelo: AVB\/CER-20670<\/p>\n<p data-testid=\"paragraph\">Material: a\u00e7o inoxid\u00e1vel<\/p>\n<p data-testid=\"paragraph\">Material da l\u00e2mina: a\u00e7o inoxid\u00e1vel AUS-6<\/p>\n<p data-testid=\"paragraph\">Acabamento: preto<\/p>\n<p data-testid=\"paragraph\">Comprimento da l\u00e2mina: 8 cm<\/p>\n<p data-testid=\"paragraph\">Comprimento fechado: 11,5 cm<\/p>\n<p data-testid=\"paragraph\">Comprimento total: 17 cm<\/p>\n<p data-testid=\"paragraph\">Largura: 2 cm<\/p>\n<p data-testid=\"paragraph\">Altura: 6,5 cm<\/p>\n<p data-testid=\"paragraph\">Peso: 185 g<\/p>\n<\/div>\n","protected":false},"excerpt":{"rendered":"<p>Descri\u00e7\u00e3o do Produto O Canivete Multi Fun\u00e7\u00f5es AVB foi desenvolvido pensando em praticidade e efici\u00eancia. \u00c9 um acess\u00f3rio ideal para levar em viagens ao ar livre e \u00e9 muito \u00fatil para campings. CORPO Feito em a\u00e7o inoxid\u00e1vel Super leve e resistente L\u00c2MINA Feita em a\u00e7o inoxid\u00e1vel Lisa e serrilhada Possui 8 cm de comprimento e [&#8230;]\n","protected":false},"featured_media":1844,"comment_status":"open","ping_status":"closed","template":"","meta":{"_joinchat":[]},"product_cat":[91,83],"product_tag":[],"class_list":{"0":"post-1834","1":"product","2":"type-product","3":"status-publish","4":"has-post-thumbnail","6":"product_cat-canivetes","7":"product_cat-chaveiros","9":"first","10":"instock","11":"shipping-taxable","12":"purchasable","13":"product-type-simple"},"jetpack_sharing_enabled":true,"_links":{"self":[{"href":"https:\/\/www.lojafare.com.br\/index.php?rest_route=\/wp\/v2\/product\/1834","targetHints":{"allow":["GET"]}}],"collection":[{"href":"https:\/\/www.lojafare.com.br\/index.php?rest_route=\/wp\/v2\/product"}],"about":[{"href":"https:\/\/www.lojafare.com.br\/index.php?rest_route=\/wp\/v2\/types\/product"}],"replies":[{"embeddable":true,"href":"https:\/\/www.lojafare.com.br\/index.php?rest_route=%2Fwp%2Fv2%2Fcomments&post=1834"}],"wp:featuredmedia":[{"embeddable":true,"href":"https:\/\/www.lojafare.com.br\/index.php?rest_route=\/wp\/v2\/media\/1844"}],"wp:attachment":[{"href":"https:\/\/www.lojafare.com.br\/index.php?rest_route=%2Fwp%2Fv2%2Fmedia&parent=1834"}],"wp:term":[{"taxonomy":"product_cat","embeddable":true,"href":"https:\/\/www.lojafare.com.br\/index.php?rest_route=%2Fwp%2Fv2%2Fproduct_cat&post=1834"},{"taxonomy":"product_tag","embeddable":true,"href":"https:\/\/www.lojafare.com.br\/index.php?rest_route=%2Fwp%2Fv2%2Fproduct_tag&post=1834"}],"curies":[{"name":"wp","href":"https:\/\/api.w.org\/{rel}","templated":true}]}}