{"id":1861,"date":"2024-02-23T20:20:14","date_gmt":"2024-02-23T23:20:14","guid":{"rendered":"https:\/\/www.lojafare.com.br\/?post_type=product&#038;p=1861"},"modified":"2024-02-23T20:20:14","modified_gmt":"2024-02-23T23:20:14","slug":"carteira-guarda-municipal","status":"publish","type":"product","link":"https:\/\/www.lojafare.com.br\/?product=carteira-guarda-municipal","title":{"rendered":"Carteira Guarda Municipal"},"content":{"rendered":"<p>INFORMA\u00c7\u00d5ES SOBRE O PRODUTO<\/p>\n<div>Carteira Guarda Municipal produzida em material sint\u00e9tico, Cont\u00e9m 2 bras\u00f5es em metal, Capacidade para at\u00e9 6 documentos de 67mm x 105mm cada, Cont\u00e9m porta moedas. Peso: 100g<\/div>\n","protected":false},"excerpt":{"rendered":"<p>INFORMA\u00c7\u00d5ES SOBRE O PRODUTO Carteira Guarda Municipal produzida em material sint\u00e9tico, Cont\u00e9m 2 bras\u00f5es em metal, Capacidade para at\u00e9 6 documentos de 67mm x 105mm cada, Cont\u00e9m porta moedas. Peso: 100g<\/p>\n","protected":false},"featured_media":1862,"comment_status":"open","ping_status":"closed","template":"","meta":{"_joinchat":[]},"product_cat":[89],"product_tag":[],"class_list":{"0":"post-1861","1":"product","2":"type-product","3":"status-publish","4":"has-post-thumbnail","6":"product_cat-carteiras-e-distintivos","8":"first","9":"instock","10":"shipping-taxable","11":"purchasable","12":"product-type-simple"},"jetpack_sharing_enabled":true,"_links":{"self":[{"href":"https:\/\/www.lojafare.com.br\/index.php?rest_route=\/wp\/v2\/product\/1861","targetHints":{"allow":["GET"]}}],"collection":[{"href":"https:\/\/www.lojafare.com.br\/index.php?rest_route=\/wp\/v2\/product"}],"about":[{"href":"https:\/\/www.lojafare.com.br\/index.php?rest_route=\/wp\/v2\/types\/product"}],"replies":[{"embeddable":true,"href":"https:\/\/www.lojafare.com.br\/index.php?rest_route=%2Fwp%2Fv2%2Fcomments&post=1861"}],"wp:featuredmedia":[{"embeddable":true,"href":"https:\/\/www.lojafare.com.br\/index.php?rest_route=\/wp\/v2\/media\/1862"}],"wp:attachment":[{"href":"https:\/\/www.lojafare.com.br\/index.php?rest_route=%2Fwp%2Fv2%2Fmedia&parent=1861"}],"wp:term":[{"taxonomy":"product_cat","embeddable":true,"href":"https:\/\/www.lojafare.com.br\/index.php?rest_route=%2Fwp%2Fv2%2Fproduct_cat&post=1861"},{"taxonomy":"product_tag","embeddable":true,"href":"https:\/\/www.lojafare.com.br\/index.php?rest_route=%2Fwp%2Fv2%2Fproduct_tag&post=1861"}],"curies":[{"name":"wp","href":"https:\/\/api.w.org\/{rel}","templated":true}]}}