{"id":1877,"date":"2024-02-23T21:25:24","date_gmt":"2024-02-24T00:25:24","guid":{"rendered":"https:\/\/www.lojafare.com.br\/?post_type=product&#038;p=1877"},"modified":"2024-02-23T21:25:24","modified_gmt":"2024-02-24T00:25:24","slug":"carteira-vigilante-em-couro-sintetico","status":"publish","type":"product","link":"https:\/\/www.lojafare.com.br\/?product=carteira-vigilante-em-couro-sintetico","title":{"rendered":"Carteira Vigilante em Couro Sint\u00e9tico"},"content":{"rendered":"<p style=\"font-weight: 400;\"><b><strong>DESCRI\u00c7\u00c3O DO PRODUTO<\/strong><\/b><\/p>\n<p style=\"font-weight: 400;\">Material de \u00f3tima qualidade.<\/p>\n<p style=\"font-weight: 400;\">Couro sint\u00e9tico bras\u00e3o de metal em relevo.<\/p>\n<p style=\"font-weight: 400;\">Porta moedas, porta documentos, porta cart\u00f5es.<\/p>\n<p style=\"font-weight: 400;\">**Fotos ilustrativas<\/p>\n<p style=\"font-weight: 400;\">**Medidas aproximadas<\/p>\n","protected":false},"excerpt":{"rendered":"<p>DESCRI\u00c7\u00c3O DO PRODUTO Material de \u00f3tima qualidade. Couro sint\u00e9tico bras\u00e3o de metal em relevo. Porta moedas, porta documentos, porta cart\u00f5es. **Fotos ilustrativas **Medidas aproximadas<\/p>\n","protected":false},"featured_media":1878,"comment_status":"open","ping_status":"closed","template":"","meta":{"_joinchat":[]},"product_cat":[89],"product_tag":[],"class_list":{"0":"post-1877","1":"product","2":"type-product","3":"status-publish","4":"has-post-thumbnail","6":"product_cat-carteiras-e-distintivos","8":"first","9":"instock","10":"shipping-taxable","11":"purchasable","12":"product-type-simple"},"jetpack_sharing_enabled":true,"_links":{"self":[{"href":"https:\/\/www.lojafare.com.br\/index.php?rest_route=\/wp\/v2\/product\/1877","targetHints":{"allow":["GET"]}}],"collection":[{"href":"https:\/\/www.lojafare.com.br\/index.php?rest_route=\/wp\/v2\/product"}],"about":[{"href":"https:\/\/www.lojafare.com.br\/index.php?rest_route=\/wp\/v2\/types\/product"}],"replies":[{"embeddable":true,"href":"https:\/\/www.lojafare.com.br\/index.php?rest_route=%2Fwp%2Fv2%2Fcomments&post=1877"}],"wp:featuredmedia":[{"embeddable":true,"href":"https:\/\/www.lojafare.com.br\/index.php?rest_route=\/wp\/v2\/media\/1878"}],"wp:attachment":[{"href":"https:\/\/www.lojafare.com.br\/index.php?rest_route=%2Fwp%2Fv2%2Fmedia&parent=1877"}],"wp:term":[{"taxonomy":"product_cat","embeddable":true,"href":"https:\/\/www.lojafare.com.br\/index.php?rest_route=%2Fwp%2Fv2%2Fproduct_cat&post=1877"},{"taxonomy":"product_tag","embeddable":true,"href":"https:\/\/www.lojafare.com.br\/index.php?rest_route=%2Fwp%2Fv2%2Fproduct_tag&post=1877"}],"curies":[{"name":"wp","href":"https:\/\/api.w.org\/{rel}","templated":true}]}}