{"id":188,"date":"2024-01-20T14:25:04","date_gmt":"2024-01-20T17:25:04","guid":{"rendered":"https:\/\/www.lojafare.com.br\/?post_type=product&#038;p=188"},"modified":"2024-01-22T11:54:42","modified_gmt":"2024-01-22T14:54:42","slug":"bls-perfect-bb-0-28g-6mm-c-2000-und","status":"publish","type":"product","link":"https:\/\/www.lojafare.com.br\/?product=bls-perfect-bb-0-28g-6mm-c-2000-und","title":{"rendered":"BLS Perfect BB 0.28g 6mm c\/2000 und"},"content":{"rendered":"<p>BLS Perfect BB 0.28g\u00a0 6mm c\/2000 und (BAG 560g)* Airsoft Best World BBs Licensed<\/p>\n<p>0,28g\u00a0: S\u00e3o compostas por mistura fina de Pol\u00edmeros de base fossil e biopol\u00edmeros, formando uma\u00a0 massa consistente de alta qualidade, \u00edmpar chegando ao crit\u00e9rio &#8220;Super Premium&#8221; de acordo com parametros de mistura que recebem.<\/p>\n<p>A Bls tem r\u00edgido controle de qualidade, com m\u00faltiplas etapas de polimento\u00a0aferindo seu alto desempenho, as BBs \u2013 BLS, passam por processos 100% automatizados e auditados por certifica\u00e7\u00e3o ISO9001; Oferecendo a nossos clientes os melhores processos de produ\u00e7\u00e3o com certifica\u00e7\u00e3o de lotes e processos que aferem sua qualidade, Sem deixar de pensar no meio ambiente, nossos produtos tamb\u00e9m s\u00e3o certificados com ISO 14001.<\/p>\n<p>Garantindo a alt\u00edssima precis\u00e3o, e polimento para maior efici\u00eancia e maior controle dos disparos ao passar pelo hop-up.<\/p>\n<p>A Escolha de BBs de qualidade \u00e9 t\u00e3o importante quanto a escolha dos equipamentos em que v\u00e3o ser utilizados \u201carmas de Airsoft\u201d.<\/p>\n<p>Medida: 5.95mm\/+-0.01mm<\/p>\n<p>Pesos dispon\u00edveis: 0.28g\u00a0 = 1 BBs<br \/>\nPacote de 560g com 2000 unidades<\/p>\n<p>Escolha o peso ideal para sua arma de airsoft.<\/p>\n<ul>\n<li>0.28g ideal para armas de 300 fps at\u00e9 450 fps<\/li>\n<li>Ideal para:\n<ul>\n<li>&#8211; Assauto\n<ul>\n<li>-DMR<\/li>\n<li>-Speed Soft<\/li>\n<li>-Milsim<\/li>\n<li>-Force on Force<\/li>\n<li>-CQB<\/li>\n<li>-Treino com Visada<\/li>\n<\/ul>\n<\/li>\n<\/ul>\n<\/li>\n<\/ul>\n<p>ATEN\u00c7\u00c3O:\u00a0Este produto n\u00e3o \u00e9 indicado para menores de 18 anos<\/p>\n<p>Fabricado em Taiwan<br \/>\nImportado: por Grupo Feasso Brasil\/Eletr\u00f4nicos<br \/>\nValidade: Indeterminado<br \/>\nComposi\u00e7\u00e3o: PLA\/PP\/PS\/ABS em propor\u00e7\u00e3o para +\/- (Mistura de pol\u00edmeros podendo chegar a 100% de uma \u00fanica parte.)<\/p>\n","protected":false},"excerpt":{"rendered":"<p>BLS Perfect BB 0.28g\u00a0 6mm c\/2000 und (BAG 560g)* Airsoft Best World BBs Licensed 0,28g\u00a0: S\u00e3o compostas por mistura fina de Pol\u00edmeros de base fossil e biopol\u00edmeros, formando uma\u00a0 massa consistente de alta qualidade, \u00edmpar chegando ao crit\u00e9rio &#8220;Super Premium&#8221; de acordo com parametros de mistura que recebem. A Bls tem r\u00edgido controle de qualidade, [&#8230;]\n","protected":false},"featured_media":189,"comment_status":"open","ping_status":"closed","template":"","meta":{"_joinchat":[]},"product_cat":[37],"product_tag":[],"class_list":{"0":"post-188","1":"product","2":"type-product","3":"status-publish","4":"has-post-thumbnail","6":"product_cat-esfera-plastica-bbs","8":"first","9":"instock","10":"shipping-taxable","11":"purchasable","12":"product-type-simple"},"jetpack_sharing_enabled":true,"_links":{"self":[{"href":"https:\/\/www.lojafare.com.br\/index.php?rest_route=\/wp\/v2\/product\/188","targetHints":{"allow":["GET"]}}],"collection":[{"href":"https:\/\/www.lojafare.com.br\/index.php?rest_route=\/wp\/v2\/product"}],"about":[{"href":"https:\/\/www.lojafare.com.br\/index.php?rest_route=\/wp\/v2\/types\/product"}],"replies":[{"embeddable":true,"href":"https:\/\/www.lojafare.com.br\/index.php?rest_route=%2Fwp%2Fv2%2Fcomments&post=188"}],"wp:featuredmedia":[{"embeddable":true,"href":"https:\/\/www.lojafare.com.br\/index.php?rest_route=\/wp\/v2\/media\/189"}],"wp:attachment":[{"href":"https:\/\/www.lojafare.com.br\/index.php?rest_route=%2Fwp%2Fv2%2Fmedia&parent=188"}],"wp:term":[{"taxonomy":"product_cat","embeddable":true,"href":"https:\/\/www.lojafare.com.br\/index.php?rest_route=%2Fwp%2Fv2%2Fproduct_cat&post=188"},{"taxonomy":"product_tag","embeddable":true,"href":"https:\/\/www.lojafare.com.br\/index.php?rest_route=%2Fwp%2Fv2%2Fproduct_tag&post=188"}],"curies":[{"name":"wp","href":"https:\/\/api.w.org\/{rel}","templated":true}]}}