{"id":1889,"date":"2024-02-23T21:51:49","date_gmt":"2024-02-24T00:51:49","guid":{"rendered":"https:\/\/www.lojafare.com.br\/?post_type=product&#038;p=1889"},"modified":"2024-02-23T22:02:43","modified_gmt":"2024-02-24T01:02:43","slug":"distintivo-bombeiro-civil","status":"publish","type":"product","link":"https:\/\/www.lojafare.com.br\/?product=distintivo-bombeiro-civil","title":{"rendered":"Distintivo Bombeiro Civil"},"content":{"rendered":"<h4 class=\"tituloItemInformacaoComplementar\">Descri\u00e7\u00e3o do Produto<\/h4>\n<div id=\"textoDescricaoProdutoCkeditor\" class=\"codigoConteudoItemInformacaoComplementar textoDescricaoProdutoCkeditor\">\n<p>Couro com metal banhado a ouro<\/p>\n<p>Cord\u00e3o de a\u00e7o<\/p>\n<p>Clip pra cal\u00e7a, bolso, colete ou camisa<\/p>\n<\/div>\n","protected":false},"excerpt":{"rendered":"<p>Descri\u00e7\u00e3o do Produto Couro com metal banhado a ouro Cord\u00e3o de a\u00e7o Clip pra cal\u00e7a, bolso, colete ou camisa<\/p>\n","protected":false},"featured_media":1894,"comment_status":"open","ping_status":"closed","template":"","meta":{"_joinchat":[]},"product_cat":[89],"product_tag":[],"class_list":{"0":"post-1889","1":"product","2":"type-product","3":"status-publish","4":"has-post-thumbnail","6":"product_cat-carteiras-e-distintivos","8":"first","9":"instock","10":"shipping-taxable","11":"purchasable","12":"product-type-simple"},"jetpack_sharing_enabled":true,"_links":{"self":[{"href":"https:\/\/www.lojafare.com.br\/index.php?rest_route=\/wp\/v2\/product\/1889","targetHints":{"allow":["GET"]}}],"collection":[{"href":"https:\/\/www.lojafare.com.br\/index.php?rest_route=\/wp\/v2\/product"}],"about":[{"href":"https:\/\/www.lojafare.com.br\/index.php?rest_route=\/wp\/v2\/types\/product"}],"replies":[{"embeddable":true,"href":"https:\/\/www.lojafare.com.br\/index.php?rest_route=%2Fwp%2Fv2%2Fcomments&post=1889"}],"wp:featuredmedia":[{"embeddable":true,"href":"https:\/\/www.lojafare.com.br\/index.php?rest_route=\/wp\/v2\/media\/1894"}],"wp:attachment":[{"href":"https:\/\/www.lojafare.com.br\/index.php?rest_route=%2Fwp%2Fv2%2Fmedia&parent=1889"}],"wp:term":[{"taxonomy":"product_cat","embeddable":true,"href":"https:\/\/www.lojafare.com.br\/index.php?rest_route=%2Fwp%2Fv2%2Fproduct_cat&post=1889"},{"taxonomy":"product_tag","embeddable":true,"href":"https:\/\/www.lojafare.com.br\/index.php?rest_route=%2Fwp%2Fv2%2Fproduct_tag&post=1889"}],"curies":[{"name":"wp","href":"https:\/\/api.w.org\/{rel}","templated":true}]}}