{"id":1897,"date":"2024-02-23T22:10:43","date_gmt":"2024-02-24T01:10:43","guid":{"rendered":"https:\/\/www.lojafare.com.br\/?post_type=product&#038;p=1897"},"modified":"2024-02-23T22:14:55","modified_gmt":"2024-02-24T01:14:55","slug":"carteira-couro-bombeiro-civil-com-distintivo","status":"publish","type":"product","link":"https:\/\/www.lojafare.com.br\/?product=carteira-couro-bombeiro-civil-com-distintivo","title":{"rendered":"CARTEIRA COURO BOMBEIRO CIVIL COM DISTINTIVO"},"content":{"rendered":"<p><strong>Descri\u00e7\u00e3o:<\/strong><\/p>\n<p>Carteira ideal para seguran\u00e7a \/ vigilante patrimonial.<\/p>\n<p>Fabricada em couro com distintivo que pode ser utilizado interna ou externamente na carteira.<\/p>\n<p>Especifica\u00e7\u00f5es:<\/p>\n<p><span class=\"redactor-invisible-space\">Material: Couro<\/span><\/p>\n<p>Porta c\u00e9dula<\/p>\n<p>Porta funcional<\/p>\n<p>Porta cart\u00e3o<\/p>\n<p>Porta documento (CNH, RG, CPF, etc\u2026)<\/p>\n","protected":false},"excerpt":{"rendered":"<p>Descri\u00e7\u00e3o: Carteira ideal para seguran\u00e7a \/ vigilante patrimonial. Fabricada em couro com distintivo que pode ser utilizado interna ou externamente na carteira. Especifica\u00e7\u00f5es: Material: Couro Porta c\u00e9dula Porta funcional Porta cart\u00e3o Porta documento (CNH, RG, CPF, etc\u2026)<\/p>\n","protected":false},"featured_media":1901,"comment_status":"open","ping_status":"closed","template":"","meta":{"_joinchat":[]},"product_cat":[89],"product_tag":[],"class_list":{"0":"post-1897","1":"product","2":"type-product","3":"status-publish","4":"has-post-thumbnail","6":"product_cat-carteiras-e-distintivos","8":"first","9":"instock","10":"shipping-taxable","11":"purchasable","12":"product-type-simple"},"jetpack_sharing_enabled":true,"_links":{"self":[{"href":"https:\/\/www.lojafare.com.br\/index.php?rest_route=\/wp\/v2\/product\/1897","targetHints":{"allow":["GET"]}}],"collection":[{"href":"https:\/\/www.lojafare.com.br\/index.php?rest_route=\/wp\/v2\/product"}],"about":[{"href":"https:\/\/www.lojafare.com.br\/index.php?rest_route=\/wp\/v2\/types\/product"}],"replies":[{"embeddable":true,"href":"https:\/\/www.lojafare.com.br\/index.php?rest_route=%2Fwp%2Fv2%2Fcomments&post=1897"}],"wp:featuredmedia":[{"embeddable":true,"href":"https:\/\/www.lojafare.com.br\/index.php?rest_route=\/wp\/v2\/media\/1901"}],"wp:attachment":[{"href":"https:\/\/www.lojafare.com.br\/index.php?rest_route=%2Fwp%2Fv2%2Fmedia&parent=1897"}],"wp:term":[{"taxonomy":"product_cat","embeddable":true,"href":"https:\/\/www.lojafare.com.br\/index.php?rest_route=%2Fwp%2Fv2%2Fproduct_cat&post=1897"},{"taxonomy":"product_tag","embeddable":true,"href":"https:\/\/www.lojafare.com.br\/index.php?rest_route=%2Fwp%2Fv2%2Fproduct_tag&post=1897"}],"curies":[{"name":"wp","href":"https:\/\/api.w.org\/{rel}","templated":true}]}}