{"id":195,"date":"2024-01-20T14:55:27","date_gmt":"2024-01-20T17:55:27","guid":{"rendered":"https:\/\/www.lojafare.com.br\/?post_type=product&#038;p=195"},"modified":"2024-01-22T15:59:12","modified_gmt":"2024-01-22T18:59:12","slug":"ammobox-bbs-028g-c-2000","status":"publish","type":"product","link":"https:\/\/www.lojafare.com.br\/?product=ammobox-bbs-028g-c-2000","title":{"rendered":"AMMOBOX BBS 0,28g C\/2000"},"content":{"rendered":"<p style=\"font-weight: 400;\"><b><strong>JF-BBS28 &#8211; BBS 0,28g AMMOBOX C\/2000 (560g)*<\/strong><\/b>Em busca da performance, qualidade, com pre\u00e7os que cabem no seu bolso a Feasso\u00a0apresenta para voc\u00ea player e operador de Airsoft a sua nova linha de BBS!<\/p>\n<p style=\"font-weight: 400;\">A nova linha de BBS \u201cAmmoBox\u201d foi desenvolvida para operadores experientes e para voc\u00ea que est\u00e1 entrando agora no Airsoft!<\/p>\n<p style=\"font-weight: 400;\">E com muito orgulho, dizemos que cada detalhe foi pensado para elevar sua experi\u00eancia no airsoft, feita com as melhores misturas de pol\u00edmeros e levada ao m\u00e1ximo seu polimento aumentando assim sua qualidade a n\u00edveis superiores aos encontrados hoje no mercado brasileiro.<\/p>\n<p style=\"font-weight: 400;\">A Federaty, com seu time de profissionais, empenho e desenvolvimento tecnol\u00f3gico, traz um produto com muita tecnologia em mat\u00e9rias primas diferenciadas, com m\u00e1ximo polimento em equipamentos de \u00faltima gera\u00e7\u00e3o, al\u00e9m de rigoroso processo de qualidade!<\/p>\n<p style=\"font-weight: 400;\">O resultado deste esfor\u00e7o \u00e9 um produto de qualidade \u00edmpar, conseguimos desenvolver um produto na quantidade certa para suas necessidades no Airsoft.<\/p>\n<p style=\"font-weight: 400;\">A Ammo Box, n\u00e3o \u00e9 apenas mais uma esfera feita para o airsoft, foi idealizada e criada por quem tem a paix\u00e3o de estar nos campos, nos eventos e no universo do airsoft, feita para atender as exig\u00eancias e qualidade de quem anseia por um produto que se adeque a todos os or\u00e7amentos, seja para grandes eventos milsim ou para pequenas partidas de speed ou mesmo em treinamentos profissionais como o force on force.<\/p>\n<p style=\"font-weight: 400;\">O que podemos dizer?<\/p>\n<p style=\"font-weight: 400;\">A AmmoBox \u00e9 a combina\u00e7\u00e3o perfeita da experi\u00eancia com a vontade e a paix\u00e3o pelo airsoft!<\/p>\n<p style=\"font-weight: 400;\">AmmoBox 0,28g: S\u00e3o compostas por mistura de especial de Pol\u00edmeros de base f\u00f3ssil, formando uma massa consistente de alta qualidade com crit\u00e9rio \u201cAA\u201d ou Premium de acordo com a mistura que recebem recebendo o mesmo polimento para DIAMANTES, colocando as em uma nova classe superior de esferas para Airsoft!<\/p>\n<p style=\"font-weight: 400;\">A AmmoBox, tem r\u00edgido controle de qualidade, com m\u00faltiplas etapas de polimento aferindo seu alto desempenho, as BBs \u2013 Ammo Box, passam por processos 100% automatizados e auditados oferecendo a nossos clientes os melhores processos de produ\u00e7\u00e3o com certifica\u00e7\u00e3o de lotes e processos que n\u00e3o afetem sua qualidade, garantindo a alt\u00edssima precis\u00e3o, e polimento para maior efici\u00eancia e maior controle dos disparos ao passar pelo hop-up.<\/p>\n<p style=\"font-weight: 400;\">A escolha de BBs de alta qualidade \u00e9 t\u00e3o importante quanto a escolha dos equipamentos \u201carmas de Airsoft\u201d em que v\u00e3o ser utilizadas!<\/p>\n<p style=\"font-weight: 400;\">Medida: 5.95mm\/+-0.01mm<\/p>\n<p style=\"font-weight: 400;\">Polimento classe diamante<\/p>\n<p style=\"font-weight: 400;\">Pesos dispon\u00edveis: 0.28g\u00a0 = 1 BBs<\/p>\n<p style=\"font-weight: 400;\">Pacote de 560g com 2000 unidades<\/p>\n<p style=\"font-weight: 400;\">Escolha o peso ideal para sua arma de airsoft.<\/p>\n<p style=\"font-weight: 400;\">0.28g ideal para armas de 250 fps at\u00e9 450 fps ideal para:<\/p>\n<p style=\"font-weight: 400;\">Uso especifico em Carabinas ou DMR<\/p>\n<p style=\"font-weight: 400;\">-Assalto<\/p>\n<p style=\"font-weight: 400;\">-PDW<\/p>\n<p style=\"font-weight: 400;\">-SAW<\/p>\n<p style=\"font-weight: 400;\">-Speed Soft<\/p>\n<p style=\"font-weight: 400;\">-Outdoor Day<\/p>\n<p style=\"font-weight: 400;\">-Milsim<\/p>\n<p style=\"font-weight: 400;\">-Force on Force<\/p>\n<p style=\"font-weight: 400;\">-CQB<\/p>\n<p style=\"font-weight: 400;\">-Shotting Play<\/p>\n<p style=\"font-weight: 400;\">-Stands de tiro<\/p>\n<p style=\"font-weight: 400;\">-Treino com Visada<\/p>\n<p style=\"font-weight: 400;\"><b>ATEN\u00c7\u00c3O:\u00a0<\/b>Este produto n\u00e3o \u00e9 indicado para menores de 18 anos<\/p>\n<p style=\"font-weight: 400;\">Fabricado em Taiwan<br \/>\nImportado: por Grupo Feasso Brasil\/Eletr\u00f4nicos<br \/>\nValidade: Indeterminado<br \/>\nComposi\u00e7\u00e3o: PLA\/PP\/PS\/ABS em propor\u00e7\u00e3o para +\/- (Mistura de pol\u00edmeros podendo chegar a 100% de uma \u00fanica parte.)<\/p>\n","protected":false},"excerpt":{"rendered":"<p>JF-BBS28 &#8211; BBS 0,28g AMMOBOX C\/2000 (560g)*Em busca da performance, qualidade, com pre\u00e7os que cabem no seu bolso a Feasso\u00a0apresenta para voc\u00ea player e operador de Airsoft a sua nova linha de BBS! A nova linha de BBS \u201cAmmoBox\u201d foi desenvolvida para operadores experientes e para voc\u00ea que est\u00e1 entrando agora no Airsoft! E com [&#8230;]\n","protected":false},"featured_media":196,"comment_status":"open","ping_status":"closed","template":"","meta":{"_joinchat":[]},"product_cat":[37],"product_tag":[],"class_list":{"0":"post-195","1":"product","2":"type-product","3":"status-publish","4":"has-post-thumbnail","6":"product_cat-esfera-plastica-bbs","8":"first","9":"instock","10":"shipping-taxable","11":"purchasable","12":"product-type-simple"},"jetpack_sharing_enabled":true,"_links":{"self":[{"href":"https:\/\/www.lojafare.com.br\/index.php?rest_route=\/wp\/v2\/product\/195","targetHints":{"allow":["GET"]}}],"collection":[{"href":"https:\/\/www.lojafare.com.br\/index.php?rest_route=\/wp\/v2\/product"}],"about":[{"href":"https:\/\/www.lojafare.com.br\/index.php?rest_route=\/wp\/v2\/types\/product"}],"replies":[{"embeddable":true,"href":"https:\/\/www.lojafare.com.br\/index.php?rest_route=%2Fwp%2Fv2%2Fcomments&post=195"}],"wp:featuredmedia":[{"embeddable":true,"href":"https:\/\/www.lojafare.com.br\/index.php?rest_route=\/wp\/v2\/media\/196"}],"wp:attachment":[{"href":"https:\/\/www.lojafare.com.br\/index.php?rest_route=%2Fwp%2Fv2%2Fmedia&parent=195"}],"wp:term":[{"taxonomy":"product_cat","embeddable":true,"href":"https:\/\/www.lojafare.com.br\/index.php?rest_route=%2Fwp%2Fv2%2Fproduct_cat&post=195"},{"taxonomy":"product_tag","embeddable":true,"href":"https:\/\/www.lojafare.com.br\/index.php?rest_route=%2Fwp%2Fv2%2Fproduct_tag&post=195"}],"curies":[{"name":"wp","href":"https:\/\/api.w.org\/{rel}","templated":true}]}}