{"id":2123,"date":"2024-03-11T10:48:00","date_gmt":"2024-03-11T13:48:00","guid":{"rendered":"https:\/\/www.lojafare.com.br\/?post_type=product&#038;p=2123"},"modified":"2024-03-11T10:48:00","modified_gmt":"2024-03-11T13:48:00","slug":"faca-tatica-sobrevivencia-com-bussola-camuflada","status":"publish","type":"product","link":"https:\/\/www.lojafare.com.br\/?product=faca-tatica-sobrevivencia-com-bussola-camuflada","title":{"rendered":"Faca T\u00e1tica Sobreviv\u00eancia Com Bussola Camuflada"},"content":{"rendered":"<h2 class=\"WjNdTR\">Descri\u00e7\u00e3o Do Produto<\/h2>\n<div class=\"Gf4Ro0\">\n<div class=\"e8lZp3\">\n<p class=\"QN2lPu\">Faca T\u00e1tica Sobreviv\u00eancia Com Bussola Camuflada Militar De Combate<\/p>\n<p class=\"QN2lPu\">L\u00e2mina Inteiri\u00e7a Full Tang Ideal para ca\u00e7a, pesca e camping.<\/p>\n<p class=\"QN2lPu\">Acompanha bainha igual da foto.<\/p>\n<p class=\"QN2lPu\">Medidas aproximadas: faca full tang (Lamina Inteirisa) 33cm L\u00e2mina De corte comprimento &#8211; 21cm L\u00e2mina largura &#8211; 3,5cm Cabo &#8211; 12 cm Espessura &#8211; 2 mm<\/p>\n<\/div>\n<\/div>\n","protected":false},"excerpt":{"rendered":"<p>Descri\u00e7\u00e3o Do Produto Faca T\u00e1tica Sobreviv\u00eancia Com Bussola Camuflada Militar De Combate L\u00e2mina Inteiri\u00e7a Full Tang Ideal para ca\u00e7a, pesca e camping. Acompanha bainha igual da foto. Medidas aproximadas: faca full tang (Lamina Inteirisa) 33cm L\u00e2mina De corte comprimento &#8211; 21cm L\u00e2mina largura &#8211; 3,5cm Cabo &#8211; 12 cm Espessura &#8211; 2 mm<\/p>\n","protected":false},"featured_media":2124,"comment_status":"open","ping_status":"closed","template":"","meta":{"_joinchat":[]},"product_cat":[90],"product_tag":[],"class_list":{"0":"post-2123","1":"product","2":"type-product","3":"status-publish","4":"has-post-thumbnail","6":"product_cat-facas","8":"first","9":"instock","10":"shipping-taxable","11":"purchasable","12":"product-type-simple"},"jetpack_sharing_enabled":true,"_links":{"self":[{"href":"https:\/\/www.lojafare.com.br\/index.php?rest_route=\/wp\/v2\/product\/2123","targetHints":{"allow":["GET"]}}],"collection":[{"href":"https:\/\/www.lojafare.com.br\/index.php?rest_route=\/wp\/v2\/product"}],"about":[{"href":"https:\/\/www.lojafare.com.br\/index.php?rest_route=\/wp\/v2\/types\/product"}],"replies":[{"embeddable":true,"href":"https:\/\/www.lojafare.com.br\/index.php?rest_route=%2Fwp%2Fv2%2Fcomments&post=2123"}],"wp:featuredmedia":[{"embeddable":true,"href":"https:\/\/www.lojafare.com.br\/index.php?rest_route=\/wp\/v2\/media\/2124"}],"wp:attachment":[{"href":"https:\/\/www.lojafare.com.br\/index.php?rest_route=%2Fwp%2Fv2%2Fmedia&parent=2123"}],"wp:term":[{"taxonomy":"product_cat","embeddable":true,"href":"https:\/\/www.lojafare.com.br\/index.php?rest_route=%2Fwp%2Fv2%2Fproduct_cat&post=2123"},{"taxonomy":"product_tag","embeddable":true,"href":"https:\/\/www.lojafare.com.br\/index.php?rest_route=%2Fwp%2Fv2%2Fproduct_tag&post=2123"}],"curies":[{"name":"wp","href":"https:\/\/api.w.org\/{rel}","templated":true}]}}